{"id":23,"date":"2015-07-22T21:05:54","date_gmt":"2015-07-22T20:05:54","guid":{"rendered":"http:\/\/www.studio-yoga-shakti.fr\/?page_id=23"},"modified":"2020-02-20T16:20:06","modified_gmt":"2020-02-20T15:20:06","slug":"liens","status":"publish","type":"page","link":"http:\/\/www.yoga-montpellier.org\/fr_FR\/liens\/","title":{"rendered":"Shakti : Liens"},"content":{"rendered":"<h1 style=\"text-align: center;\"><span style=\"font-size: 14pt;\">Le centre yoga montpellier shakti\u00a0 vous propose une s\u00e9lection de liens Shakti en coh\u00e9rence avec le Yoga.<\/span><\/h1>\n<p><strong>Conception et r\u00e9alisation du site Internet :<br \/>\n<span style=\"color: #993300;\">Eddie Pannel<\/span><\/strong><br \/>\neddie.pannel@gmail.com<br \/>\n+33(0)7 86 43 41 71<\/p>\n<p><span style=\"font-size: 18pt;\"><strong>Liens Shakti :<\/strong><\/span><\/p>\n<p><strong><br \/>\n<\/strong><strong>Gloria Goldberg : Yoga Iyengar, La mesa, San Diego, California :<\/strong><br \/>\n<a href=\"http:\/\/iyengaryogalamesa.com\">http:\/\/iyengaryogalamesa.com<br \/>\n<\/a><br \/>\n<strong>La Graine:<br \/>\n<\/strong><a href=\"https:\/\/lagraine34.org\/\">https:\/\/lagraine34.org\/<\/a><\/p>\n<p><strong> <span style=\"font-size: 12pt;\">Chantal Gomez:<br \/>\n<\/span><\/strong><span style=\"font-size: 12pt;\"><a href=\"https:\/\/fr-fr.facebook.com\/ChantalYoga\/\" target=\"_blank\" rel=\"noopener noreferrer\">https:\/\/fr-fr.facebook.com\/ChantalYoga\/<br \/>\n<\/a><\/span><span style=\"font-size: 18pt;\"><span style=\"font-size: 12pt;\"><a href=\"http:\/\/www.practicayoga.com.mx\/quienes.html\" target=\"_blank\" rel=\"noopener noreferrer\">http:\/\/www.practicayoga.com.mx\/quienes.html<\/a><\/span><strong><span style=\"font-size: 12pt;\"><br \/>\n<\/span><\/strong><\/span><\/p>\n<p><strong><span style=\"font-size: 12pt;\">Fran\u00e7ois Sibertin-Blanc:<\/span><\/strong><br \/>\n<a href=\"https:\/\/www.fsbmusique.com\" target=\"_blank\" rel=\"noopener noreferrer\">https:\/\/www.fsbmusique.com<\/a><\/p>\n<p><strong><span style=\"color: #000000;\"><a style=\"color: #000000;\" href=\"http:\/\/www.la-begude.com\/yoga\/\">Yoga, Teyran.<br \/>\n<\/a><\/span><\/strong><a href=\"http:\/\/www.la-begude.com\/yoga\/\" target=\"_blank\" rel=\"noopener noreferrer\">www.la-begude.com\/yoga\/<\/a><strong><br \/>\n<\/strong><\/p>\n<h2><span style=\"font-size: 12pt;\"><strong>M\u00e9ditation Vipassana :<\/strong><\/span><\/h2>\n<p><span class=\"Apple-style-span\"><i>Dhamma Mahi, <a href=\"http:\/\/www.mahi.dhamma.org\">le centre fran\u00e7ais de m\u00e9ditation Vipassana<\/a> telle qu&rsquo;enseign\u00e9e par S.N. Goenka et ses assistants-enseignants dans la tradition de Sayagyi U Ba Khin.<br \/>\nVipassana\u00a0signifie \u00ab\u00a0voir les choses telles qu&rsquo;elles sont r\u00e9ellement\u00a0\u00bb. C&rsquo;est une des plus anciennes techniques de m\u00e9ditation de l&rsquo;Inde. Elle a \u00e9t\u00e9 enseign\u00e9e en Inde il y a plus de 2500 ans comme un rem\u00e8de universel destin\u00e9 \u00e0 soigner les maux universels<br \/>\n<\/i><\/span> <a href=\"http:\/\/www.mahi.dhamma.org\" target=\"_blank\" rel=\"noopener noreferrer\">www.mahi.dhamma.org<\/a><\/p>\n<p><strong>Massages tha\u00ee et yoga<\/strong><br \/>\n<a href=\"http:\/\/sindhiya-massage.fr\">sindhiya-massage.fr<\/a><\/p>\n<p><strong>Jokat Pandora.<br \/>\n<\/strong><span class=\"Apple-style-span\" style=\"color: #000000;\"><a style=\"color: #000000;\" href=\"http:\/\/www.jokat.net\">Bols tib\u00e9tains et relaxation<br \/>\n<\/a><\/span><a href=\"http:\/\/www.jokat.net\" target=\"_blank\" rel=\"noopener noreferrer\">www.jokat.net<\/a><\/p>\n<p><strong><span style=\"color: #000000;\">Yoga \u00e0 Cazilhac.<br \/>\n<\/span><\/strong><span style=\"color: #000000;\"><a href=\"http:\/\/www.lamaisondupontvieux.com\/\" target=\"_blank\" rel=\"noopener noreferrer\">www.lamaisondupontvieux.com<\/a><\/span><strong><span style=\"color: #000000;\"><br \/>\n<\/span><\/strong><\/p>\n<p><strong><span style=\"color: #000000;\">Marie-Jo\u00eblle REY\/Artisan Graphique.<br \/>\n<\/span><\/strong><span class=\"Apple-style-span\" style=\"color: #000000;\"><a style=\"color: #000000;\" href=\"http:\/\/www.artisangrafik.com\">Conception et cr\u00e9ation graphique sur mesure.<br \/>\n<\/a><\/span>06.08.76.60.40<br \/>\n<a href=\"http:\/\/www.artisangrafik.com\" target=\"_blank\" rel=\"noopener noreferrer\">www.artisangrafik.com<\/a><\/p>\n<p><strong>Soma.<\/strong><br \/>\n<span style=\"color: #000000;\"><a style=\"color: #000000;\" href=\"http:\/\/www.soma-france.org\">Association pour la recherche et la diffusion des pratiques de mouvement somatique<\/a><\/span><br \/>\nBody Mind Centering<br \/>\n<a href=\"http:\/\/www.soma-france.org\" target=\"_blank\" rel=\"noopener noreferrer\">Soma-france.org<\/a><\/p>\n<p><strong>Agn\u00e8s Vinel, somato praticienne.<\/strong><br \/>\n<a href=\"http:\/\/www.somato-praticienne.fr\" target=\"_blank\" rel=\"noopener noreferrer\">www.somato-praticienne.fr<\/a><\/p>\n<p><strong>Education Somatique France.<\/strong><br \/>\nCe site vous pr\u00e9sente l&rsquo;Education Somatique et r\u00e9sume cinq disciplines dont les praticiens travaillent ensemble en France.<br \/>\n<a href=\"http:\/\/www.education-somatique.fr\" target=\"_blank\" rel=\"noopener noreferrer\">http:\/\/www.education-somatique.fr<\/a><\/p>\n<p><strong>celinegayon.<br \/>\n<\/strong><a href=\"http:\/\/shiatsusoin.wixsite.com\/celinegayon\">shiatsusoin.wixsite.com<\/a><strong><a href=\"http:\/\/shiatsusoin.wixsite.com\/celinegayon\">\/<\/a><\/strong><a href=\"http:\/\/shiatsusoin.wixsite.com\/celinegayon\">ce<\/a><a href=\"http:\/\/shiatsusoin.wixsite.com\/celinegayon\">linegayon<\/a><strong><br \/>\n<\/strong><\/p>\n<p><strong><span style=\"font-size: 10pt;\">Sophrologie &amp; Sophro spectacle avec Christel Touret.<\/span><br \/>\n<\/strong> <a href=\"http:\/\/saxodiaz.wix.com\/sophro-spectacle\" target=\"_blank\" rel=\"noopener noreferrer\">http:\/\/saxodiaz.wix.com\/sophro-spectacle<\/a><\/p>\n<p><a href=\"http:\/\/www.mahi.dhamma.org\" target=\"_blank\" rel=\"noopener noreferrer\">\u00a0<\/a><span style=\"color: #000000;\"><strong>Canaldanse<\/strong><\/span><br \/>\n<span class=\"Apple-style-span\" style=\"font-size: 12pt; color: #993300;\">www.<a style=\"color: #993300;\" href=\"http:\/\/canaldanse.com\/\" target=\"_blank\" rel=\"noopener noreferrer\">canaldanse.com<\/a><\/span><\/p>\n<p><strong>Compagnie Singulier Pluriel.<br \/>\n<\/strong><span style=\"color: #993300;\"><a href=\"http:\/\/www.compagniesingulierpluriel.fr\" target=\"_blank\" rel=\"noopener noreferrer\">www.compagniesingulierpluriel.fr<\/a><\/span><\/p>\n<p><strong>-Journ\u00e9es de m\u00e9ditation au couvent du Viala.<\/strong><br \/>\n<a href=\"http:\/\/www.couventduviala.com\" target=\"_blank\" rel=\"noopener noreferrer\">www.couventduviala.com<\/a><\/p>\n<p><strong>Astrollcafe<\/strong><a href=\"http:\/\/astrollcafe.over-blog.com\" target=\"_blank\" rel=\"noopener noreferrer\"><br \/>\nhttp:\/\/astrollcafe.over-blog.com\/<br \/>\n<\/a><\/p>\n<p><strong>Centre de Bien \u00catre La Bulle \u00e0 Ganges .<\/strong><br \/>\n<a href=\"http:\/\/www.labulleganges.fr\/\" target=\"_blank\" rel=\"noopener noreferrer\">www.labulleganges.fr<\/a><\/p>\n<p><strong>Centre de Yoga Iyengar de Montmartre, Sophie Boller.<\/strong><b><br \/>\n<\/b> <a href=\"http:\/\/www.YogaMontmartre.fr\/\" target=\"_blank\" rel=\"noopener noreferrer\">www.YogaMontmartre.fr<\/a><\/p>\n<p><strong>Psychasoc :<br \/>\n<\/strong>Anim\u00e9 par <a href=\"http:\/\/www.psychasoc.com\">Joseph ROUZEL, psychanalyste<\/a>, formateur et superviseur, met au travail la confrontation entre psychanalyse et travail social. C&rsquo;est un espace de r\u00e9flexion, d&rsquo;\u00e9laboration, de partage. Il fait circuler des textes libres, dispose d&rsquo;un forum de discussion, d&rsquo;un kiosque de critiques d&rsquo;ouvrages r\u00e9cents et pr\u00e9sente des propositions de formations en travail social.<br \/>\n<a href=\"http:\/\/www.psychasoc.com\" target=\"_blank\" rel=\"noopener noreferrer\">www.psychasoc.com<\/a><\/p>\n<p><strong>Acharya Shree Shankar &#8211; <a href=\"http:\/\/fr.acharyashreeshankar.org\">International Foundation <\/a>:<br \/>\n<\/strong>Les enseignements non-duels d&rsquo;Acharya Shree Shankar ont \u00e9t\u00e9 compar\u00e9s \u00e0 ceux des premiers ma\u00eetres Zen et des ma\u00eetres de l&rsquo;Advaita Vedanta. Exprimant \u00e0 la fois les possibilit\u00e9s infinies et la simplicit\u00e9 ordinaire d&rsquo;une vie spirituellement r\u00e9alis\u00e9e, les enseignements d&rsquo;Acharya Shree Shankar s&rsquo;adressent \u00e0 ceux qui sont sinc\u00e8rement appel\u00e9s \u00e0 s&rsquo;\u00e9veiller \u00e0 leur vraie nature et incarner cette r\u00e9alisation qui transforme la vie.<br \/>\n<a href=\"http:\/\/fr.acharyashreeshankar.org\/\" target=\"_blank\" rel=\"noopener noreferrer\">fr.acharyashreeshankar.org<\/a><\/p>\n<p><b>Arts somatiques<br \/>\n<\/b><span class=\"Apple-style-span\">L\u2019\u00e9ducation somatique se fonde sur\u00a0l&rsquo;exp\u00e9rience\u00a0directe\u00a0qui part du corps, et s&rsquo;appuie\u00a0sur\u00a0la premi\u00e8re forme d\u2019apprentissage\u00a0de l\u2019\u00eatre humain :\u00a0l\u2019apprentissage sensori-moteur.<br \/>\n<a href=\"http:\/\/www.artssomatiques.com\" target=\"_blank\" rel=\"noopener noreferrer\">www.artssomatiques.com<\/a><\/span><b><br \/>\n<\/b><\/p>\n<p>&nbsp;<\/p>\n","protected":false},"excerpt":{"rendered":"<h1 style=\"text-align: center;\"><span style=\"font-size: 14pt;\">Le centre yoga montpellier shakti\u00a0 vous propose une s\u00e9lection de liens Shakti en coh\u00e9rence avec le Yoga.<\/span><\/h1>\n<p><strong>Conception et r\u00e9alisation du site Internet :<br \/>\n<span style=\"co...\n<\/p>\n","protected":false},"author":1,"featured_media":0,"parent":0,"menu_order":0,"comment_status":"closed","ping_status":"closed","template":"","meta":{"footnotes":""},"yoast_head":"<!-- This site is optimized with the Yoast SEO plugin v15.6.1 - https:\/\/yoast.com\/wordpress\/plugins\/seo\/ -->\n<meta name=\"description\" content=\"Le studio de Yoga Iyengar Shakti \u00e0 Montpellier vous propose une s\u00e9lection de liens en coh\u00e9rence avec le Yoga.\" \/>\n<meta name=\"robots\" content=\"index, follow, max-snippet:-1, max-image-preview:large, max-video-preview:-1\" \/>\n<link rel=\"canonical\" href=\"http:\/\/www.yoga-montpellier.org\/fr_FR\/liens\/\" \/>\n<meta property=\"og:locale\" content=\"fr_FR\" \/>\n<meta property=\"og:type\" content=\"article\" \/>\n<meta property=\"og:title\" content=\"Liens shakti, sites en interactions avec le yoga - montpellier\" \/>\n<meta property=\"og:description\" content=\"Le studio de Yoga Iyengar Shakti \u00e0 Montpellier vous propose une s\u00e9lection de liens en coh\u00e9rence avec le Yoga.\" \/>\n<meta property=\"og:url\" content=\"http:\/\/www.yoga-montpellier.org\/fr_FR\/liens\/\" \/>\n<meta property=\"og:site_name\" content=\"yoga montpellier iyengar\" \/>\n<meta property=\"article:publisher\" content=\"https:\/\/www.facebook.com\/SHAKTI-STUDIO-DE-YOGA-IYENGAR-118107854966229\/?fref=nf\" \/>\n<meta property=\"article:modified_time\" content=\"2020-02-20T15:20:06+00:00\" \/>\n<meta name=\"twitter:card\" content=\"summary\" \/>\n<meta name=\"twitter:label1\" content=\"Dur\u00e9e de lecture est.\">\n\t<meta name=\"twitter:data1\" content=\"2 minutes\">\n<script type=\"application\/ld+json\" class=\"yoast-schema-graph\">{\"@context\":\"https:\/\/schema.org\",\"@graph\":[{\"@type\":\"WebSite\",\"@id\":\"http:\/\/www.yoga-montpellier.org\/fr_FR\/#website\",\"url\":\"http:\/\/www.yoga-montpellier.org\/fr_FR\/\",\"name\":\"yoga montpellier iyengar\",\"description\":\"\",\"potentialAction\":[{\"@type\":\"SearchAction\",\"target\":\"http:\/\/www.yoga-montpellier.org\/fr_FR\/?s={search_term_string}\",\"query-input\":\"required name=search_term_string\"}],\"inLanguage\":\"fr-FR\"},{\"@type\":\"WebPage\",\"@id\":\"http:\/\/www.yoga-montpellier.org\/fr_FR\/liens\/#webpage\",\"url\":\"http:\/\/www.yoga-montpellier.org\/fr_FR\/liens\/\",\"name\":\"Liens shakti, sites en interactions avec le yoga - montpellier\",\"isPartOf\":{\"@id\":\"http:\/\/www.yoga-montpellier.org\/fr_FR\/#website\"},\"datePublished\":\"2015-07-22T20:05:54+00:00\",\"dateModified\":\"2020-02-20T15:20:06+00:00\",\"description\":\"Le studio de Yoga Iyengar Shakti \\u00e0 Montpellier vous propose une s\\u00e9lection de liens en coh\\u00e9rence avec le Yoga.\",\"inLanguage\":\"fr-FR\",\"potentialAction\":[{\"@type\":\"ReadAction\",\"target\":[\"http:\/\/www.yoga-montpellier.org\/fr_FR\/liens\/\"]}]}]}<\/script>\n<!-- \/ Yoast SEO plugin. -->","_links":{"self":[{"href":"http:\/\/www.yoga-montpellier.org\/fr_FR\/wp-json\/wp\/v2\/pages\/23"}],"collection":[{"href":"http:\/\/www.yoga-montpellier.org\/fr_FR\/wp-json\/wp\/v2\/pages"}],"about":[{"href":"http:\/\/www.yoga-montpellier.org\/fr_FR\/wp-json\/wp\/v2\/types\/page"}],"author":[{"embeddable":true,"href":"http:\/\/www.yoga-montpellier.org\/fr_FR\/wp-json\/wp\/v2\/users\/1"}],"replies":[{"embeddable":true,"href":"http:\/\/www.yoga-montpellier.org\/fr_FR\/wp-json\/wp\/v2\/comments?post=23"}],"version-history":[{"count":62,"href":"http:\/\/www.yoga-montpellier.org\/fr_FR\/wp-json\/wp\/v2\/pages\/23\/revisions"}],"predecessor-version":[{"id":1972,"href":"http:\/\/www.yoga-montpellier.org\/fr_FR\/wp-json\/wp\/v2\/pages\/23\/revisions\/1972"}],"wp:attachment":[{"href":"http:\/\/www.yoga-montpellier.org\/fr_FR\/wp-json\/wp\/v2\/media?parent=23"}],"curies":[{"name":"wp","href":"https:\/\/api.w.org\/{rel}","templated":true}]}}