{"id":21,"date":"2015-07-22T21:05:11","date_gmt":"2015-07-22T20:05:11","guid":{"rendered":"http:\/\/www.studio-yoga-shakti.fr\/?page_id=21"},"modified":"2023-09-03T20:57:14","modified_gmt":"2023-09-03T19:57:14","slug":"tarifs","status":"publish","type":"page","link":"http:\/\/www.yoga-montpellier.org\/fr_FR\/tarifs\/","title":{"rendered":"Tarifs Shakti"},"content":{"rendered":"<blockquote>\n<h1><span style=\"font-size: 18pt;\">Tarifs Yoga Studio Shakti<\/span><\/h1>\n<\/blockquote>\n<h2><span style=\"font-size: 12pt;\">Une adh\u00e9sion ( 29\u20ac de septembre \u00e0 septembre ) est requise \u00a0pour l&rsquo;accession aux cours de Yoga Iyengar du studio Shakti \u00e0 Montpellier.<\/span><\/h2>\n<p>&nbsp;<\/p>\n<p><span style=\"font-size: 14pt;\"><strong>Tous les cours sont accessibles en direct via Zoom par lien unique. 5\u20ac le cours : payable par virement.<\/strong><\/span><\/p>\n<p><a href=\"https:\/\/us02web.zoom.us\/j\/86025973530?pwd=S2RzVXpxc1RUbHNGRG5OUzRpZ0NKUT09\">https:\/\/us02web.zoom.us\/j\/86025973530?pwd=S2RzVXpxc1RUbHNGRG5OUzRpZ0NKUT09<\/a><\/p>\n<p><strong>&#8230; Et par QR code<\/strong><\/p>\n<figure id=\"attachment_2253\" aria-describedby=\"caption-attachment-2253\" style=\"width: 201px\" class=\"wp-caption alignnone\"><a href=\"http:\/\/www.yoga-montpellier.org\/wp-content\/uploads\/2023\/09\/qr-code.png\"><img loading=\"lazy\" decoding=\"async\" class=\" wp-image-2253\" src=\"http:\/\/www.yoga-montpellier.org\/wp-content\/uploads\/2023\/09\/qr-code.png\" alt=\"\" width=\"201\" height=\"201\" srcset=\"http:\/\/www.yoga-montpellier.org\/wp-content\/uploads\/2023\/09\/qr-code.png 1148w, http:\/\/www.yoga-montpellier.org\/wp-content\/uploads\/2023\/09\/qr-code-300x300.png 300w, http:\/\/www.yoga-montpellier.org\/wp-content\/uploads\/2023\/09\/qr-code-1024x1024.png 1024w, http:\/\/www.yoga-montpellier.org\/wp-content\/uploads\/2023\/09\/qr-code-70x70.png 70w, http:\/\/www.yoga-montpellier.org\/wp-content\/uploads\/2023\/09\/qr-code-768x768.png 768w\" sizes=\"(max-width: 201px) 100vw, 201px\" \/><\/a><figcaption id=\"caption-attachment-2253\" class=\"wp-caption-text\">QR code acc\u00e8s cours par Zoom<\/figcaption><\/figure>\n<p>&nbsp;<\/p>\n<p><strong><span style=\"font-size: 18pt;\">Les cours au Studio Shakti :<\/span><\/strong><\/p>\n<p><span style=\"font-size: 14pt;\"><b>Adh\u00e9sion :\u00a0<\/b>( 29\u20ac de septembre \u00e0 septembre )<\/span><\/p>\n<p><span style=\"font-size: 14pt;\"><strong>Cours d&rsquo;essai :<\/strong> 10\u20ac<\/span><\/p>\n<h3><span style=\"font-size: 14pt;\"><strong>Tarif \u00e0 la carte :<\/strong><\/span><\/h3>\n<table style=\"border-collapse: collapse; width: 100%;\">\n<tbody>\n<tr>\n<td style=\"width: 20%;\"><\/td>\n<td style=\"width: 20%; text-align: center;\"><strong>Normal<\/strong><\/td>\n<td style=\"width: 20%; text-align: center;\"><strong>ch\u00f4meurs<\/strong><\/td>\n<td style=\"width: 20%; text-align: center;\"><strong>moins de 25 ans<\/strong><\/td>\n<td style=\"width: 20%; text-align: center;\"><strong>Retrait\u00e9s<\/strong><\/td>\n<\/tr>\n<tr>\n<td style=\"width: 20%;\"><strong>Cours \u00e0 l&rsquo;unit\u00e9<\/strong><\/td>\n<td style=\"width: 20%; text-align: center;\"><strong>15\u20ac<\/strong><\/td>\n<td style=\"width: 20%; text-align: center;\"><strong>10\u20ac<\/strong><\/td>\n<td style=\"width: 20%; text-align: center;\"><strong>10\u20ac<\/strong><\/td>\n<td style=\"width: 20%; text-align: center;\"><strong>10\u20ac<\/strong><\/td>\n<\/tr>\n<tr>\n<td style=\"width: 20%;\"><strong>Carte 4 cours<\/strong><\/td>\n<td style=\"width: 20%; text-align: center;\"><strong>60\u20ac<\/strong><\/td>\n<td style=\"width: 20%; text-align: center;\"><strong>50\u20ac<\/strong><\/td>\n<td style=\"width: 20%; text-align: center;\"><strong>30\u20ac<\/strong><\/td>\n<td style=\"width: 20%; text-align: center;\"><strong>39\u20ac<\/strong><\/td>\n<\/tr>\n<tr>\n<td style=\"width: 20%;\"><strong>Carte 8 cours<\/strong><\/td>\n<td style=\"width: 20%; text-align: center;\"><strong>110\u20ac<\/strong><\/td>\n<td style=\"width: 20%; text-align: center;\"><strong>90\u20ac<\/strong><\/td>\n<td style=\"width: 20%; text-align: center;\"><strong>55\u20ac<\/strong><\/td>\n<td style=\"width: 20%; text-align: center;\"><strong>71\u20ac<\/strong><\/td>\n<\/tr>\n<\/tbody>\n<\/table>\n<h4><span style=\"font-size: 14pt;\">Carte danseurs professionnels : 10 cours 70,00\u20ac<\/span><\/h4>\n<p>&nbsp;<\/p>\n<h4><span style=\"font-size: 14pt;\"><b>Abonnement au Trimestre :<\/b><\/span><\/h4>\n<table style=\"border-collapse: collapse; width: 100%;\">\n<tbody>\n<tr>\n<td style=\"width: 20%;\"><\/td>\n<td style=\"width: 20%; text-align: center;\"><strong>Normal<\/strong><\/td>\n<td style=\"width: 20%; text-align: center;\"><strong>ch\u00f4meurs<\/strong><\/td>\n<td style=\"width: 20%; text-align: center;\"><strong>moins de 25 ans<\/strong><\/td>\n<td style=\"width: 20%; text-align: center;\"><strong>Retrait\u00e9s<\/strong><\/td>\n<\/tr>\n<tr>\n<td style=\"width: 20%;\"><strong>1 cours\/semaine<\/strong><\/td>\n<td style=\"width: 20%; text-align: center;\"><strong>130\u20ac<\/strong><\/td>\n<td style=\"width: 20%; text-align: center;\"><strong>108\u20ac<\/strong><\/td>\n<td style=\"width: 20%; text-align: center;\"><strong>75\u20ac<\/strong><\/td>\n<td style=\"width: 20%; text-align: center;\"><strong>91\u20ac<\/strong><\/td>\n<\/tr>\n<tr>\n<td style=\"width: 20%;\"><strong>2 cours\/semaine<\/strong><\/td>\n<td style=\"width: 20%; text-align: center;\"><strong>213\u20ac<\/strong><\/td>\n<td style=\"width: 20%; text-align: center;\"><strong>177\u20ac<\/strong><\/td>\n<td style=\"width: 20%; text-align: center;\"><strong>107\u20ac<\/strong><\/td>\n<td style=\"width: 20%; text-align: center;\"><strong>138\u20ac<\/strong><\/td>\n<\/tr>\n<tr>\n<td style=\"width: 20%;\"><strong>Forfait illimit\u00e9<\/strong><\/td>\n<td style=\"width: 20%; text-align: center;\"><strong>267\u20ac<\/strong><\/td>\n<td style=\"width: 20%; text-align: center;\"><strong>222\u20ac<\/strong><\/td>\n<td style=\"width: 20%; text-align: center;\"><strong>134\u20ac<\/strong><\/td>\n<td style=\"width: 20%; text-align: center;\"><strong>174<\/strong><\/td>\n<\/tr>\n<\/tbody>\n<\/table>\n<p>&nbsp;<\/p>\n<h4><\/h4>\n<h5><span style=\"font-size: 14pt;\"><b>Abonnement \u00e0 l&rsquo;ann\u00e9e :<\/b><\/span><\/h5>\n<table style=\"border-collapse: collapse; width: 100%;\">\n<tbody>\n<tr>\n<td style=\"width: 20%;\"><\/td>\n<td style=\"width: 20%; text-align: center;\"><strong>Normal<\/strong><\/td>\n<td style=\"width: 20%; text-align: center;\"><strong>ch\u00f4meurs<\/strong><\/td>\n<td style=\"width: 20%; text-align: center;\"><strong>moins de 25 ans<\/strong><\/td>\n<td style=\"width: 20%; text-align: center;\"><strong>Retrait\u00e9s<\/strong><\/td>\n<\/tr>\n<tr>\n<td style=\"width: 20%;\"><strong>1 cours\/semaine<\/strong><\/td>\n<td style=\"width: 20%; text-align: center;\"><strong>389\u20ac<\/strong><\/td>\n<td style=\"width: 20%; text-align: center;\"><strong>324\u20ac<\/strong><\/td>\n<td style=\"width: 20%; text-align: center;\"><strong>195\u20ac<\/strong><\/td>\n<td style=\"width: 20%; text-align: center;\"><strong>253\u20ac<\/strong><\/td>\n<\/tr>\n<tr>\n<td style=\"width: 20%;\"><strong>2 cours\/semaine<\/strong><\/td>\n<td style=\"width: 20%; text-align: center;\"><strong>624\u20ac<\/strong><\/td>\n<td style=\"width: 20%; text-align: center;\"><strong>519\u20ac<\/strong><\/td>\n<td style=\"width: 20%; text-align: center;\"><strong>312\u20ac<\/strong><\/td>\n<td style=\"width: 20%; text-align: center;\"><strong>406\u20ac<\/strong><\/td>\n<\/tr>\n<tr>\n<td style=\"width: 20%;\"><strong>Forfait illimit\u00e9<\/strong><\/td>\n<td style=\"width: 20%; text-align: center;\"><strong>854\u20ac<\/strong><\/td>\n<td style=\"width: 20%; text-align: center;\"><strong>711\u20ac<\/strong><\/td>\n<td style=\"width: 20%; text-align: center;\"><strong>427\u20ac<\/strong><\/td>\n<td style=\"width: 20%; text-align: center;\"><strong>555\u20ac<\/strong><\/td>\n<\/tr>\n<\/tbody>\n<\/table>\n<div class=\"mceTemp\"><\/div>\n<p><span style=\"color: #ff6600;\"><strong><span style=\"color: #000000;\">-HORAIRES:<\/span> <a href=\"http:\/\/www.yoga-montpellier.org\/fr_FR\/horaires\/\">cliquez\u00a0<\/a><\/strong><\/span><\/p>\n","protected":false},"excerpt":{"rendered":"<blockquote>\n<h1><span style=\"font-size: 18pt;\">Tarifs Yoga Studio Shakti<\/span><\/h1>\n<\/blockquote>\n<h2><span style=\"font-size: 12pt;\">Une adh\u00e9sion ( 29\u20ac de septembre \u00e0 septembre ) est requise \u00a0pour l&rsquo;accession aux cours de Yoga Iyengar du studio &#8230;<\/p>\n","protected":false},"author":1,"featured_media":0,"parent":0,"menu_order":0,"comment_status":"closed","ping_status":"closed","template":"","meta":{"footnotes":""},"yoast_head":"<!-- This site is optimized with the Yoast SEO plugin v15.6.1 - https:\/\/yoast.com\/wordpress\/plugins\/seo\/ -->\n<meta name=\"description\" content=\"Des formules \u00e0 la carte, au trimestre ou pour toute une ann\u00e9e, sont propos\u00e9es au studio de Yoga Iyengar Shakti \u00e0 Montpellier, Tarifs yoga 2016.\" \/>\n<meta name=\"robots\" content=\"index, follow, max-snippet:-1, max-image-preview:large, max-video-preview:-1\" \/>\n<link rel=\"canonical\" href=\"https:\/\/www.yoga-montpellier.org\/tarifs\/\" \/>\n<meta property=\"og:locale\" content=\"fr_FR\" \/>\n<meta property=\"og:type\" content=\"article\" \/>\n<meta property=\"og:title\" content=\"tarifs yoga montpellier shakti, \u00e0 la carte, au trimestre ou \u00e0 l&#039;ann\u00e9e\" \/>\n<meta property=\"og:description\" content=\"Des formules \u00e0 la carte, au trimestre ou pour toute une ann\u00e9e, sont propos\u00e9es au studio de Yoga Iyengar Shakti \u00e0 Montpellier, Tarifs yoga 2016.\" \/>\n<meta property=\"og:url\" content=\"https:\/\/www.yoga-montpellier.org\/tarifs\/\" \/>\n<meta property=\"og:site_name\" content=\"yoga montpellier iyengar\" \/>\n<meta property=\"article:publisher\" content=\"https:\/\/www.facebook.com\/SHAKTI-STUDIO-DE-YOGA-IYENGAR-118107854966229\/?fref=nf\" \/>\n<meta property=\"article:modified_time\" content=\"2023-09-03T19:57:14+00:00\" \/>\n<meta property=\"og:image\" content=\"http:\/\/www.yoga-montpellier.org\/wp-content\/uploads\/2023\/09\/qr-code.png\" \/>\n<meta name=\"twitter:card\" content=\"summary\" \/>\n<meta name=\"twitter:label1\" content=\"Dur\u00e9e de lecture est.\">\n\t<meta name=\"twitter:data1\" content=\"1 minute\">\n<script type=\"application\/ld+json\" class=\"yoast-schema-graph\">{\"@context\":\"https:\/\/schema.org\",\"@graph\":[{\"@type\":\"WebSite\",\"@id\":\"http:\/\/www.yoga-montpellier.org\/fr_FR\/#website\",\"url\":\"http:\/\/www.yoga-montpellier.org\/fr_FR\/\",\"name\":\"yoga montpellier iyengar\",\"description\":\"\",\"potentialAction\":[{\"@type\":\"SearchAction\",\"target\":\"http:\/\/www.yoga-montpellier.org\/fr_FR\/?s={search_term_string}\",\"query-input\":\"required name=search_term_string\"}],\"inLanguage\":\"fr-FR\"},{\"@type\":\"ImageObject\",\"@id\":\"https:\/\/www.yoga-montpellier.org\/tarifs\/#primaryimage\",\"inLanguage\":\"fr-FR\",\"url\":\"http:\/\/www.yoga-montpellier.org\/wp-content\/uploads\/2023\/09\/qr-code.png\",\"width\":1148,\"height\":1148,\"caption\":\"QR code acc\\u00e8s cours par Zoom\"},{\"@type\":\"WebPage\",\"@id\":\"https:\/\/www.yoga-montpellier.org\/tarifs\/#webpage\",\"url\":\"https:\/\/www.yoga-montpellier.org\/tarifs\/\",\"name\":\"tarifs yoga montpellier shakti, \\u00e0 la carte, au trimestre ou \\u00e0 l'ann\\u00e9e\",\"isPartOf\":{\"@id\":\"http:\/\/www.yoga-montpellier.org\/fr_FR\/#website\"},\"primaryImageOfPage\":{\"@id\":\"https:\/\/www.yoga-montpellier.org\/tarifs\/#primaryimage\"},\"datePublished\":\"2015-07-22T20:05:11+00:00\",\"dateModified\":\"2023-09-03T19:57:14+00:00\",\"description\":\"Des formules \\u00e0 la carte, au trimestre ou pour toute une ann\\u00e9e, sont propos\\u00e9es au studio de Yoga Iyengar Shakti \\u00e0 Montpellier, Tarifs yoga 2016.\",\"inLanguage\":\"fr-FR\",\"potentialAction\":[{\"@type\":\"ReadAction\",\"target\":[\"https:\/\/www.yoga-montpellier.org\/tarifs\/\"]}]}]}<\/script>\n<!-- \/ Yoast SEO plugin. -->","_links":{"self":[{"href":"http:\/\/www.yoga-montpellier.org\/fr_FR\/wp-json\/wp\/v2\/pages\/21"}],"collection":[{"href":"http:\/\/www.yoga-montpellier.org\/fr_FR\/wp-json\/wp\/v2\/pages"}],"about":[{"href":"http:\/\/www.yoga-montpellier.org\/fr_FR\/wp-json\/wp\/v2\/types\/page"}],"author":[{"embeddable":true,"href":"http:\/\/www.yoga-montpellier.org\/fr_FR\/wp-json\/wp\/v2\/users\/1"}],"replies":[{"embeddable":true,"href":"http:\/\/www.yoga-montpellier.org\/fr_FR\/wp-json\/wp\/v2\/comments?post=21"}],"version-history":[{"count":33,"href":"http:\/\/www.yoga-montpellier.org\/fr_FR\/wp-json\/wp\/v2\/pages\/21\/revisions"}],"predecessor-version":[{"id":2262,"href":"http:\/\/www.yoga-montpellier.org\/fr_FR\/wp-json\/wp\/v2\/pages\/21\/revisions\/2262"}],"wp:attachment":[{"href":"http:\/\/www.yoga-montpellier.org\/fr_FR\/wp-json\/wp\/v2\/media?parent=21"}],"curies":[{"name":"wp","href":"https:\/\/api.w.org\/{rel}","templated":true}]}}