{"id":2074,"date":"2020-02-26T17:33:54","date_gmt":"2020-02-26T16:33:54","guid":{"rendered":"http:\/\/www.yoga-montpellier.org\/?page_id=2074"},"modified":"2020-02-27T18:11:36","modified_gmt":"2020-02-27T17:11:36","slug":"postures-de-recuperation-du-jeu-de-cartes-yoga-happy-families","status":"publish","type":"page","link":"http:\/\/www.yoga-montpellier.org\/fr_FR\/postures-de-recuperation-du-jeu-de-cartes-yoga-happy-families\/","title":{"rendered":"Postures de r\u00e9cup\u00e9ration du jeu de cartes \"yoga happy families\""},"content":{"rendered":"<h1 style=\"text-align: center;\"><span style=\"font-size: 24pt;\">\u00a0FAMILLE POSTURES DE R\u00c9CUP\u00c9RATION<\/span><\/h1>\n<p>&nbsp;<\/p>\n<p style=\"text-align: center;\"><a href=\"http:\/\/www.yoga-montpellier.org\/wp-content\/uploads\/2020\/02\/Capture-d\u2019\u00e9cran-2020-02-26-\u00e0-17.21.54.png\"><img loading=\"lazy\" decoding=\"async\" class=\"alignnone size-full wp-image-2067\" src=\"http:\/\/www.yoga-montpellier.org\/wp-content\/uploads\/2020\/02\/Capture-d\u2019\u00e9cran-2020-02-26-\u00e0-17.21.54.png\" alt=\"\" width=\"314\" height=\"549\" srcset=\"http:\/\/www.yoga-montpellier.org\/wp-content\/uploads\/2020\/02\/Capture-d\u2019\u00e9cran-2020-02-26-\u00e0-17.21.54.png 314w, http:\/\/www.yoga-montpellier.org\/wp-content\/uploads\/2020\/02\/Capture-d\u2019\u00e9cran-2020-02-26-\u00e0-17.21.54-172x300.png 172w, http:\/\/www.yoga-montpellier.org\/wp-content\/uploads\/2020\/02\/Capture-d\u2019\u00e9cran-2020-02-26-\u00e0-17.21.54-40x70.png 40w\" sizes=\"(max-width: 314px) 100vw, 314px\" \/><\/a><\/p>\n<p style=\"text-align: center;\">Dans la famille des postures de r\u00e9cup\u00e9ration,<br \/>\nles 6 Asanas sont d\u00e9clin\u00e9s selon le m\u00eame mode.<\/p>\n<p>&nbsp;<\/p>\n<p style=\"text-align: center;\"><a href=\"http:\/\/www.yoga-montpellier.org\/wp-content\/uploads\/2016\/10\/trait-fin-rouge.jpg\"><img loading=\"lazy\" decoding=\"async\" class=\"alignnone size-full wp-image-1511\" src=\"http:\/\/www.yoga-montpellier.org\/wp-content\/uploads\/2016\/10\/trait-fin-rouge.jpg\" alt=\"\" width=\"439\" height=\"7\" srcset=\"http:\/\/www.yoga-montpellier.org\/wp-content\/uploads\/2016\/10\/trait-fin-rouge.jpg 439w, http:\/\/www.yoga-montpellier.org\/wp-content\/uploads\/2016\/10\/trait-fin-rouge-70x1.jpg 70w, http:\/\/www.yoga-montpellier.org\/wp-content\/uploads\/2016\/10\/trait-fin-rouge-300x5.jpg 300w\" sizes=\"(max-width: 439px) 100vw, 439px\" \/><\/a><\/p>\n<p>&nbsp;<\/p>\n<p style=\"text-align: center;\"><a href=\"http:\/\/www.yoga-montpellier.org\/wp-content\/uploads\/2020\/02\/Capture-d\u2019\u00e9cran-2020-02-26-\u00e0-17.22.14.png\"><img loading=\"lazy\" decoding=\"async\" class=\"alignnone size-full wp-image-2068\" src=\"http:\/\/www.yoga-montpellier.org\/wp-content\/uploads\/2020\/02\/Capture-d\u2019\u00e9cran-2020-02-26-\u00e0-17.22.14.png\" alt=\"\" width=\"239\" height=\"341\" srcset=\"http:\/\/www.yoga-montpellier.org\/wp-content\/uploads\/2020\/02\/Capture-d\u2019\u00e9cran-2020-02-26-\u00e0-17.22.14.png 239w, http:\/\/www.yoga-montpellier.org\/wp-content\/uploads\/2020\/02\/Capture-d\u2019\u00e9cran-2020-02-26-\u00e0-17.22.14-210x300.png 210w, http:\/\/www.yoga-montpellier.org\/wp-content\/uploads\/2020\/02\/Capture-d\u2019\u00e9cran-2020-02-26-\u00e0-17.22.14-49x70.png 49w\" sizes=\"(max-width: 239px) 100vw, 239px\" \/><\/a><\/p>\n<h2 style=\"text-align: center;\"><span style=\"font-size: 18pt;\">\u015air\u1e63\u0101sana on the rope<\/span><\/h2>\n<p>Voir posture classique<b> S\u0101lamba \u015air\u1e63\u0101sana<br \/>\n<\/b># 74, photos 176\/218, page 134 ( \u00abLumi\u00e8re sur le Yoga\u00bb. BKS Iyengar. Buchet\/Chastel ).<br \/>\n# 74, photos 176\/218, page 202 ( \u00abBible du Yoga\u00bb. BKS Iyengar. J\u2019ai lu\/Flammarion ).<br \/>\n# 38, photos 69 \/ 70, page 165 ( \u00abYoga Joyau de la femme\u00bb. Gita. S Iyengar. Buchet\/Chastel ).<\/p>\n<p><b>Hanging <\/b>: de l\u2019anglais \u00ab To hang\u00bb, pendre.<br \/>\n<b>\u015air\u1e63a <\/b>: La t\u00eate.<\/p>\n<p>Il s\u2019agit de <b>\u015air\u1e63\u0101sana<\/b>, la posture sur la t\u00eate, mais suspendu dans des cordes.<\/p>\n<p>&nbsp;<\/p>\n<p style=\"text-align: center;\"><a href=\"http:\/\/www.yoga-montpellier.org\/wp-content\/uploads\/2016\/10\/trait-fin-rouge.jpg\"><img loading=\"lazy\" decoding=\"async\" class=\"alignnone size-full wp-image-1511\" src=\"http:\/\/www.yoga-montpellier.org\/wp-content\/uploads\/2016\/10\/trait-fin-rouge.jpg\" alt=\"\" width=\"439\" height=\"7\" srcset=\"http:\/\/www.yoga-montpellier.org\/wp-content\/uploads\/2016\/10\/trait-fin-rouge.jpg 439w, http:\/\/www.yoga-montpellier.org\/wp-content\/uploads\/2016\/10\/trait-fin-rouge-70x1.jpg 70w, http:\/\/www.yoga-montpellier.org\/wp-content\/uploads\/2016\/10\/trait-fin-rouge-300x5.jpg 300w\" sizes=\"(max-width: 439px) 100vw, 439px\" \/><\/a><\/p>\n<p>&nbsp;<\/p>\n<p style=\"text-align: center;\"><a href=\"http:\/\/www.yoga-montpellier.org\/wp-content\/uploads\/2020\/02\/Capture-d\u2019\u00e9cran-2020-02-26-\u00e0-17.22.29.png\"><img loading=\"lazy\" decoding=\"async\" class=\"alignnone size-full wp-image-2069\" src=\"http:\/\/www.yoga-montpellier.org\/wp-content\/uploads\/2020\/02\/Capture-d\u2019\u00e9cran-2020-02-26-\u00e0-17.22.29.png\" alt=\"\" width=\"292\" height=\"293\" srcset=\"http:\/\/www.yoga-montpellier.org\/wp-content\/uploads\/2020\/02\/Capture-d\u2019\u00e9cran-2020-02-26-\u00e0-17.22.29.png 292w, http:\/\/www.yoga-montpellier.org\/wp-content\/uploads\/2020\/02\/Capture-d\u2019\u00e9cran-2020-02-26-\u00e0-17.22.29-70x70.png 70w\" sizes=\"(max-width: 292px) 100vw, 292px\" \/><\/a><\/p>\n<h3 style=\"text-align: center;\"><span style=\"font-size: 18pt;\">\u016ardhva pras\u0101rita p\u0101d\u0101sana<\/span><\/h3>\n<p># 106, photos 276\/279, page 179 (\u00abLumi\u00e8re sur le Yoga\u00bb. BKS Iyengar. Buchet\/Chastel ).<br \/>\n# 106, photos 276\/279, page 266 (\u00abBible du Yoga\u00bb. BKS Iyengar. J\u2019ai lu\/Flammarion ).<br \/>\n# 58, photos 107 \u00e0 109, page 207 (\u00abYoga Joyau de la femme\u00bb. Gita. S Iyengar. Buchet\/Chastel ).<\/p>\n<p>&#8230;Mais jambes contre un mur et bras \u00aben chandelier\u00bb, coudes au niveau des \u00e9paules.<\/p>\n<p><b>\u016ardhva <\/b>: Vers le haut<b>, <\/b>angle droit.<br \/>\n<b>Pr\u0101sarita <\/b>: \u00c9tir\u00e9.<br \/>\n<b>P\u0101da<\/b> : Pied.<\/p>\n<p>&nbsp;<\/p>\n<p style=\"text-align: center;\"><a href=\"http:\/\/www.yoga-montpellier.org\/wp-content\/uploads\/2016\/10\/trait-fin-rouge.jpg\"><img loading=\"lazy\" decoding=\"async\" class=\"alignnone size-full wp-image-1511\" src=\"http:\/\/www.yoga-montpellier.org\/wp-content\/uploads\/2016\/10\/trait-fin-rouge.jpg\" alt=\"\" width=\"439\" height=\"7\" srcset=\"http:\/\/www.yoga-montpellier.org\/wp-content\/uploads\/2016\/10\/trait-fin-rouge.jpg 439w, http:\/\/www.yoga-montpellier.org\/wp-content\/uploads\/2016\/10\/trait-fin-rouge-70x1.jpg 70w, http:\/\/www.yoga-montpellier.org\/wp-content\/uploads\/2016\/10\/trait-fin-rouge-300x5.jpg 300w\" sizes=\"(max-width: 439px) 100vw, 439px\" \/><\/a><\/p>\n<p>&nbsp;<\/p>\n<p style=\"text-align: center;\"><a href=\"http:\/\/www.yoga-montpellier.org\/wp-content\/uploads\/2020\/02\/Capture-d\u2019\u00e9cran-2020-02-26-\u00e0-17.22.47.png\"><img loading=\"lazy\" decoding=\"async\" class=\"alignnone size-full wp-image-2070\" src=\"http:\/\/www.yoga-montpellier.org\/wp-content\/uploads\/2020\/02\/Capture-d\u2019\u00e9cran-2020-02-26-\u00e0-17.22.47.png\" alt=\"\" width=\"439\" height=\"101\" srcset=\"http:\/\/www.yoga-montpellier.org\/wp-content\/uploads\/2020\/02\/Capture-d\u2019\u00e9cran-2020-02-26-\u00e0-17.22.47.png 439w, http:\/\/www.yoga-montpellier.org\/wp-content\/uploads\/2020\/02\/Capture-d\u2019\u00e9cran-2020-02-26-\u00e0-17.22.47-300x69.png 300w, http:\/\/www.yoga-montpellier.org\/wp-content\/uploads\/2020\/02\/Capture-d\u2019\u00e9cran-2020-02-26-\u00e0-17.22.47-70x16.png 70w\" sizes=\"(max-width: 439px) 100vw, 439px\" \/><\/a><\/p>\n<h4 style=\"text-align: center;\"><span style=\"font-size: 18pt;\">\u015aav\u0101sana\/M\u1e5bt\u0101sana<\/span><\/h4>\n<p># 200, photo 592, page 313 ( \u00ab Lumi\u00e8re sur le Yoga \u00bb. BKS Iyengar. Buchet\/Chastel ).<br \/>\n# 200, photo 592, page 443 ( \u00ab Bible du Yoga \u00bb. BKS Iyengar. J\u2019ai lu\/Flammarion ).<br \/>\n# 212, page 304 ( \u00ab Yoga joyau de la femme \u00bb. Gita Iyengar. Buchet\/Chastel ).<br \/>\n&#8211; Page 150\/151 (\u00abLe Yoga selon Iyengar\u00bb, Silva, Mira &amp; Shyam Mehta. Solar ).<br \/>\n&#8211; Photos 151\/190 ( \u00ab Light on Pranayama \u00bb BKS. Iyengar ).<\/p>\n<p><b>\u015aava<\/b>, ou<b> M\u1e5bt\u0101 <\/b>: Cadavre.<\/p>\n<p><strong>Quel est donc ce \u00abcadavre\u00bb qui nous est propos\u00e9 r\u00e9guli\u00e8rement <\/strong><br \/>\n<strong>en fin de chaque s\u00e9ance de Yoga ?\u00a0<\/strong><\/p>\n<p>Dans chaque posture, un \u00e9l\u00e9ment est favoris\u00e9, \u00abaugment\u00e9\u00bb. Cet \u00e9l\u00e9ment ( eau, terre, etc. ) est en relation avec l\u2019un des principaux chakras.<\/p>\n<p>Certains <b>Asana<\/b> seront naturellement typ\u00e9s, color\u00e9s ( les \u00e9tirements vers l\u2019arri\u00e8re \u00abaugmentent\u00bb<span class=\"Apple-converted-space\">\u00a0 <\/span>le feu), mais la pratique d\u2019une m\u00eame posture ( par exemple <b>Utthita Trikonasana<\/b> ) peut \u00e9galement \u00eatre envisag\u00e9e sous l\u2019\u00e9gide de tel ou tel \u00e9l\u00e9ment : Terre, Eau, Feu&#8230;<\/p>\n<p><b>Les 5 \u00e9l\u00e9ments, ou P\u0101nc\u0101mah\u0101bh\u016bta\u1e25<\/b>,<b> <\/b>sont en relation avec notre existence terrestre, manifest\u00e9e.<\/p>\n<p>La terre ou <b>P\u1e5bthvi<\/b>,<span class=\"Apple-converted-space\"><br \/>\n<\/span>Le feu ou <b>Tejas<\/b>.<br \/>\nL\u2019eau<span class=\"Apple-converted-space\">\u00a0 <\/span>ou <b>\u0100p<\/b><span class=\"Apple-converted-space\"><br \/>\n<\/span>L\u2019air ou <b>V\u0101yu.<br \/>\n<\/b>L\u2019\u00c9ther, Quintessence, Espace ou <b>\u0100k\u0101sa<\/b>.<\/p>\n<p><b><br \/>\nSame but different.<\/b><\/p>\n<p>Les \u00e9l\u00e9ments sont la marque du changement auquel est soumise toute chose existant dans notre sph\u00e8re de manifestation. Prenez un b\u00e2ton, laissez le dehors pendant la nuit. Le lendemain, ce sera le m\u00eame b\u00e2ton, mais il sera n\u00e9anmoins diff\u00e9rent : il sera plus humide et plus lourd. Laissez le \u00e0 l\u2019int\u00e9rieur, et l\u2019air le s\u00e8chera, le rendant plus sec et plus l\u00e9ger. Manifestation et changement vont de pair. Le yogi aspire \u00e0 la stabilit\u00e9 ( voir <b>Samasthiti\/T\u0101\u1e0d\u0101sana<\/b> ), \u00e0 s\u2019\u00e9tablir hors de l\u2019action et du changement, \u00e0 s\u2019affranchir des<b> P\u0101nc\u0101mah\u0101bh\u016bta\u1e25<\/b>. Cette voie passe par <b>\u0100k\u0101sa<\/b>.<\/p>\n<p><b>Quintessence.<\/b><\/p>\n<p><b>\u0100k\u0101sa<\/b>, l\u2019\u00c9ther ou Cinqui\u00e8me \u00e9l\u00e9ment se retrouve partout, jusque dans le plomb le plus dense. Il est plus en relation avec l\u2019\u00e9tat de non manifestation. Ainsi, dans <b>\u015aav\u0101sana<\/b>, les \u00e9l\u00e9ments constitutifs se d\u00e9sagr\u00e8gent-ils, \u00e0 l\u2019instar des constituants d\u2019un cadavre en d\u00e9composition : c\u2019est l\u2019\u00e9l\u00e9ment <b>\u0100k\u0101sa\/<\/b>\u00c9ther qui augmente.<\/p>\n<p>Le sens en relation avec <b>\u0100k\u0101sa<\/b> est l\u2019audition, l\u2019\u00e9coute. \u00c9coute int\u00e9rieure, retrait des sens, observation de soi, m\u00e9ditation, menant \u00e0 <b>Sam\u0101dhi<\/b>.<\/p>\n<p>&nbsp;<\/p>\n<p style=\"text-align: center;\"><a href=\"http:\/\/www.yoga-montpellier.org\/wp-content\/uploads\/2016\/10\/trait-fin-rouge.jpg\"><img loading=\"lazy\" decoding=\"async\" class=\"alignnone size-full wp-image-1511\" src=\"http:\/\/www.yoga-montpellier.org\/wp-content\/uploads\/2016\/10\/trait-fin-rouge.jpg\" alt=\"\" width=\"439\" height=\"7\" srcset=\"http:\/\/www.yoga-montpellier.org\/wp-content\/uploads\/2016\/10\/trait-fin-rouge.jpg 439w, http:\/\/www.yoga-montpellier.org\/wp-content\/uploads\/2016\/10\/trait-fin-rouge-70x1.jpg 70w, http:\/\/www.yoga-montpellier.org\/wp-content\/uploads\/2016\/10\/trait-fin-rouge-300x5.jpg 300w\" sizes=\"(max-width: 439px) 100vw, 439px\" \/><\/a><\/p>\n<p>&nbsp;<\/p>\n<p style=\"text-align: center;\"><a href=\"http:\/\/www.yoga-montpellier.org\/wp-content\/uploads\/2020\/02\/Capture-d\u2019\u00e9cran-2020-02-26-\u00e0-17.23.04.png\"><img loading=\"lazy\" decoding=\"async\" class=\"alignnone size-full wp-image-2071\" src=\"http:\/\/www.yoga-montpellier.org\/wp-content\/uploads\/2020\/02\/Capture-d\u2019\u00e9cran-2020-02-26-\u00e0-17.23.04.png\" alt=\"\" width=\"302\" height=\"156\" srcset=\"http:\/\/www.yoga-montpellier.org\/wp-content\/uploads\/2020\/02\/Capture-d\u2019\u00e9cran-2020-02-26-\u00e0-17.23.04.png 302w, http:\/\/www.yoga-montpellier.org\/wp-content\/uploads\/2020\/02\/Capture-d\u2019\u00e9cran-2020-02-26-\u00e0-17.23.04-300x155.png 300w, http:\/\/www.yoga-montpellier.org\/wp-content\/uploads\/2020\/02\/Capture-d\u2019\u00e9cran-2020-02-26-\u00e0-17.23.04-70x36.png 70w\" sizes=\"(max-width: 302px) 100vw, 302px\" \/><\/a><\/p>\n<h5 style=\"text-align: center;\"><span style=\"font-size: 18pt;\">Supta Baddha Ko\u1e47\u0101sana<\/span><\/h5>\n<p>&nbsp;<\/p>\n<p># 24, photos 38\/39, page 142 ( \u00ab Yoga, joyau de la femme \u00bb. G\u012bta Iyengar. Buchet\/Chastel ).<br \/>\n&#8211; Page 81, (\u00abLe Yoga selon Iyengar\u00bb, Silva, Mira &amp; Shyam Mehta. Solar ).<\/p>\n<p>Ne cherchez pas<span class=\"Apple-converted-space\">\u00a0 <\/span><b>Supta Baddha Ko\u1e47\u0101sana<\/b> dans \u201cLumi\u00e8re sur le Yoga\u201d, mais vous y trouverez <b>Baddha Ko\u1e47\u0101sana<\/b>.<b><br \/>\n<\/b># 44, photos 101\/103, page 99 (\u00abLumi\u00e8re sur le Yoga\u00bb. BKS Iyengar. Buchet\/Chastel ).<br \/>\n# 44, photos 101\/103, page 151 (\u00abBible du Yoga\u00bb. BKS Iyengar. J\u2019ai lu\/Flammarion ).<br \/>\n# 24, photos 38 \/ 39, page 141 (\u00abYoga, joyau de la femme\u00bb. G\u012bta Iyengar. Buchet\/Chastel ).<\/p>\n<p>&#8211; Photos 11\/12, page 151 (\u00ab Lumi\u00e8re sur le Pr\u00e3n\u00e3y\u00e3ma\u00bb. BKS Iyengar. Buchet\/Chastel).<\/p>\n<p><b>Supta<\/b> : Sur le dos<br \/>\n<b>Baddha <\/b>: Attrap\u00e9, li\u00e9, nous am\u00e8ne \u00e0 Bandha :<\/p>\n<p><strong>Les Bandhas<\/strong>, au nombre de trois : <strong>Jalandhara<\/strong>, <strong>Uddiyana<\/strong> et <strong>Mula Bandha<\/strong>, font partie int\u00e9grante de la pratique du Yoga, en posture ou en Pranayama\/Pr\u00e3n\u00e3y\u00e3ma.<\/p>\n<p><b><\/b>&#8211; \u00a0Pages 324\/325 etc. (\u00abLumi\u00e8re sur le Yoga\u00bb. BKS Iyengar. Buchet\/Chastel ).<br \/>\n&#8211; Planche 11, page 85 (\u00abLumi\u00e8re sur le Pr\u00e3n\u00e3y\u00e3ma\u00bb. BKS Iyengar. Buchet\/Chastel).<\/p>\n<p><b>Ko\u1e47a <\/b>: Angle. Reportez vous \u00e0 ce sujet \u00e0 <b>Utthita Triko\u1e47\u0101sana.<\/b><\/p>\n<p>S\u2019il y a de multiples fa\u00e7ons de s\u2019asseoir: Virasana, Padamasana, Sidhasana, Sukhasana&#8230; Chacune d\u2019elles pr\u00e9sente une particularit\u00e9 bien sp\u00e9cifique, soit dans sa forme classique (assise), soit dans ses diverses d\u00e9clinaisons (allong\u00e9 sur le dos en l\u2019ocurrence).<\/p>\n<p>&#8211; <b>Baddha Ko\u1e47\u0101sana<\/b> \u00e9largit le ventre, d\u2019autant plus lorsque l\u2019on est allong\u00e9 sur le dos (supta Baddhakonasana), ce qui en fait une des rares postures \u00e0 pouvoir \u00eatre pratiqu\u00e9e avec b\u00e9n\u00e9fice apr\u00e8s un repas .<\/p>\n<p>Si vous attendez un b\u00e9b\u00e9, l\u2019espace ainsi cr\u00e9\u00e9 dans la r\u00e9gion abdominale favorise la circulation des liquides dans la zone abdominale, optimisant l\u2019oxyg\u00e9nation de l\u2019ut\u00e9rus et de l\u2019embryon.<\/p>\n<p>Ne vous fiez pas \u00e0 l\u2019aspect paisible de cette posture, qui peut pr\u00e9senter de nombreux inconv\u00e9nients si vous avez une fragilit\u00e9 : genoux, bas du dos, hernie\u2026 et comme toujours, remettez vous en aux conseils \u00e9clair\u00e9s de votre professeur de Yoga qui saura adapter votre installation \u00e0 votre cas personnel.<\/p>\n<p style=\"text-align: center;\"><a href=\"http:\/\/www.yoga-montpellier.org\/wp-content\/uploads\/2016\/10\/trait-fin-rouge.jpg\"><img loading=\"lazy\" decoding=\"async\" class=\"alignnone size-full wp-image-1511\" src=\"http:\/\/www.yoga-montpellier.org\/wp-content\/uploads\/2016\/10\/trait-fin-rouge.jpg\" alt=\"\" width=\"439\" height=\"7\" srcset=\"http:\/\/www.yoga-montpellier.org\/wp-content\/uploads\/2016\/10\/trait-fin-rouge.jpg 439w, http:\/\/www.yoga-montpellier.org\/wp-content\/uploads\/2016\/10\/trait-fin-rouge-70x1.jpg 70w, http:\/\/www.yoga-montpellier.org\/wp-content\/uploads\/2016\/10\/trait-fin-rouge-300x5.jpg 300w\" sizes=\"(max-width: 439px) 100vw, 439px\" \/><\/a><\/p>\n<p>&nbsp;<\/p>\n<p style=\"text-align: center;\"><a href=\"http:\/\/www.yoga-montpellier.org\/wp-content\/uploads\/2020\/02\/Capture-d\u2019\u00e9cran-2020-02-26-\u00e0-17.23.22.png\"><img loading=\"lazy\" decoding=\"async\" class=\"alignnone size-full wp-image-2072\" src=\"http:\/\/www.yoga-montpellier.org\/wp-content\/uploads\/2020\/02\/Capture-d\u2019\u00e9cran-2020-02-26-\u00e0-17.23.22.png\" alt=\"\" width=\"429\" height=\"204\" srcset=\"http:\/\/www.yoga-montpellier.org\/wp-content\/uploads\/2020\/02\/Capture-d\u2019\u00e9cran-2020-02-26-\u00e0-17.23.22.png 429w, http:\/\/www.yoga-montpellier.org\/wp-content\/uploads\/2020\/02\/Capture-d\u2019\u00e9cran-2020-02-26-\u00e0-17.23.22-300x143.png 300w, http:\/\/www.yoga-montpellier.org\/wp-content\/uploads\/2020\/02\/Capture-d\u2019\u00e9cran-2020-02-26-\u00e0-17.23.22-70x33.png 70w\" sizes=\"(max-width: 429px) 100vw, 429px\" \/><\/a><\/p>\n<h6 style=\"text-align: center;\"><span style=\"font-size: 18pt;\">Supta P\u0101d\u0101<strong>\u1e45<\/strong>gu\u1e63\u1e6dh\u0101sana<\/span><\/h6>\n<p># 108, photos 284\/287, page 181 (\u00abLumi\u00e8re sur le Yoga\u00bb. BKS Iyengar. Buchet\/Chastel ).<br \/>\n# 108, photos 284\/287, page 266 (\u00abBible du Yoga\u00bb. BKS Iyengar. J\u2019ai lu\/Flammarion ).<br \/>\n# 62, photos 117\/118\/119, page 216 (\u00abYoga Joyau de la femme\u00bb. Gita. S Iyengar. Buchet\/Chastel ).<\/p>\n<p><b>Supta<\/b> : Allong\u00e9 sur le dos.<br \/>\n<b>P\u0101da<\/b> : Pied.<br \/>\n<b>Angu\u1e63\u1e6dha<\/b> : Gros orteil.<\/p>\n<p>&nbsp;<\/p>\n<p style=\"text-align: center;\"><a href=\"http:\/\/www.yoga-montpellier.org\/wp-content\/uploads\/2016\/10\/trait-fin-rouge.jpg\"><img loading=\"lazy\" decoding=\"async\" class=\"alignnone size-full wp-image-1511\" src=\"http:\/\/www.yoga-montpellier.org\/wp-content\/uploads\/2016\/10\/trait-fin-rouge.jpg\" alt=\"\" width=\"439\" height=\"7\" srcset=\"http:\/\/www.yoga-montpellier.org\/wp-content\/uploads\/2016\/10\/trait-fin-rouge.jpg 439w, http:\/\/www.yoga-montpellier.org\/wp-content\/uploads\/2016\/10\/trait-fin-rouge-70x1.jpg 70w, http:\/\/www.yoga-montpellier.org\/wp-content\/uploads\/2016\/10\/trait-fin-rouge-300x5.jpg 300w\" sizes=\"(max-width: 439px) 100vw, 439px\" \/><\/a><\/p>\n<p>&nbsp;<\/p>\n<p style=\"text-align: center;\"><a href=\"http:\/\/www.yoga-montpellier.org\/wp-content\/uploads\/2020\/02\/Capture-d\u2019\u00e9cran-2020-02-26-\u00e0-17.23.40.png\"><img loading=\"lazy\" decoding=\"async\" class=\"alignnone size-full wp-image-2073\" src=\"http:\/\/www.yoga-montpellier.org\/wp-content\/uploads\/2020\/02\/Capture-d\u2019\u00e9cran-2020-02-26-\u00e0-17.23.40.png\" alt=\"\" width=\"325\" height=\"116\" srcset=\"http:\/\/www.yoga-montpellier.org\/wp-content\/uploads\/2020\/02\/Capture-d\u2019\u00e9cran-2020-02-26-\u00e0-17.23.40.png 325w, http:\/\/www.yoga-montpellier.org\/wp-content\/uploads\/2020\/02\/Capture-d\u2019\u00e9cran-2020-02-26-\u00e0-17.23.40-300x107.png 300w, http:\/\/www.yoga-montpellier.org\/wp-content\/uploads\/2020\/02\/Capture-d\u2019\u00e9cran-2020-02-26-\u00e0-17.23.40-70x25.png 70w\" sizes=\"(max-width: 325px) 100vw, 325px\" \/><\/a><\/p>\n<h6 style=\"text-align: center;\"><span style=\"font-size: 18pt;\">Supta V\u012br\u0101sana<\/span><\/h6>\n<p># 41, photos 93\/96, page 96 (\u00abLumi\u00e8re sur le Yoga\u00bb. BKS Iyengar. Buchet\/Chastel ).<br \/>\n# 41, photos 93\/96, page 146 (\u00abBible du Yoga\u00bb. BKS Iyengar. J\u2019ai lu\/Flammarion ).<br \/>\n# 33, photo 58, page 158 (\u00abYoga Joyau de la femme\u00bb. Gita. S Iyengar. Buchet\/Chastel ).<\/p>\n<p>&nbsp;<\/p>\n<p>Voir \u00e9galement cycle <b>V\u012br\u0101sana<br \/>\n<\/b># 40, photos 85\/92, page 93 (\u00abLumi\u00e8re sur le Yoga\u00bb. BKS Iyengar. Buchet\/Chastel ).<br \/>\n# 40, photos 85\/92, page 143 (\u00abBible du Yoga\u00bb. BKS Iyengar. J\u2019ai lu\/Flammarion ).<\/p>\n<p><b>Supta <\/b>: Allong\u00e9, sur le dos.<br \/>\n<b>V\u012bra<\/b> : H\u00e9ros, champion, guerrier ( voir \u00abV\u012brabhadra\u00bb )<\/p>\n<h2><\/h2>\n<p>&nbsp;<\/p>\n<p>&nbsp;<\/p>\n<p>&nbsp;<\/p>\n<p>&nbsp;<\/p>\n<p>&nbsp;<\/p>\n","protected":false},"excerpt":{"rendered":"<h1 style=\"text-align: center;\"><span style=\"font-size: 24pt;\">\u00a0FAMILLE POSTURES DE R\u00c9CUP\u00c9RATION<\/span><\/h1>\n<p>&nbsp;<\/p>\n<p style=\"text-align: center;\"><a href=\"http:\/\/www.yoga-montpellier.org\/wp-content\/uploads\/2020\/02\/Capture-d\u2019\u00e9cran-2020-02-26-\u00e0-17.2...\n<\/p>\n","protected":false},"author":1,"featured_media":0,"parent":0,"menu_order":0,"comment_status":"closed","ping_status":"closed","template":"","meta":{"footnotes":""},"yoast_head":"<!-- This site is optimized with the Yoast SEO plugin v15.6.1 - https:\/\/yoast.com\/wordpress\/plugins\/seo\/ -->\n<meta name=\"description\" content=\"Postures pr\u00e9sent\u00e9es par familles pour le jeu de cartes yoga happy families. Permet de d&#039;apprendre les noms des postures en sanscrit...\" \/>\n<meta name=\"robots\" content=\"index, follow, max-snippet:-1, max-image-preview:large, max-video-preview:-1\" \/>\n<link rel=\"canonical\" href=\"http:\/\/www.yoga-montpellier.org\/fr_FR\/postures-de-recuperation-du-jeu-de-cartes-yoga-happy-families\/\" \/>\n<meta property=\"og:locale\" content=\"fr_FR\" \/>\n<meta property=\"og:type\" content=\"article\" \/>\n<meta property=\"og:title\" content=\"Postures de r\u00e9cup\u00e9ration du jeu de cartes &quot;yoga happy families&quot; - yoga montpellier iyengar\" \/>\n<meta property=\"og:description\" content=\"Postures pr\u00e9sent\u00e9es par familles pour le jeu de cartes yoga happy families. Permet de d&#039;apprendre les noms des postures en sanscrit...\" \/>\n<meta property=\"og:url\" content=\"http:\/\/www.yoga-montpellier.org\/fr_FR\/postures-de-recuperation-du-jeu-de-cartes-yoga-happy-families\/\" \/>\n<meta property=\"og:site_name\" content=\"yoga montpellier iyengar\" \/>\n<meta property=\"article:publisher\" content=\"https:\/\/www.facebook.com\/SHAKTI-STUDIO-DE-YOGA-IYENGAR-118107854966229\/?fref=nf\" \/>\n<meta property=\"article:modified_time\" content=\"2020-02-27T17:11:36+00:00\" \/>\n<meta property=\"og:image\" content=\"http:\/\/www.yoga-montpellier.org\/wp-content\/uploads\/2020\/02\/Capture-d\u2019\u00e9cran-2020-02-26-\u00e0-17.21.54.png\" \/>\n<meta name=\"twitter:card\" content=\"summary\" \/>\n<meta name=\"twitter:label1\" content=\"Dur\u00e9e de lecture est.\">\n\t<meta name=\"twitter:data1\" content=\"5 minutes\">\n<script type=\"application\/ld+json\" class=\"yoast-schema-graph\">{\"@context\":\"https:\/\/schema.org\",\"@graph\":[{\"@type\":\"WebSite\",\"@id\":\"http:\/\/www.yoga-montpellier.org\/fr_FR\/#website\",\"url\":\"http:\/\/www.yoga-montpellier.org\/fr_FR\/\",\"name\":\"yoga montpellier iyengar\",\"description\":\"\",\"potentialAction\":[{\"@type\":\"SearchAction\",\"target\":\"http:\/\/www.yoga-montpellier.org\/fr_FR\/?s={search_term_string}\",\"query-input\":\"required name=search_term_string\"}],\"inLanguage\":\"fr-FR\"},{\"@type\":\"ImageObject\",\"@id\":\"http:\/\/www.yoga-montpellier.org\/fr_FR\/postures-de-recuperation-du-jeu-de-cartes-yoga-happy-families\/#primaryimage\",\"inLanguage\":\"fr-FR\",\"url\":\"http:\/\/www.yoga-montpellier.org\/wp-content\/uploads\/2020\/02\/Capture-d\\u2019\\u00e9cran-2020-02-26-\\u00e0-17.21.54.png\",\"width\":314,\"height\":549},{\"@type\":\"WebPage\",\"@id\":\"http:\/\/www.yoga-montpellier.org\/fr_FR\/postures-de-recuperation-du-jeu-de-cartes-yoga-happy-families\/#webpage\",\"url\":\"http:\/\/www.yoga-montpellier.org\/fr_FR\/postures-de-recuperation-du-jeu-de-cartes-yoga-happy-families\/\",\"name\":\"Postures de r\\u00e9cup\\u00e9ration du jeu de cartes \\\"yoga happy families\\\" - yoga montpellier iyengar\",\"isPartOf\":{\"@id\":\"http:\/\/www.yoga-montpellier.org\/fr_FR\/#website\"},\"primaryImageOfPage\":{\"@id\":\"http:\/\/www.yoga-montpellier.org\/fr_FR\/postures-de-recuperation-du-jeu-de-cartes-yoga-happy-families\/#primaryimage\"},\"datePublished\":\"2020-02-26T16:33:54+00:00\",\"dateModified\":\"2020-02-27T17:11:36+00:00\",\"description\":\"Postures pr\\u00e9sent\\u00e9es par familles pour le jeu de cartes yoga happy families. Permet de d'apprendre les noms des postures en sanscrit...\",\"inLanguage\":\"fr-FR\",\"potentialAction\":[{\"@type\":\"ReadAction\",\"target\":[\"http:\/\/www.yoga-montpellier.org\/fr_FR\/postures-de-recuperation-du-jeu-de-cartes-yoga-happy-families\/\"]}]}]}<\/script>\n<!-- \/ Yoast SEO plugin. -->","_links":{"self":[{"href":"http:\/\/www.yoga-montpellier.org\/fr_FR\/wp-json\/wp\/v2\/pages\/2074"}],"collection":[{"href":"http:\/\/www.yoga-montpellier.org\/fr_FR\/wp-json\/wp\/v2\/pages"}],"about":[{"href":"http:\/\/www.yoga-montpellier.org\/fr_FR\/wp-json\/wp\/v2\/types\/page"}],"author":[{"embeddable":true,"href":"http:\/\/www.yoga-montpellier.org\/fr_FR\/wp-json\/wp\/v2\/users\/1"}],"replies":[{"embeddable":true,"href":"http:\/\/www.yoga-montpellier.org\/fr_FR\/wp-json\/wp\/v2\/comments?post=2074"}],"version-history":[{"count":6,"href":"http:\/\/www.yoga-montpellier.org\/fr_FR\/wp-json\/wp\/v2\/pages\/2074\/revisions"}],"predecessor-version":[{"id":2081,"href":"http:\/\/www.yoga-montpellier.org\/fr_FR\/wp-json\/wp\/v2\/pages\/2074\/revisions\/2081"}],"wp:attachment":[{"href":"http:\/\/www.yoga-montpellier.org\/fr_FR\/wp-json\/wp\/v2\/media?parent=2074"}],"curies":[{"name":"wp","href":"https:\/\/api.w.org\/{rel}","templated":true}]}}