{"id":2026,"date":"2020-02-25T17:36:48","date_gmt":"2020-02-25T16:36:48","guid":{"rendered":"http:\/\/www.yoga-montpellier.org\/?page_id=2026"},"modified":"2020-02-26T17:20:27","modified_gmt":"2020-02-26T16:20:27","slug":"torsions","status":"publish","type":"page","link":"http:\/\/www.yoga-montpellier.org\/fr_FR\/torsions\/","title":{"rendered":"Torsions du jeu de cartes \"Yoga happy families\""},"content":{"rendered":"<h1 style=\"text-align: center;\"><span style=\"font-size: 24pt;\">POSTURES DE YOGA :<\/span><br \/>\n<span style=\"font-size: 24pt;\">FAMILLE DES TORSIONS<\/span><\/h1>\n<p>&nbsp;<\/p>\n<p><a href=\"https:\/\/yogahappyfamilies.com\/wp-content\/uploads\/2020\/01\/TwistsBharadvajasana2.png\"><img loading=\"lazy\" decoding=\"async\" class=\"size-full wp-image-925 aligncenter\" src=\"https:\/\/yogahappyfamilies.com\/wp-content\/uploads\/2020\/01\/TwistsBharadvajasana2.png\" alt=\"\" width=\"313\" height=\"548\" \/><\/a><\/p>\n<p style=\"text-align: center;\">Dans la famille des torsions,<br \/>\nles 6 Asanas sont d\u00e9clin\u00e9s selon le m\u00eame mode.<\/p>\n<p>&nbsp;<\/p>\n<p style=\"text-align: center;\"><a href=\"http:\/\/www.yoga-montpellier.org\/wp-content\/uploads\/2016\/10\/trait-fin-rouge.jpg\"><img loading=\"lazy\" decoding=\"async\" class=\"alignnone size-full wp-image-1511\" src=\"http:\/\/www.yoga-montpellier.org\/wp-content\/uploads\/2016\/10\/trait-fin-rouge.jpg\" alt=\"\" width=\"439\" height=\"7\" srcset=\"http:\/\/www.yoga-montpellier.org\/wp-content\/uploads\/2016\/10\/trait-fin-rouge.jpg 439w, http:\/\/www.yoga-montpellier.org\/wp-content\/uploads\/2016\/10\/trait-fin-rouge-70x1.jpg 70w, http:\/\/www.yoga-montpellier.org\/wp-content\/uploads\/2016\/10\/trait-fin-rouge-300x5.jpg 300w\" sizes=\"(max-width: 439px) 100vw, 439px\" \/><\/a><\/p>\n<p style=\"text-align: center;\"><a href=\"http:\/\/www.yoga-montpellier.org\/wp-content\/uploads\/2020\/02\/Capture-d\u2019\u00e9cran-2020-02-25-\u00e0-17.30.53.png\"><img loading=\"lazy\" decoding=\"async\" class=\"alignnone size-full wp-image-2052\" src=\"http:\/\/www.yoga-montpellier.org\/wp-content\/uploads\/2020\/02\/Capture-d\u2019\u00e9cran-2020-02-25-\u00e0-17.30.53.png\" alt=\"\" width=\"192\" height=\"237\" srcset=\"http:\/\/www.yoga-montpellier.org\/wp-content\/uploads\/2020\/02\/Capture-d\u2019\u00e9cran-2020-02-25-\u00e0-17.30.53.png 192w, http:\/\/www.yoga-montpellier.org\/wp-content\/uploads\/2020\/02\/Capture-d\u2019\u00e9cran-2020-02-25-\u00e0-17.30.53-57x70.png 57w\" sizes=\"(max-width: 192px) 100vw, 192px\" \/><\/a><\/p>\n<h2 style=\"text-align: center;\"><span style=\"font-size: 18pt;\">Bharadv\u0101j\u0101sana I<\/span><\/h2>\n<p># 112, photo 297, 298 mais il s\u2019agit en fait de Bharadv\u0101j\u0101sana II&#8230; et 300 qui est donn\u00e9e pour \u00eatre Bharadv\u0101j\u0101sana II, page 186 ( \u00ab Lumi\u00e8re sur le Yoga \u00bb. BKS Iyengar. Buchet\/Chastel ).<br \/>\n# 112, photo 297, 298 mais il s\u2019agit en fait de Bharadv\u0101j\u0101sana II&#8230; et 300 qui est donn\u00e9e pour \u00eatre Bharadv\u0101j\u0101sana II, page 274 ( \u00ab Bible du Yoga \u00bb. BKS Iyengar. J\u2019ai lu\/Flammarion ).<br \/>\n# 64, photo <span class=\"Apple-converted-space\">125 \u00a0page 64\u00a0<\/span>( \u00abYoga, joyau de la femme\u00bb, Geeta S Iyengar ).<\/p>\n<p style=\"text-align: center;\"><a href=\"http:\/\/www.yoga-montpellier.org\/wp-content\/uploads\/2016\/10\/trait-fin-rouge.jpg\"><img loading=\"lazy\" decoding=\"async\" class=\"alignnone size-full wp-image-1511\" src=\"http:\/\/www.yoga-montpellier.org\/wp-content\/uploads\/2016\/10\/trait-fin-rouge.jpg\" alt=\"\" width=\"439\" height=\"7\" srcset=\"http:\/\/www.yoga-montpellier.org\/wp-content\/uploads\/2016\/10\/trait-fin-rouge.jpg 439w, http:\/\/www.yoga-montpellier.org\/wp-content\/uploads\/2016\/10\/trait-fin-rouge-70x1.jpg 70w, http:\/\/www.yoga-montpellier.org\/wp-content\/uploads\/2016\/10\/trait-fin-rouge-300x5.jpg 300w\" sizes=\"(max-width: 439px) 100vw, 439px\" \/><\/a><\/p>\n<p>&nbsp;<\/p>\n<p style=\"text-align: center;\"><a href=\"http:\/\/www.yoga-montpellier.org\/wp-content\/uploads\/2020\/02\/Capture-d\u2019\u00e9cran-2020-02-25-\u00e0-17.31.04.png\"><img loading=\"lazy\" decoding=\"async\" class=\"alignnone size-full wp-image-2053\" src=\"http:\/\/www.yoga-montpellier.org\/wp-content\/uploads\/2020\/02\/Capture-d\u2019\u00e9cran-2020-02-25-\u00e0-17.31.04.png\" alt=\"\" width=\"366\" height=\"344\" srcset=\"http:\/\/www.yoga-montpellier.org\/wp-content\/uploads\/2020\/02\/Capture-d\u2019\u00e9cran-2020-02-25-\u00e0-17.31.04.png 366w, http:\/\/www.yoga-montpellier.org\/wp-content\/uploads\/2020\/02\/Capture-d\u2019\u00e9cran-2020-02-25-\u00e0-17.31.04-300x282.png 300w, http:\/\/www.yoga-montpellier.org\/wp-content\/uploads\/2020\/02\/Capture-d\u2019\u00e9cran-2020-02-25-\u00e0-17.31.04-70x66.png 70w\" sizes=\"(max-width: 366px) 100vw, 366px\" \/><\/a><\/p>\n<h3 style=\"text-align: center;\"><span style=\"font-size: 18pt;\">Pariv\u1e5btta Triko\u1e47\u0101sana<\/span><\/h3>\n<p># 4, photos 6\/7, page 53 ( \u00ab Lumi\u00e8re sur le Yoga \u00bb. BKS Iyengar. Buchet\/Chastel ).<br \/>\n# 4, photos 6\/7, page 85 ( \u00ab Bible du Yoga \u00bb. BKS Iyengar. J\u2019ai lu\/Flammarion ).<\/p>\n<p><b>Pariv\u1e5btta <\/b>: Retourn\u00e9, \u00e0 l\u2019envers.<br \/>\n<b>Triko\u1e47\u0101sana <\/b>: Triangle ( posture ).<br \/>\n<b>Pariv\u1e5btta<\/b> n\u2019est pas sans nous rappeler le deuxi\u00e8me aphorisme de Pata\u00f1jali : \u00abYoga\u1e25 cittav\u1e5btti niroda\u1e25\u00bb ( \u00ab<b> Yogas\u016btra\u00bb<\/b> de Pata\u00f1jali, chap\u00eetre I, verset 2 ).<\/p>\n<p><b>citta<\/b> : Conscience.<br \/>\n<b>V\u1e5btti<\/b> : Turbulences, pertubations.<\/p>\n<p>&nbsp;<\/p>\n<p style=\"text-align: center;\"><a href=\"http:\/\/www.yoga-montpellier.org\/wp-content\/uploads\/2016\/10\/trait-fin-rouge.jpg\"><img loading=\"lazy\" decoding=\"async\" class=\"alignnone size-full wp-image-1511\" src=\"http:\/\/www.yoga-montpellier.org\/wp-content\/uploads\/2016\/10\/trait-fin-rouge.jpg\" alt=\"\" width=\"439\" height=\"7\" srcset=\"http:\/\/www.yoga-montpellier.org\/wp-content\/uploads\/2016\/10\/trait-fin-rouge.jpg 439w, http:\/\/www.yoga-montpellier.org\/wp-content\/uploads\/2016\/10\/trait-fin-rouge-70x1.jpg 70w, http:\/\/www.yoga-montpellier.org\/wp-content\/uploads\/2016\/10\/trait-fin-rouge-300x5.jpg 300w\" sizes=\"(max-width: 439px) 100vw, 439px\" \/><\/a><\/p>\n<p>&nbsp;<\/p>\n<p style=\"text-align: center;\"><a href=\"http:\/\/www.yoga-montpellier.org\/wp-content\/uploads\/2020\/02\/Capture-d\u2019\u00e9cran-2020-02-25-\u00e0-17.31.18.png\"><img loading=\"lazy\" decoding=\"async\" class=\"alignnone size-full wp-image-2054\" src=\"http:\/\/www.yoga-montpellier.org\/wp-content\/uploads\/2020\/02\/Capture-d\u2019\u00e9cran-2020-02-25-\u00e0-17.31.18.png\" alt=\"\" width=\"387\" height=\"137\" srcset=\"http:\/\/www.yoga-montpellier.org\/wp-content\/uploads\/2020\/02\/Capture-d\u2019\u00e9cran-2020-02-25-\u00e0-17.31.18.png 387w, http:\/\/www.yoga-montpellier.org\/wp-content\/uploads\/2020\/02\/Capture-d\u2019\u00e9cran-2020-02-25-\u00e0-17.31.18-300x106.png 300w, http:\/\/www.yoga-montpellier.org\/wp-content\/uploads\/2020\/02\/Capture-d\u2019\u00e9cran-2020-02-25-\u00e0-17.31.18-70x25.png 70w\" sizes=\"(max-width: 387px) 100vw, 387px\" \/><\/a><\/p>\n<h4 style=\"text-align: center;\"><span style=\"font-size: 18pt;\">Ja\u1e6dhara Parivart\u0101nasana<\/span><\/h4>\n<p># 105, photos 272\/275, page 178 ( \u00ab Lumi\u00e8re sur le Yoga \u00bb. BKS Iyengar. Buchet\/Chastel ).<br \/>\n# 105, photos 272\/275, page 261 ( \u00ab Bible du Yoga \u00bb. BKS Iyengar. J\u2019ai lu\/Flammarion ).<br \/>\n# 60, photo <span class=\"Apple-converted-space\">113\/114, page 212\u00a0<\/span>( \u00abYoga, joyau de la femme\u00bb, Geeta S Iyengar ).<\/p>\n<p>&nbsp;<\/p>\n<p style=\"text-align: center;\"><a href=\"http:\/\/www.yoga-montpellier.org\/wp-content\/uploads\/2016\/10\/trait-fin-rouge.jpg\"><img loading=\"lazy\" decoding=\"async\" class=\"alignnone size-full wp-image-1511\" src=\"http:\/\/www.yoga-montpellier.org\/wp-content\/uploads\/2016\/10\/trait-fin-rouge.jpg\" alt=\"\" width=\"439\" height=\"7\" srcset=\"http:\/\/www.yoga-montpellier.org\/wp-content\/uploads\/2016\/10\/trait-fin-rouge.jpg 439w, http:\/\/www.yoga-montpellier.org\/wp-content\/uploads\/2016\/10\/trait-fin-rouge-70x1.jpg 70w, http:\/\/www.yoga-montpellier.org\/wp-content\/uploads\/2016\/10\/trait-fin-rouge-300x5.jpg 300w\" sizes=\"(max-width: 439px) 100vw, 439px\" \/><\/a><\/p>\n<p>&nbsp;<\/p>\n<p style=\"text-align: center;\"><a href=\"http:\/\/www.yoga-montpellier.org\/wp-content\/uploads\/2020\/02\/Capture-d\u2019\u00e9cran-2020-02-25-\u00e0-17.31.33.png\"><img loading=\"lazy\" decoding=\"async\" class=\"alignnone size-full wp-image-2055\" src=\"http:\/\/www.yoga-montpellier.org\/wp-content\/uploads\/2020\/02\/Capture-d\u2019\u00e9cran-2020-02-25-\u00e0-17.31.33.png\" alt=\"\" width=\"192\" height=\"246\" srcset=\"http:\/\/www.yoga-montpellier.org\/wp-content\/uploads\/2020\/02\/Capture-d\u2019\u00e9cran-2020-02-25-\u00e0-17.31.33.png 192w, http:\/\/www.yoga-montpellier.org\/wp-content\/uploads\/2020\/02\/Capture-d\u2019\u00e9cran-2020-02-25-\u00e0-17.31.33-55x70.png 55w\" sizes=\"(max-width: 192px) 100vw, 192px\" \/><\/a><\/p>\n<h5 style=\"text-align: center;\"><span style=\"font-size: 18pt;\">Bharadv\u0101j\u0101sana II<\/span><\/h5>\n<p># 113, photo 299, 300 mais il s\u2019agit en fait de Bharadv\u0101j\u0101sana I&#8230; et 298 qui est donn\u00e9e pour \u00eatre Bharadv\u0101j\u0101sana I, page 187 ( \u00ab Lumi\u00e8re sur le Yoga \u00bb. BKS Iyengar. Buchet\/Chastel ).<br \/>\n# 113, photo 299, 300 mais il s\u2019agit en fait de Bharadv\u0101j\u0101sana I&#8230; et 298 qui est donn\u00e9e pour \u00eatre Bharadv\u0101j\u0101sana I, page 275 ( \u00ab Bible du Yoga \u00bb. BKS Iyengar. J\u2019ai lu\/Flammarion ).<br \/>\n# 65, photo 126,\u00a0<span class=\"Apple-converted-space\">page 226\u00a0<\/span>( \u00abYoga, joyau de la femme\u00bb, Geeta S Iyengar ).<\/p>\n<p>&nbsp;<\/p>\n<p style=\"text-align: center;\"><a href=\"http:\/\/www.yoga-montpellier.org\/wp-content\/uploads\/2016\/10\/trait-fin-rouge.jpg\"><img loading=\"lazy\" decoding=\"async\" class=\"alignnone size-full wp-image-1511\" src=\"http:\/\/www.yoga-montpellier.org\/wp-content\/uploads\/2016\/10\/trait-fin-rouge.jpg\" alt=\"\" width=\"439\" height=\"7\" srcset=\"http:\/\/www.yoga-montpellier.org\/wp-content\/uploads\/2016\/10\/trait-fin-rouge.jpg 439w, http:\/\/www.yoga-montpellier.org\/wp-content\/uploads\/2016\/10\/trait-fin-rouge-70x1.jpg 70w, http:\/\/www.yoga-montpellier.org\/wp-content\/uploads\/2016\/10\/trait-fin-rouge-300x5.jpg 300w\" sizes=\"(max-width: 439px) 100vw, 439px\" \/><\/a><\/p>\n<p>&nbsp;<\/p>\n<p style=\"text-align: center;\"><a href=\"http:\/\/www.yoga-montpellier.org\/wp-content\/uploads\/2020\/02\/Capture-d\u2019\u00e9cran-2020-02-25-\u00e0-17.31.45.png\"><img loading=\"lazy\" decoding=\"async\" class=\"alignnone size-full wp-image-2056\" src=\"http:\/\/www.yoga-montpellier.org\/wp-content\/uploads\/2020\/02\/Capture-d\u2019\u00e9cran-2020-02-25-\u00e0-17.31.45.png\" alt=\"\" width=\"260\" height=\"219\" srcset=\"http:\/\/www.yoga-montpellier.org\/wp-content\/uploads\/2020\/02\/Capture-d\u2019\u00e9cran-2020-02-25-\u00e0-17.31.45.png 260w, http:\/\/www.yoga-montpellier.org\/wp-content\/uploads\/2020\/02\/Capture-d\u2019\u00e9cran-2020-02-25-\u00e0-17.31.45-70x59.png 70w\" sizes=\"(max-width: 260px) 100vw, 260px\" \/><\/a><\/p>\n<h6 style=\"text-align: center;\"><span style=\"font-size: 18pt;\">Mar\u012bcy\u0101sana III<\/span><\/h6>\n<p>#114, photos 301\/304, page 214<span class=\"Apple-converted-space\">\u00a0\u00a0<\/span>\u00ab Yoga Dipika \u00bb, BKS Iyengar. Ed. Buchet\/Chastel.<br \/>\n#114, photos 301 \u00e0 304, page 277 \u00ab La bible du Yoga \u00bb, BKS Iyengar. Ed. Flammarion.<br \/>\n# 66, photo 127, pages 227\/228 \u00ab Yoga, joyau de la femme \u00bb, Geeta S Iyengar. Ed Buchet\/Chastel ).<\/p>\n<p><b>Mar\u012bchi <\/b>: Fils de Brahm\u0101, p\u00e8re de Ka\u1e61yapa.<\/p>\n<p>&nbsp;<\/p>\n<p style=\"text-align: center;\"><a href=\"http:\/\/www.yoga-montpellier.org\/wp-content\/uploads\/2016\/10\/trait-fin-rouge.jpg\"><img loading=\"lazy\" decoding=\"async\" class=\"alignnone size-full wp-image-1511\" src=\"http:\/\/www.yoga-montpellier.org\/wp-content\/uploads\/2016\/10\/trait-fin-rouge.jpg\" alt=\"\" width=\"439\" height=\"7\" srcset=\"http:\/\/www.yoga-montpellier.org\/wp-content\/uploads\/2016\/10\/trait-fin-rouge.jpg 439w, http:\/\/www.yoga-montpellier.org\/wp-content\/uploads\/2016\/10\/trait-fin-rouge-70x1.jpg 70w, http:\/\/www.yoga-montpellier.org\/wp-content\/uploads\/2016\/10\/trait-fin-rouge-300x5.jpg 300w\" sizes=\"(max-width: 439px) 100vw, 439px\" \/><\/a><\/p>\n<p>&nbsp;<\/p>\n<p style=\"text-align: center;\"><a href=\"http:\/\/www.yoga-montpellier.org\/wp-content\/uploads\/2020\/02\/Capture-d\u2019\u00e9cran-2020-02-25-\u00e0-17.31.55.png\"><img loading=\"lazy\" decoding=\"async\" class=\"alignnone size-full wp-image-2057\" src=\"http:\/\/www.yoga-montpellier.org\/wp-content\/uploads\/2020\/02\/Capture-d\u2019\u00e9cran-2020-02-25-\u00e0-17.31.55.png\" alt=\"\" width=\"383\" height=\"351\" srcset=\"http:\/\/www.yoga-montpellier.org\/wp-content\/uploads\/2020\/02\/Capture-d\u2019\u00e9cran-2020-02-25-\u00e0-17.31.55.png 383w, http:\/\/www.yoga-montpellier.org\/wp-content\/uploads\/2020\/02\/Capture-d\u2019\u00e9cran-2020-02-25-\u00e0-17.31.55-300x275.png 300w, http:\/\/www.yoga-montpellier.org\/wp-content\/uploads\/2020\/02\/Capture-d\u2019\u00e9cran-2020-02-25-\u00e0-17.31.55-70x64.png 70w\" sizes=\"(max-width: 383px) 100vw, 383px\" \/><\/a><\/p>\n<h6 style=\"text-align: center;\"><span style=\"font-size: 18pt;\">Pariv\u1e5btta P\u0101r\u015bvako\u1e47\u0101sana<\/span><\/h6>\n<p># 6, photos 10\/11, page 55 ( \u00ab Lumi\u00e8re sur le Yoga \u00bb. BKS Iyengar. Buchet\/Chastel ).<br \/>\n# 6, photos 10\/11, page 88 ( \u00ab Bible du Yoga \u00bb. BKS Iyengar. J\u2019ai lu\/Flammarion ).<\/p>\n<p>&nbsp;<\/p>\n","protected":false},"excerpt":{"rendered":"<h1 style=\"text-align: center;\"><span style=\"font-size: 24pt;\">POSTURES DE YOGA :<\/span><br \/>\n<span style=\"font-size: 24pt;\">FAMILLE DES TORSIONS<\/span><\/h1>\n<p>&nbsp;<\/p>\n<p><a href=\"https:\/\/yogahappyfamilies.com\/wp-content\/uploads\/2020\/01\/TwistsBharadvajasan...\n<\/p>\n","protected":false},"author":1,"featured_media":0,"parent":0,"menu_order":0,"comment_status":"closed","ping_status":"closed","template":"","meta":{"footnotes":""},"yoast_head":"<!-- This site is optimized with the Yoast SEO plugin v15.6.1 - https:\/\/yoast.com\/wordpress\/plugins\/seo\/ -->\n<meta name=\"description\" content=\"POSTURES DE YOGA :FAMILLE DES TORSIONS, postures figurant sur le jeu yoga happy families. Postures parfaites avec leurs noms en sanscrit\" \/>\n<meta name=\"robots\" content=\"index, follow, max-snippet:-1, max-image-preview:large, max-video-preview:-1\" \/>\n<link rel=\"canonical\" href=\"http:\/\/www.yoga-montpellier.org\/fr_FR\/torsions\/\" \/>\n<meta property=\"og:locale\" content=\"fr_FR\" \/>\n<meta property=\"og:type\" content=\"article\" \/>\n<meta property=\"og:title\" content=\"Torsions du jeu de cartes &quot;Yoga happy families&quot; - yoga montpellier iyengar\" \/>\n<meta property=\"og:description\" content=\"POSTURES DE YOGA :FAMILLE DES TORSIONS, postures figurant sur le jeu yoga happy families. Postures parfaites avec leurs noms en sanscrit\" \/>\n<meta property=\"og:url\" content=\"http:\/\/www.yoga-montpellier.org\/fr_FR\/torsions\/\" \/>\n<meta property=\"og:site_name\" content=\"yoga montpellier iyengar\" \/>\n<meta property=\"article:publisher\" content=\"https:\/\/www.facebook.com\/SHAKTI-STUDIO-DE-YOGA-IYENGAR-118107854966229\/?fref=nf\" \/>\n<meta property=\"article:modified_time\" content=\"2020-02-26T16:20:27+00:00\" \/>\n<meta property=\"og:image\" content=\"https:\/\/yogahappyfamilies.com\/wp-content\/uploads\/2020\/01\/TwistsBharadvajasana2.png\" \/>\n<meta name=\"twitter:card\" content=\"summary\" \/>\n<meta name=\"twitter:label1\" content=\"Dur\u00e9e de lecture est.\">\n\t<meta name=\"twitter:data1\" content=\"2 minutes\">\n<script type=\"application\/ld+json\" class=\"yoast-schema-graph\">{\"@context\":\"https:\/\/schema.org\",\"@graph\":[{\"@type\":\"WebSite\",\"@id\":\"http:\/\/www.yoga-montpellier.org\/fr_FR\/#website\",\"url\":\"http:\/\/www.yoga-montpellier.org\/fr_FR\/\",\"name\":\"yoga montpellier iyengar\",\"description\":\"\",\"potentialAction\":[{\"@type\":\"SearchAction\",\"target\":\"http:\/\/www.yoga-montpellier.org\/fr_FR\/?s={search_term_string}\",\"query-input\":\"required name=search_term_string\"}],\"inLanguage\":\"fr-FR\"},{\"@type\":\"ImageObject\",\"@id\":\"http:\/\/www.yoga-montpellier.org\/fr_FR\/torsions\/#primaryimage\",\"inLanguage\":\"fr-FR\",\"url\":\"https:\/\/yogahappyfamilies.com\/wp-content\/uploads\/2020\/01\/TwistsBharadvajasana2.png\"},{\"@type\":\"WebPage\",\"@id\":\"http:\/\/www.yoga-montpellier.org\/fr_FR\/torsions\/#webpage\",\"url\":\"http:\/\/www.yoga-montpellier.org\/fr_FR\/torsions\/\",\"name\":\"Torsions du jeu de cartes \\\"Yoga happy families\\\" - yoga montpellier iyengar\",\"isPartOf\":{\"@id\":\"http:\/\/www.yoga-montpellier.org\/fr_FR\/#website\"},\"primaryImageOfPage\":{\"@id\":\"http:\/\/www.yoga-montpellier.org\/fr_FR\/torsions\/#primaryimage\"},\"datePublished\":\"2020-02-25T16:36:48+00:00\",\"dateModified\":\"2020-02-26T16:20:27+00:00\",\"description\":\"POSTURES DE YOGA :FAMILLE DES TORSIONS, postures figurant sur le jeu yoga happy families. Postures parfaites avec leurs noms en sanscrit\",\"inLanguage\":\"fr-FR\",\"potentialAction\":[{\"@type\":\"ReadAction\",\"target\":[\"http:\/\/www.yoga-montpellier.org\/fr_FR\/torsions\/\"]}]}]}<\/script>\n<!-- \/ Yoast SEO plugin. -->","_links":{"self":[{"href":"http:\/\/www.yoga-montpellier.org\/fr_FR\/wp-json\/wp\/v2\/pages\/2026"}],"collection":[{"href":"http:\/\/www.yoga-montpellier.org\/fr_FR\/wp-json\/wp\/v2\/pages"}],"about":[{"href":"http:\/\/www.yoga-montpellier.org\/fr_FR\/wp-json\/wp\/v2\/types\/page"}],"author":[{"embeddable":true,"href":"http:\/\/www.yoga-montpellier.org\/fr_FR\/wp-json\/wp\/v2\/users\/1"}],"replies":[{"embeddable":true,"href":"http:\/\/www.yoga-montpellier.org\/fr_FR\/wp-json\/wp\/v2\/comments?post=2026"}],"version-history":[{"count":6,"href":"http:\/\/www.yoga-montpellier.org\/fr_FR\/wp-json\/wp\/v2\/pages\/2026\/revisions"}],"predecessor-version":[{"id":2066,"href":"http:\/\/www.yoga-montpellier.org\/fr_FR\/wp-json\/wp\/v2\/pages\/2026\/revisions\/2066"}],"wp:attachment":[{"href":"http:\/\/www.yoga-montpellier.org\/fr_FR\/wp-json\/wp\/v2\/media?parent=2026"}],"curies":[{"name":"wp","href":"https:\/\/api.w.org\/{rel}","templated":true}]}}