{"id":2023,"date":"2020-02-25T17:28:23","date_gmt":"2020-02-25T16:28:23","guid":{"rendered":"http:\/\/www.yoga-montpellier.org\/?page_id=2023"},"modified":"2020-02-26T17:19:45","modified_gmt":"2020-02-26T16:19:45","slug":"postures-inversees","status":"publish","type":"page","link":"http:\/\/www.yoga-montpellier.org\/fr_FR\/postures-inversees\/","title":{"rendered":"Postures invers\u00e9es du jeu de cartes \"Yoga happy families\""},"content":{"rendered":"<h1 style=\"text-align: center;\"><span style=\"font-size: 24pt;\">POSTURES DE YOGA :<\/span><br \/>\n<span style=\"font-size: 24pt;\">FAMILLE POSTURES INVERS\u00c9ES<\/span><\/h1>\n<p>&nbsp;<\/p>\n<p style=\"text-align: center;\"><a href=\"http:\/\/www.yoga-montpellier.org\/wp-content\/uploads\/2020\/02\/Capture-d\u2019\u00e9cran-2020-02-25-\u00e0-17.22.54.png\"><img loading=\"lazy\" decoding=\"async\" class=\"alignnone size-full wp-image-2044\" src=\"http:\/\/www.yoga-montpellier.org\/wp-content\/uploads\/2020\/02\/Capture-d\u2019\u00e9cran-2020-02-25-\u00e0-17.22.54.png\" alt=\"\" width=\"310\" height=\"548\" srcset=\"http:\/\/www.yoga-montpellier.org\/wp-content\/uploads\/2020\/02\/Capture-d\u2019\u00e9cran-2020-02-25-\u00e0-17.22.54.png 310w, http:\/\/www.yoga-montpellier.org\/wp-content\/uploads\/2020\/02\/Capture-d\u2019\u00e9cran-2020-02-25-\u00e0-17.22.54-170x300.png 170w, http:\/\/www.yoga-montpellier.org\/wp-content\/uploads\/2020\/02\/Capture-d\u2019\u00e9cran-2020-02-25-\u00e0-17.22.54-40x70.png 40w\" sizes=\"(max-width: 310px) 100vw, 310px\" \/><\/a><br \/>\nDans la famille des postures invers\u00e9es,<br \/>\nles 6 Asanas sont d\u00e9clin\u00e9s selon le m\u00eame mode.<\/p>\n<p>&nbsp;<\/p>\n<p style=\"text-align: center;\"><a href=\"http:\/\/www.yoga-montpellier.org\/wp-content\/uploads\/2016\/10\/trait-fin-rouge.jpg\"><img loading=\"lazy\" decoding=\"async\" class=\"alignnone size-full wp-image-1511\" src=\"http:\/\/www.yoga-montpellier.org\/wp-content\/uploads\/2016\/10\/trait-fin-rouge.jpg\" alt=\"\" width=\"439\" height=\"7\" srcset=\"http:\/\/www.yoga-montpellier.org\/wp-content\/uploads\/2016\/10\/trait-fin-rouge.jpg 439w, http:\/\/www.yoga-montpellier.org\/wp-content\/uploads\/2016\/10\/trait-fin-rouge-70x1.jpg 70w, http:\/\/www.yoga-montpellier.org\/wp-content\/uploads\/2016\/10\/trait-fin-rouge-300x5.jpg 300w\" sizes=\"(max-width: 439px) 100vw, 439px\" \/><\/a><\/p>\n<p>&nbsp;<\/p>\n<h2 style=\"text-align: center;\"><a href=\"http:\/\/www.yoga-montpellier.org\/wp-content\/uploads\/2020\/02\/Capture-d\u2019\u00e9cran-2020-02-25-\u00e0-17.23.55.png\"><img loading=\"lazy\" decoding=\"async\" class=\"alignnone size-full wp-image-2045\" src=\"http:\/\/www.yoga-montpellier.org\/wp-content\/uploads\/2020\/02\/Capture-d\u2019\u00e9cran-2020-02-25-\u00e0-17.23.55.png\" alt=\"\" width=\"370\" height=\"206\" srcset=\"http:\/\/www.yoga-montpellier.org\/wp-content\/uploads\/2020\/02\/Capture-d\u2019\u00e9cran-2020-02-25-\u00e0-17.23.55.png 370w, http:\/\/www.yoga-montpellier.org\/wp-content\/uploads\/2020\/02\/Capture-d\u2019\u00e9cran-2020-02-25-\u00e0-17.23.55-300x167.png 300w, http:\/\/www.yoga-montpellier.org\/wp-content\/uploads\/2020\/02\/Capture-d\u2019\u00e9cran-2020-02-25-\u00e0-17.23.55-70x39.png 70w\" sizes=\"(max-width: 370px) 100vw, 370px\" \/><\/a><br \/>\n<span style=\"font-size: 18pt;\">Adho mukha \u015bv\u0101n\u0101sana<\/span><\/h2>\n<p># 33, photos 75\/76, page 85 ( \u00ab Lumi\u00e8re sur le Yoga \u00bb. BKS Iyengar. Buchet\/Chastel ).<br \/>\n# 33, photos 18\/19, page 130 ( \u00ab Bible du Yoga \u00bb. BKS Iyengar. J\u2019ai lu\/Flammarion ).<br \/>\n# 14, photos 138\/139. pages 22<span class=\"Apple-converted-space\">\u00a0 <\/span>( \u00abYoga, joyau de la femme\u00bb, Geeta S Iyengar ).<\/p>\n<p><b>Adho<\/b> : Vers le bas.<br \/>\n<b>Mukha<\/b> : Visage.<br \/>\n<b>\u015av\u0101na<\/b> : Le chien.<\/p>\n<p>Le chien qui regarde vers le bas. C\u2019est la forme de la posture qui a donn\u00e9 son nom \u00e0 cette posture.<\/p>\n<p style=\"text-align: center;\"><strong>Cette posture figure parmi les invers\u00e9es, mais pourrait \u00e9galement appartenir aux \u00e9tirements vers l\u2019avant, aux postures debout ou encore aux \u00e9quilibres sur les mains.<\/strong><\/p>\n<p>&nbsp;<\/p>\n<p style=\"text-align: center;\"><a href=\"http:\/\/www.yoga-montpellier.org\/wp-content\/uploads\/2016\/10\/trait-fin-rouge.jpg\"><img loading=\"lazy\" decoding=\"async\" class=\"alignnone size-full wp-image-1511\" src=\"http:\/\/www.yoga-montpellier.org\/wp-content\/uploads\/2016\/10\/trait-fin-rouge.jpg\" alt=\"\" width=\"439\" height=\"7\" srcset=\"http:\/\/www.yoga-montpellier.org\/wp-content\/uploads\/2016\/10\/trait-fin-rouge.jpg 439w, http:\/\/www.yoga-montpellier.org\/wp-content\/uploads\/2016\/10\/trait-fin-rouge-70x1.jpg 70w, http:\/\/www.yoga-montpellier.org\/wp-content\/uploads\/2016\/10\/trait-fin-rouge-300x5.jpg 300w\" sizes=\"(max-width: 439px) 100vw, 439px\" \/><\/a><\/p>\n<p>&nbsp;<\/p>\n<h2 style=\"text-align: center;\"><a href=\"http:\/\/www.yoga-montpellier.org\/wp-content\/uploads\/2020\/02\/Capture-d\u2019\u00e9cran-2020-02-25-\u00e0-17.24.03.png\"><img loading=\"lazy\" decoding=\"async\" class=\"alignnone size-full wp-image-2046\" src=\"http:\/\/www.yoga-montpellier.org\/wp-content\/uploads\/2020\/02\/Capture-d\u2019\u00e9cran-2020-02-25-\u00e0-17.24.03.png\" alt=\"\" width=\"401\" height=\"154\" srcset=\"http:\/\/www.yoga-montpellier.org\/wp-content\/uploads\/2020\/02\/Capture-d\u2019\u00e9cran-2020-02-25-\u00e0-17.24.03.png 401w, http:\/\/www.yoga-montpellier.org\/wp-content\/uploads\/2020\/02\/Capture-d\u2019\u00e9cran-2020-02-25-\u00e0-17.24.03-300x115.png 300w, http:\/\/www.yoga-montpellier.org\/wp-content\/uploads\/2020\/02\/Capture-d\u2019\u00e9cran-2020-02-25-\u00e0-17.24.03-70x27.png 70w\" sizes=\"(max-width: 401px) 100vw, 401px\" \/><\/a><\/h2>\n<h3 style=\"text-align: center;\"><span style=\"font-size: 18pt;\">Hal\u0101sana<\/span><\/h3>\n<p># 91, photos 238\/244, page 163 ( \u00ab Lumi\u00e8re sur le Yoga \u00bb. BKS Iyengar. Buchet\/Chastel ).<br \/>\n# 91, photos 238\/244, page 242 ( \u00ab Bible du Yoga \u00bb. BKS Iyengar. J\u2019ai lu\/Flammarion ).<br \/>\n# 48, photos\u00a0<span class=\"Apple-converted-space\">\u00a088 \u00e0 91 page 190\u00a0<\/span>( \u00ab Yoga, joyau de la femme \u00bb, Geeta S Iyengar ).<\/p>\n<p><b>Hala <\/b>: Charrue<\/p>\n<p>&nbsp;<\/p>\n<p style=\"text-align: center;\"><a href=\"http:\/\/www.yoga-montpellier.org\/wp-content\/uploads\/2016\/10\/trait-fin-rouge.jpg\"><img loading=\"lazy\" decoding=\"async\" class=\"alignnone size-full wp-image-1511\" src=\"http:\/\/www.yoga-montpellier.org\/wp-content\/uploads\/2016\/10\/trait-fin-rouge.jpg\" alt=\"\" width=\"439\" height=\"7\" srcset=\"http:\/\/www.yoga-montpellier.org\/wp-content\/uploads\/2016\/10\/trait-fin-rouge.jpg 439w, http:\/\/www.yoga-montpellier.org\/wp-content\/uploads\/2016\/10\/trait-fin-rouge-70x1.jpg 70w, http:\/\/www.yoga-montpellier.org\/wp-content\/uploads\/2016\/10\/trait-fin-rouge-300x5.jpg 300w\" sizes=\"(max-width: 439px) 100vw, 439px\" \/><\/a><\/p>\n<p>&nbsp;<\/p>\n<h3><a href=\"http:\/\/www.yoga-montpellier.org\/wp-content\/uploads\/2020\/02\/Capture-d\u2019\u00e9cran-2020-02-25-\u00e0-17.24.11.png\"><img loading=\"lazy\" decoding=\"async\" class=\"size-full wp-image-2047 aligncenter\" src=\"http:\/\/www.yoga-montpellier.org\/wp-content\/uploads\/2020\/02\/Capture-d\u2019\u00e9cran-2020-02-25-\u00e0-17.24.11.png\" alt=\"\" width=\"355\" height=\"199\" srcset=\"http:\/\/www.yoga-montpellier.org\/wp-content\/uploads\/2020\/02\/Capture-d\u2019\u00e9cran-2020-02-25-\u00e0-17.24.11.png 355w, http:\/\/www.yoga-montpellier.org\/wp-content\/uploads\/2020\/02\/Capture-d\u2019\u00e9cran-2020-02-25-\u00e0-17.24.11-300x168.png 300w, http:\/\/www.yoga-montpellier.org\/wp-content\/uploads\/2020\/02\/Capture-d\u2019\u00e9cran-2020-02-25-\u00e0-17.24.11-70x39.png 70w\" sizes=\"(max-width: 355px) 100vw, 355px\" \/><\/a><\/h3>\n<h4 style=\"text-align: center;\"><span style=\"font-size: 18pt;\">P\u0101r\u015bv\u014dtt\u0101n\u0101sana<\/span><\/h4>\n<p># 12, photos 22\/28, page 62 ( \u00ab Lumi\u00e8re sur le Yoga \u00bb. BKS Iyengar. Buchet\/Chastel ).<br \/>\n# 12, photos 22\/28, page 99 ( \u00ab Bible du Yoga \u00bb. BKS Iyengar. J\u2019ai lu\/Flammarion ).<br \/>\n# 10, photo\u00a0<span class=\"Apple-converted-space\">15 \u00a0page 115\u00a0<\/span>( \u00abYoga, joyau de la femme\u00bb, Geeta S Iyengar ).<\/p>\n<p><b>P\u0101r\u015bva<\/b> : C\u00f4t\u00e9, flanc.<br \/>\n<b>Ut<\/b> : Intense.<br \/>\n<b>T\u0101n <\/b>: \u00c9tirer, allonger.<\/p>\n<p>Dans cette posture l\u2019un des deux flancs \/ poitrines est \u00e9tir\u00e9.<\/p>\n<p>Il s\u2019agit d\u2019une \u00e9lision : la derni\u00e8re syllabe d&rsquo;un mot s&rsquo;efface devant la 1<sup>re<\/sup>syllabe du mot suivant. Ainsi<span class=\"Apple-converted-space\">\u00a0 <\/span><b>P\u0101r\u015bva &#8211; Utt\u0101n\u0101sana <\/b>devient-il <b>P\u0101r\u015bv\u014dtt\u0101n\u0101sana, dispositif que l\u2019on retouve dans Paschimott\u0101n\u0101sana<\/b>, etc&#8230;<\/p>\n<p><b>P\u0101r\u015bv\u014dtt\u0101n\u0101sana, <\/b>tout comme <b>Utt\u0101n\u0101sana<\/b>,<b> Adho Mukha \u015av\u0101n\u0101sana, <\/b>est en m\u00eame temps une posture debout, une posture invers\u00e9e, et un \u00e9tirement vers l\u2019avant. Cet \u0101sana<b> <\/b>fait donc partie de plusieurs familles en m\u00eame temps.<\/p>\n<p>&nbsp;<\/p>\n<p style=\"text-align: center;\"><a href=\"http:\/\/www.yoga-montpellier.org\/wp-content\/uploads\/2016\/10\/trait-fin-rouge.jpg\"><img loading=\"lazy\" decoding=\"async\" class=\"alignnone size-full wp-image-1511\" src=\"http:\/\/www.yoga-montpellier.org\/wp-content\/uploads\/2016\/10\/trait-fin-rouge.jpg\" alt=\"\" width=\"439\" height=\"7\" srcset=\"http:\/\/www.yoga-montpellier.org\/wp-content\/uploads\/2016\/10\/trait-fin-rouge.jpg 439w, http:\/\/www.yoga-montpellier.org\/wp-content\/uploads\/2016\/10\/trait-fin-rouge-70x1.jpg 70w, http:\/\/www.yoga-montpellier.org\/wp-content\/uploads\/2016\/10\/trait-fin-rouge-300x5.jpg 300w\" sizes=\"(max-width: 439px) 100vw, 439px\" \/><\/a><\/p>\n<p>&nbsp;<\/p>\n<h5 style=\"text-align: center;\"><a href=\"http:\/\/www.yoga-montpellier.org\/wp-content\/uploads\/2020\/02\/Capture-d\u2019\u00e9cran-2020-02-25-\u00e0-17.24.20.png\"><img loading=\"lazy\" decoding=\"async\" class=\"alignnone wp-image-2048 size-full\" src=\"http:\/\/www.yoga-montpellier.org\/wp-content\/uploads\/2020\/02\/Capture-d\u2019\u00e9cran-2020-02-25-\u00e0-17.24.20.png\" alt=\"\" width=\"161\" height=\"238\" srcset=\"http:\/\/www.yoga-montpellier.org\/wp-content\/uploads\/2020\/02\/Capture-d\u2019\u00e9cran-2020-02-25-\u00e0-17.24.20.png 161w, http:\/\/www.yoga-montpellier.org\/wp-content\/uploads\/2020\/02\/Capture-d\u2019\u00e9cran-2020-02-25-\u00e0-17.24.20-47x70.png 47w\" sizes=\"(max-width: 161px) 100vw, 161px\" \/><\/a><br \/>\n<span style=\"font-size: 18pt;\">Uttan\u0101s\u0101na<\/span><\/h5>\n<p># 20, photos 47\/48, page 72 ( \u00ab Lumi\u00e8re sur le Yoga \u00bb. BKS Iyengar. Buchet\/Chastel ).<br \/>\n# 20 <span class=\"Apple-converted-space\">\u00a0 <\/span>Photos 47\/48, page 112 ( \u00ab Bible du Yoga \u00bb. BKS Iyengar. J\u2019ai lu\/Flammarion ).<br \/>\n# 13, photo <span class=\"Apple-converted-space\">21, page 121\u00a0<\/span>( \u00abYoga, joyau de la femme\u00bb, Geeta S Iyengar ).<\/p>\n<p><b>Ut<\/b> : Cette racine induit l\u2019intensit\u00e9, une intention forte.<br \/>\n<b>T\u0101n <\/b>: \u00c9tirer.<br \/>\n<b>Utt\u0101n\u0101sana <\/b>: S\u2019\u00e9tirer fortement, en l\u2019occurrence vers l\u2019avant et vers le bas.<\/p>\n<p>On retrouve <b>Ut \/ Utt\u0101n\u0101sana <\/b>dans : <b>Utthita triko\u1e47\u0101sana<\/b> &amp;<span class=\"Apple-converted-space\">\u00a0 \u00a0 \u00a0 <\/span><b>P\u0101r\u015bvako\u1e47\u0101sana<\/b>, <b>P\u0101r\u015bv\u014dtt\u0101n\u0101sana<\/b>, <b>Paschimott\u0101n\u0101sana<\/b>, <b>P\u016brvott\u0101n\u0101sana<\/b>&#8230;<\/p>\n<p>Il s\u2019agit d\u2019une \u00e9lision : la derni\u00e8re syllabe d&rsquo;un mot s&rsquo;efface devant la 1<sup>re<\/sup>syllabe du mot suivant. Ainsi <b>Paschima <\/b>(l\u2019ouest) <b>&#8211; Utt\u0101n\u0101sana <\/b>devient-il <b>Paschimott\u0101n\u0101sana<\/b> etc&#8230;<\/p>\n<p style=\"text-align: justify;\"><b>Utt\u0101n\u0101sana, <\/b>tout comme<b> Adho Mukha \u015av\u0101n\u0101sana, <\/b>est en m\u00eame temps une posture debout, une posture invers\u00e9e, et un \u00e9tirement vers l\u2019avant. Il fait donc partie de plusieurs familles en m\u00eame temps. Elle pourrait \u00e9galement \u00eatre class\u00e9e parmi les postures de \u00abr\u00e9cup\u00e9ration\u00bb.<\/p>\n<p>&nbsp;<\/p>\n<p style=\"text-align: center;\"><a href=\"http:\/\/www.yoga-montpellier.org\/wp-content\/uploads\/2016\/10\/trait-fin-rouge.jpg\"><img loading=\"lazy\" decoding=\"async\" class=\"alignnone size-full wp-image-1511\" src=\"http:\/\/www.yoga-montpellier.org\/wp-content\/uploads\/2016\/10\/trait-fin-rouge.jpg\" alt=\"\" width=\"439\" height=\"7\" srcset=\"http:\/\/www.yoga-montpellier.org\/wp-content\/uploads\/2016\/10\/trait-fin-rouge.jpg 439w, http:\/\/www.yoga-montpellier.org\/wp-content\/uploads\/2016\/10\/trait-fin-rouge-70x1.jpg 70w, http:\/\/www.yoga-montpellier.org\/wp-content\/uploads\/2016\/10\/trait-fin-rouge-300x5.jpg 300w\" sizes=\"(max-width: 439px) 100vw, 439px\" \/><\/a><\/p>\n<p>&nbsp;<\/p>\n<h6 style=\"text-align: center;\"><a href=\"http:\/\/www.yoga-montpellier.org\/wp-content\/uploads\/2020\/02\/Capture-d\u2019\u00e9cran-2020-02-25-\u00e0-17.24.31.png\"><img loading=\"lazy\" decoding=\"async\" class=\"alignnone size-full wp-image-2049\" src=\"http:\/\/www.yoga-montpellier.org\/wp-content\/uploads\/2020\/02\/Capture-d\u2019\u00e9cran-2020-02-25-\u00e0-17.24.31.png\" alt=\"\" width=\"117\" height=\"416\" srcset=\"http:\/\/www.yoga-montpellier.org\/wp-content\/uploads\/2020\/02\/Capture-d\u2019\u00e9cran-2020-02-25-\u00e0-17.24.31.png 117w, http:\/\/www.yoga-montpellier.org\/wp-content\/uploads\/2020\/02\/Capture-d\u2019\u00e9cran-2020-02-25-\u00e0-17.24.31-84x300.png 84w, http:\/\/www.yoga-montpellier.org\/wp-content\/uploads\/2020\/02\/Capture-d\u2019\u00e9cran-2020-02-25-\u00e0-17.24.31-20x70.png 20w\" sizes=\"(max-width: 117px) 100vw, 117px\" \/><\/a><br \/>\n<span style=\"font-size: 18pt;\">S\u0101lamba \u015air\u1e63\u0101sana<\/span><\/h6>\n<p># 74, photos 176\/218, page 134 ( \u00ab Lumi\u00e8re sur le Yoga \u00bb. BKS Iyengar. Buchet\/Chastel ).<br \/>\n# 74, photos 176\/218, page 202 ( \u00ab Bible du Yoga \u00bb. BKS Iyengar. J\u2019ai lu\/Flammarion ).<br \/>\n# 38, photos\u00a0<span class=\"Apple-converted-space\">69\/70, page 165\u00a0<\/span>( \u00abYoga, joyau de la femme\u00bb, Geeta S Iyengar ).<\/p>\n<p><b>S\u0101lamba <\/b>: Avec support (des mains et des bras, \u00e0 la diff\u00e9rence de <b>Nir\u0101lamba<\/b>, sans support).<br \/>\n<b>\u015air\u1e63a <\/b>: la t\u00eate.<\/p>\n<p style=\"text-align: center;\"><strong>C\u2019est la posture \/ \u00e9quilibre sur la t\u00eate.<\/strong><\/p>\n<p>&nbsp;<\/p>\n<p style=\"text-align: center;\"><a href=\"http:\/\/www.yoga-montpellier.org\/wp-content\/uploads\/2016\/10\/trait-fin-rouge.jpg\"><img loading=\"lazy\" decoding=\"async\" class=\"alignnone size-full wp-image-1511\" src=\"http:\/\/www.yoga-montpellier.org\/wp-content\/uploads\/2016\/10\/trait-fin-rouge.jpg\" alt=\"\" width=\"439\" height=\"7\" srcset=\"http:\/\/www.yoga-montpellier.org\/wp-content\/uploads\/2016\/10\/trait-fin-rouge.jpg 439w, http:\/\/www.yoga-montpellier.org\/wp-content\/uploads\/2016\/10\/trait-fin-rouge-70x1.jpg 70w, http:\/\/www.yoga-montpellier.org\/wp-content\/uploads\/2016\/10\/trait-fin-rouge-300x5.jpg 300w\" sizes=\"(max-width: 439px) 100vw, 439px\" \/><\/a><\/p>\n<p>&nbsp;<\/p>\n<h6 style=\"text-align: center;\"><a href=\"http:\/\/www.yoga-montpellier.org\/wp-content\/uploads\/2020\/02\/Capture-d\u2019\u00e9cran-2020-02-25-\u00e0-17.24.41.png\"><img loading=\"lazy\" decoding=\"async\" class=\"alignnone size-full wp-image-2050\" src=\"http:\/\/www.yoga-montpellier.org\/wp-content\/uploads\/2020\/02\/Capture-d\u2019\u00e9cran-2020-02-25-\u00e0-17.24.41.png\" alt=\"\" width=\"168\" height=\"386\" srcset=\"http:\/\/www.yoga-montpellier.org\/wp-content\/uploads\/2020\/02\/Capture-d\u2019\u00e9cran-2020-02-25-\u00e0-17.24.41.png 168w, http:\/\/www.yoga-montpellier.org\/wp-content\/uploads\/2020\/02\/Capture-d\u2019\u00e9cran-2020-02-25-\u00e0-17.24.41-131x300.png 131w, http:\/\/www.yoga-montpellier.org\/wp-content\/uploads\/2020\/02\/Capture-d\u2019\u00e9cran-2020-02-25-\u00e0-17.24.41-30x70.png 30w\" sizes=\"(max-width: 168px) 100vw, 168px\" \/><\/a><br \/>\n<span style=\"font-size: 18pt;\">S\u0101lamba Sarv\u0101ng\u0101sana<\/span><\/h6>\n<p># 87, photos 219\/237, page 155 ( \u00ab Lumi\u00e8re sur le Yoga \u00bb. BKS Iyengar. Buchet\/Chastel ).<br \/>\n# 87, photos 219\/237, page 231 ( \u00ab Bible du Yoga \u00bb. BKS Iyengar. J\u2019ai lu\/Flammarion ).<br \/>\n# 47, photos<span class=\"Apple-converted-space\">\u00a084, page 184\u00a0<\/span>( \u00abYoga, joyau de la femme\u00bb, Geeta S Iyengar ).<\/p>\n<p><b>S\u0101lamba <\/b>: Avec support (des mains et des bras, \u00e0 la diff\u00e9rence de <b>Nir\u0101lamba<\/b>, sans support).<br \/>\n<b>Sarva<\/b> : tout, entier&#8230; Parfois utilis\u00e9 dans les \u00e9critures pour exprimer l\u2019Absolu.<\/p>\n<p><b>A\u1e45ga<\/b> : membre, corps. Terme que l\u2019on retrouve dans, <b>A\u1e63\u1e6d\u0101nga Yoga,<\/b> <b>Chatura\u1e45ga Da\u1e47\u1e0d\u0101sana<\/b>,<b> P\u0101d\u0101ngu\u1e63\u1e6dh\u0101sana<\/b>&#8230;<\/p>\n<p><b>Sarv\u0101nga <\/b>: Le corps tout entier.<\/p>\n<p>Plus connue sous le nom de \u00ab chandelle \u00bb, <b>Sarv\u0101ng\u0101sana <\/b> tire son nom du fait qu\u2019elle soit b\u00e9n\u00e9fique pour le corps tout entier&#8230;<\/p>\n<h3><\/h3>\n<h3><\/h3>\n","protected":false},"excerpt":{"rendered":"<h1 style=\"text-align: center;\"><span style=\"font-size: 24pt;\">POSTURES DE YOGA :<\/span><br \/>\n<span style=\"font-size: 24pt;\">FAMILLE POSTURES INVERS\u00c9ES<\/span><\/h1>\n<p>&nbsp;<\/p>\n<p style=\"text-align: center;\"><a href=\"http:\/\/www.yoga-montpellier.org\/wp-conten...\n<\/p>\n","protected":false},"author":1,"featured_media":0,"parent":0,"menu_order":0,"comment_status":"closed","ping_status":"closed","template":"","meta":{"footnotes":""},"yoast_head":"<!-- This site is optimized with the Yoast SEO plugin v15.6.1 - https:\/\/yoast.com\/wordpress\/plugins\/seo\/ -->\n<meta name=\"description\" content=\"Postures invers\u00e9es ( disponibles sur le jeu de cartes &quot;Yoga happy families ): repr\u00e9sentation parfaite des postures avec leurs noms en sanscrit\" \/>\n<meta name=\"robots\" content=\"index, follow, max-snippet:-1, max-image-preview:large, max-video-preview:-1\" \/>\n<link rel=\"canonical\" href=\"https:\/\/www.yoga-montpellier.org\/postures-inversees\/\" \/>\n<meta property=\"og:locale\" content=\"fr_FR\" \/>\n<meta property=\"og:type\" content=\"article\" \/>\n<meta property=\"og:title\" content=\"Postures invers\u00e9es du jeu de cartes &quot;Yoga happy families&quot; - yoga montpellier iyengar\" \/>\n<meta property=\"og:description\" content=\"Postures invers\u00e9es ( disponibles sur le jeu de cartes &quot;Yoga happy families ): repr\u00e9sentation parfaite des postures avec leurs noms en sanscrit\" \/>\n<meta property=\"og:url\" content=\"https:\/\/www.yoga-montpellier.org\/postures-inversees\/\" \/>\n<meta property=\"og:site_name\" content=\"yoga montpellier iyengar\" \/>\n<meta property=\"article:publisher\" content=\"https:\/\/www.facebook.com\/SHAKTI-STUDIO-DE-YOGA-IYENGAR-118107854966229\/?fref=nf\" \/>\n<meta property=\"article:modified_time\" content=\"2020-02-26T16:19:45+00:00\" \/>\n<meta property=\"og:image\" content=\"http:\/\/www.yoga-montpellier.org\/wp-content\/uploads\/2020\/02\/Capture-d\u2019\u00e9cran-2020-02-25-\u00e0-17.22.54.png\" \/>\n<meta name=\"twitter:card\" content=\"summary\" \/>\n<meta name=\"twitter:label1\" content=\"Dur\u00e9e de lecture est.\">\n\t<meta name=\"twitter:data1\" content=\"3 minutes\">\n<script type=\"application\/ld+json\" class=\"yoast-schema-graph\">{\"@context\":\"https:\/\/schema.org\",\"@graph\":[{\"@type\":\"WebSite\",\"@id\":\"http:\/\/www.yoga-montpellier.org\/fr_FR\/#website\",\"url\":\"http:\/\/www.yoga-montpellier.org\/fr_FR\/\",\"name\":\"yoga montpellier iyengar\",\"description\":\"\",\"potentialAction\":[{\"@type\":\"SearchAction\",\"target\":\"http:\/\/www.yoga-montpellier.org\/fr_FR\/?s={search_term_string}\",\"query-input\":\"required name=search_term_string\"}],\"inLanguage\":\"fr-FR\"},{\"@type\":\"ImageObject\",\"@id\":\"https:\/\/www.yoga-montpellier.org\/postures-inversees\/#primaryimage\",\"inLanguage\":\"fr-FR\",\"url\":\"http:\/\/www.yoga-montpellier.org\/wp-content\/uploads\/2020\/02\/Capture-d\\u2019\\u00e9cran-2020-02-25-\\u00e0-17.22.54.png\",\"width\":310,\"height\":548},{\"@type\":\"WebPage\",\"@id\":\"https:\/\/www.yoga-montpellier.org\/postures-inversees\/#webpage\",\"url\":\"https:\/\/www.yoga-montpellier.org\/postures-inversees\/\",\"name\":\"Postures invers\\u00e9es du jeu de cartes \\\"Yoga happy families\\\" - yoga montpellier iyengar\",\"isPartOf\":{\"@id\":\"http:\/\/www.yoga-montpellier.org\/fr_FR\/#website\"},\"primaryImageOfPage\":{\"@id\":\"https:\/\/www.yoga-montpellier.org\/postures-inversees\/#primaryimage\"},\"datePublished\":\"2020-02-25T16:28:23+00:00\",\"dateModified\":\"2020-02-26T16:19:45+00:00\",\"description\":\"Postures invers\\u00e9es ( disponibles sur le jeu de cartes \\\"Yoga happy families ): repr\\u00e9sentation parfaite des postures avec leurs noms en sanscrit\",\"inLanguage\":\"fr-FR\",\"potentialAction\":[{\"@type\":\"ReadAction\",\"target\":[\"https:\/\/www.yoga-montpellier.org\/postures-inversees\/\"]}]}]}<\/script>\n<!-- \/ Yoast SEO plugin. -->","_links":{"self":[{"href":"http:\/\/www.yoga-montpellier.org\/fr_FR\/wp-json\/wp\/v2\/pages\/2023"}],"collection":[{"href":"http:\/\/www.yoga-montpellier.org\/fr_FR\/wp-json\/wp\/v2\/pages"}],"about":[{"href":"http:\/\/www.yoga-montpellier.org\/fr_FR\/wp-json\/wp\/v2\/types\/page"}],"author":[{"embeddable":true,"href":"http:\/\/www.yoga-montpellier.org\/fr_FR\/wp-json\/wp\/v2\/users\/1"}],"replies":[{"embeddable":true,"href":"http:\/\/www.yoga-montpellier.org\/fr_FR\/wp-json\/wp\/v2\/comments?post=2023"}],"version-history":[{"count":7,"href":"http:\/\/www.yoga-montpellier.org\/fr_FR\/wp-json\/wp\/v2\/pages\/2023\/revisions"}],"predecessor-version":[{"id":2065,"href":"http:\/\/www.yoga-montpellier.org\/fr_FR\/wp-json\/wp\/v2\/pages\/2023\/revisions\/2065"}],"wp:attachment":[{"href":"http:\/\/www.yoga-montpellier.org\/fr_FR\/wp-json\/wp\/v2\/media?parent=2023"}],"curies":[{"name":"wp","href":"https:\/\/api.w.org\/{rel}","templated":true}]}}