{"id":1984,"date":"2020-02-25T15:53:38","date_gmt":"2020-02-25T14:53:38","guid":{"rendered":"http:\/\/www.yoga-montpellier.org\/?page_id=1984"},"modified":"2020-02-25T15:53:48","modified_gmt":"2020-02-25T14:53:48","slug":"bibliographie","status":"publish","type":"page","link":"http:\/\/www.yoga-montpellier.org\/fr_FR\/bibliographie\/","title":{"rendered":"Bibliographie"},"content":{"rendered":"<h1 style=\"text-align: center;\"><span style=\"font-size: 24pt; color: #ff9900;\">Le studio de Yoga Iyengar Shakti\u00a0\u00e0 Montpellier\u00a0vous propose une s\u00e9lection de livres sur\u00a0 le Yoga<\/span><\/h1>\n<p><span style=\"font-size: 14pt;\"><strong><br \/>\nS\u00e9lection Shakti : Livres de Prashant Iyengar, publi\u00e9s par le Ramamani Iyengar Memorial Yoga Institute, Pune.<\/strong><\/span><\/p>\n<p>&nbsp;<\/p>\n<p>Yogavidya Pravachanamala Vol. 1 ( Kannada \/ Marathi )<\/p>\n<p>Yogavidya Pravachanamala Vol. 2 ( Kannada \/ Marathi )<\/p>\n<p>Yog and the new millenium<\/p>\n<p>Alpha and omega of Trikonasana<\/p>\n<p>Tuesdays with Prashant : Prashant Uvach<\/p>\n<p>Chittavijnana of Yogasanas<\/p>\n<p>Lyricised Yog Sutras<\/p>\n<p>Organology and sensology in Yog<\/p>\n<p>Yogasana &#8211; An Adhyatmic academy<\/p>\n<p>Ashtanga Yoga of Patanjali<\/p>\n<p>Yogasana ( 18 Maha Kriyas of Yogasana )<\/p>\n<p>A manual of humanies<\/p>\n<p>Fondamentals of Patanjali\u2019s philosophy<\/p>\n<p>Discourses on Yog Vol 1<\/p>\n<p>Pranayama<\/p>\n<p>&#8211; A class after a class<\/p>\n<p><img loading=\"lazy\" decoding=\"async\" class=\"alignnone size-full wp-image-1511\" src=\"http:\/\/www.yoga-montpellier.org\/wp-content\/uploads\/2016\/10\/trait-fin-rouge.jpg\" alt=\"trait-fin-rouge\" width=\"439\" height=\"7\" srcset=\"http:\/\/www.yoga-montpellier.org\/wp-content\/uploads\/2016\/10\/trait-fin-rouge.jpg 439w, http:\/\/www.yoga-montpellier.org\/wp-content\/uploads\/2016\/10\/trait-fin-rouge-70x1.jpg 70w, http:\/\/www.yoga-montpellier.org\/wp-content\/uploads\/2016\/10\/trait-fin-rouge-300x5.jpg 300w\" sizes=\"(max-width: 439px) 100vw, 439px\" \/><\/p>\n<h2><span style=\"font-size: 18pt;\"><strong>Michel Hulin<\/strong><\/span><\/h2>\n<p>Michel Hulin est professeur \u00e9m\u00e9rite \u00e0 l&rsquo;universit\u00e9 Paris-Sorbonne1, dont il a occup\u00e9 la chaire de philosophie de 1981 \u00e0 1998. Dans le cadre de la philosophie indienne, il est plus particuli\u00e8rement sp\u00e9cialiste de l&rsquo;Adva\u00efta v\u00e9danta.<br \/>\nLien Wikip\u00e9dia:<br \/>\n<a href=\"https:\/\/fr.wikipedia.org\/wiki\/Michel_Hulin\" target=\"_blank\" rel=\"noopener noreferrer\">https:\/\/fr.wikipedia.org\/wiki\/Michel_Hulin<\/a><\/p>\n<p>&#8211; <strong>Le Principe de l&rsquo;ego dans la pens\u00e9e indienne classique<\/strong> : La notion d&rsquo; ahamkara, Paris, 1978, 375 p. Essai<\/p>\n<p>&#8211; <strong>Hegel et l&rsquo;Orient<\/strong>, Paris, 1979, 224 p. Essai<\/p>\n<p>&#8211; <strong>La Face cach\u00e9e du temps<\/strong> : l&rsquo;imaginaire de l&rsquo;au-del\u00e0, Paris, Fayard, 1er avril 1985, 413 p. (ISBN 978-2213015521) Essai<\/p>\n<p>&#8211; <strong>Sept r\u00e9cits initiatiques tir\u00e9s du yoga-vasistha<\/strong> : l&rsquo;imaginaire de l&rsquo;au-del\u00e0, Paris, Berg International, 1987 (ISBN 978-2900269435) Essai<\/p>\n<p>&#8211; <strong>La mystique sauvage<\/strong>, Paris, PUF, 1993 (ISBN 978-2130571155) Essai<\/p>\n<p>&#8211; <strong>Qu&rsquo;est-ce que l&rsquo;ignorance m\u00e9taphysique<\/strong> (dans la pens\u00e9e hindoue)? : <strong>\u015aa\u1e45kara<\/strong>, Paris, Vrin, 1994, 126 p. (ISBN 978-2711611829) Essai<\/p>\n<p>&#8211; <strong>L&rsquo;Inde inspiratrice : R\u00e9ception de l&rsquo;Inde en France et en Allemagne, XIXe-XXe si\u00e8cles<\/strong>, Paris, PUS, 15 janvier 1997, 228 p. (ISBN 978-2868206596) Essai<\/p>\n<p>&#8211; <strong>L&rsquo;Inde des Sages<\/strong>, Paris, Ed. du F\u00e9lin, 2000 (ISBN 978-2848981147) Essai\u2028&gt;<\/p>\n<p>&#8211; <strong>Comment la philosophie indienne s&rsquo;est-elle d\u00e9velopp\u00e9e ? : La querelle brahmanes-bouddhistes<\/strong>, Paris, Editions du Panama, 10 avril 2008, 197 p. (ISBN 978-2755700947) Essai<\/p>\n<p>&#8211; <strong>La Bhagavad-Gita<\/strong>, Paris, Points, coll. \u00ab Points Sagesses \u00bb, 7 octobre 2010, 284 p. (ISBN 978-2757814833) Essai<\/p>\n<p><strong>Michel Hulin \u00e0 la radio&#8230;<\/strong><\/p>\n<p><strong>Philosophies indiennes (1\/4) : Upanishads, les textes &#8230;<\/strong> &#8211; France Culture<br \/>\nMichel Hulin &#8211; Les Upanishad &#8211; YouTube<br \/>\n\u25b6 50:00<br \/>\n<iframe loading=\"lazy\" src=\"https:\/\/www.youtube.com\/embed\/G7FTEexMyAU\" width=\"560\" height=\"315\" frameborder=\"0\" allowfullscreen=\"allowfullscreen\" data-mce-fragment=\"1\"><\/iframe><\/p>\n<p><strong>&#8211; Emission du 16 d\u00e9cembre 2013 enregistr\u00e9e \u00e0 radio France Culture lors de l&rsquo;\u00e9mission Les Nouveaux chemins de\u00a0la connaissance :\u00a0Les Upanishad<\/strong><br \/>\n<a href=\"https:\/\/www.franceculture.fr\/emissions\/les-nouveaux-chemins-de-la-connaissance\" target=\"_blank\" rel=\"noopener noreferrer\">https:\/\/www.franceculture.fr\/emissions\/les-nouveaux-chemins-de-la-connaissance<\/a><\/p>\n<p><img loading=\"lazy\" decoding=\"async\" class=\"alignnone size-full wp-image-1511\" src=\"http:\/\/www.yoga-montpellier.org\/wp-content\/uploads\/2016\/10\/trait-fin-rouge.jpg\" alt=\"trait-fin-rouge\" width=\"439\" height=\"7\" srcset=\"http:\/\/www.yoga-montpellier.org\/wp-content\/uploads\/2016\/10\/trait-fin-rouge.jpg 439w, http:\/\/www.yoga-montpellier.org\/wp-content\/uploads\/2016\/10\/trait-fin-rouge-70x1.jpg 70w, http:\/\/www.yoga-montpellier.org\/wp-content\/uploads\/2016\/10\/trait-fin-rouge-300x5.jpg 300w\" sizes=\"(max-width: 439px) 100vw, 439px\" \/><\/p>\n<h3><span class=\"Apple-style-span\"><span style=\"font-size: 18pt;\"><b>Alain Dani\u00e9lou<\/b><\/span><\/span><\/h3>\n<p>&nbsp;<\/p>\n<p><span class=\"Apple-style-span\">Alain Dani\u00e9lou, d\u00e9cri\u00e9 par certains pour son penchant provocateur n\u2019a laiss\u00e9 personne indiff\u00e9rent. Nous lui devons quelques monuments sur la symbolique du monde indien, \u00e9maill\u00e9s de ses consid\u00e9rations personnelles : loin de cacher son homosexualit\u00e9, ce fr\u00e8re de cardinal ne perdait aucune occasion de fustiger l\u2019ordre \u00e9tabli ni d\u2019\u00e9corcher les bonnes moeurs, au risque de se laisser emporter parfois un peu loin du sujet initial&#8230;<\/span><\/p>\n<p>Voyageur passionn\u00e9 et fantasque, amateur d\u2019art et musicien accompli, il mit \u00e0 profit de longs s\u00e9jours en Inde pour \u00e9crire diff\u00e9rents trait\u00e9s sur la musique, la litt\u00e9rature et le th\u00e9\u00e2tre indien.<br \/>\nIl croise Jean Cocteau, Max Jacob, Igor Stravinsky ou encore Yehudi Menuhin, Ravi Shankar, Rabindranath Tagore&#8230; Les collections de disques de musiques traditionnelles publi\u00e9s sous l&rsquo;\u00e9gide de L\u2019Unesco seront r\u00e9alis\u00e9es sous sa direction.<\/p>\n<p>Sa vie est un vrai roman ( Le Chemin du Labyrinthe, Souvenirs d\u2019Orient et d\u2019Occident, \u00e9ditions Laffont, 1981, (ISBN\u00a02-268-01517-3) &#8211; L\u2019\u00c2ge d\u2019Homme, 2015 (ISBN\u00a0978-2-8251-4339-1) ).<\/p>\n<p>&#8230; Quelques liens pour d\u00e9couvrir ce personnage hors normes&#8230;<br \/>\n<a href=\"https:\/\/fr.wikipedia.org\/wiki\/Alain_Dani%C3%A9lou\" target=\"_blank\" rel=\"noopener noreferrer\" data-saferedirecturl=\"https:\/\/www.google.com\/url?hl=fr&amp;q=https:\/\/www.google.com\/url?q%3Dhttps%253A%252F%252Ffr.wikipedia.org%252Fwiki%252FAlain_Dani%2525C3%2525A9lou%26sa%3DD%26sntz%3D1%26usg%3DAFQjCNH4qToQ9cAqvpnqaxZ7doZ1Va1UdA&amp;source=gmail&amp;ust=1481991777727000&amp;usg=AFQjCNEzDoFH-pSJLl9BS_YCBbAqBq_RVg\">https:\/\/fr.wikipedia.org\/wiki\/<wbr \/>Alain_Dani%C3%A9lou<\/a><\/p>\n<p>Alain Dani\u00e9lou site officel<br \/>\n<a href=\"http:\/\/www.alaindanielou.org\/fr\/\" target=\"_blank\" rel=\"noopener noreferrer\" data-saferedirecturl=\"https:\/\/www.google.com\/url?hl=fr&amp;q=http:\/\/www.google.com\/url?q%3Dhttp%253A%252F%252Fwww.alaindanielou.org%252Ffr%252F%26sa%3DD%26sntz%3D1%26usg%3DAFQjCNE0wgJpILEEa2WCd7RFxJ3a2QtYog&amp;source=gmail&amp;ust=1481991777727000&amp;usg=AFQjCNFHB1ZDvtFM_nKx0RVo0X_F9iA2OQ\">www.alaindanielou.org\/fr\/<\/a><\/p>\n<p><strong><span style=\"font-size: 12pt;\">Petite bibliographie s\u00e9lective et non exhaustive.<\/span><br \/>\n<\/strong><span class=\"Apple-style-span\"><br \/>\n&#8211; <strong>L&rsquo;Histoire de l&rsquo;Inde<\/strong>, Fayard, 1971, 1983, (ISBN\u00a02-213-01254-7)<\/span><\/p>\n<p>&#8211; <strong>Les Quatre Sens de la Vie et la structure sociale de l\u2019Inde Traditionnelle<\/strong>, \u00c9ditions du Rocher, Paris, 1992, (ISBN\u00a02-268-01403-7)<\/p>\n<p>&#8211; <strong>Mythes et Dieux de L&rsquo;Inde, le polyth\u00e9isme hindou<\/strong>, \u00e9d. Champ-Flammarion, 1994, \u00a0\u00a0\u00a0 \u00a0\u00a0\u00a0 (ISBN\u00a02-08-081309-9)<\/p>\n<p>&#8211; <strong>Shiva et Dionysos, La Religion de la Nature et de l\u2019Eros, de la pr\u00e9histoire \u00e0 l\u2019avenir<\/strong>, Arth\u00e8me Fayard, 1979, (ISBN\u00a0221301762X)<\/p>\n<p>&#8211; <strong>La musique de l\u2019Inde du Nord<\/strong>, \u00e9ditions Buchet-Chastel, 1966, (ISBN\u00a02-85194-383-9)<\/p>\n<p><img loading=\"lazy\" decoding=\"async\" class=\"alignnone size-full wp-image-1511\" src=\"http:\/\/www.yoga-montpellier.org\/wp-content\/uploads\/2016\/10\/trait-fin-rouge.jpg\" alt=\"trait-fin-rouge\" width=\"439\" height=\"7\" srcset=\"http:\/\/www.yoga-montpellier.org\/wp-content\/uploads\/2016\/10\/trait-fin-rouge.jpg 439w, http:\/\/www.yoga-montpellier.org\/wp-content\/uploads\/2016\/10\/trait-fin-rouge-70x1.jpg 70w, http:\/\/www.yoga-montpellier.org\/wp-content\/uploads\/2016\/10\/trait-fin-rouge-300x5.jpg 300w\" sizes=\"(max-width: 439px) 100vw, 439px\" \/><\/p>\n<h4><span style=\"font-size: 18pt;\"><strong>Christian Pisano<br \/>\n<\/strong><\/span><span style=\"font-size: 18pt;\"><strong><br \/>\n<\/strong><\/span><strong>&#8211; La contemplation du h\u00e9ros, \u00a0<\/strong>Art et pratique du yoga, \u00e9ditions Almora, 2016, (ISBN 978-2-35118-251-2)<\/h4>\n<p><strong>&#8211; Le d\u00e9sert de Thar, <\/strong>roman, \u00e9ditions Publibook.<\/p>\n<p><strong>&#8211; Le grognement de l&rsquo;ours, <\/strong>chroniques.<\/p>\n<p>&nbsp;<\/p>\n","protected":false},"excerpt":{"rendered":"<h1 style=\"text-align: center;\"><span style=\"font-size: 24pt; color: #ff9900;\">Le studio de Yoga Iyengar Shakti\u00a0\u00e0 Montpellier\u00a0vous propose une s\u00e9lection de livres sur\u00a0 le Yoga<\/span><\/h1>\n<p><span style=\"font-size: 14pt;\"><strong><br \/>\nS\u00e9lection Shakti : L&#8230;<\/p>\n","protected":false},"author":1,"featured_media":0,"parent":0,"menu_order":0,"comment_status":"closed","ping_status":"closed","template":"","meta":{"footnotes":""},"yoast_head":"<!-- This site is optimized with the Yoast SEO plugin v15.6.1 - https:\/\/yoast.com\/wordpress\/plugins\/seo\/ -->\n<meta name=\"robots\" content=\"index, follow, max-snippet:-1, max-image-preview:large, max-video-preview:-1\" \/>\n<link rel=\"canonical\" href=\"http:\/\/www.yoga-montpellier.org\/fr_FR\/bibliographie\/\" \/>\n<meta property=\"og:locale\" content=\"fr_FR\" \/>\n<meta property=\"og:type\" content=\"article\" \/>\n<meta property=\"og:title\" content=\"Bibliographie - yoga montpellier iyengar\" \/>\n<meta property=\"og:description\" content=\"Le studio de Yoga Iyengar Shakti\u00a0\u00e0 Montpellier\u00a0vous propose une s\u00e9lection de livres sur\u00a0 le Yoga  S\u00e9lection Shakti : L...\" \/>\n<meta property=\"og:url\" content=\"http:\/\/www.yoga-montpellier.org\/fr_FR\/bibliographie\/\" \/>\n<meta property=\"og:site_name\" content=\"yoga montpellier iyengar\" \/>\n<meta property=\"article:publisher\" content=\"https:\/\/www.facebook.com\/SHAKTI-STUDIO-DE-YOGA-IYENGAR-118107854966229\/?fref=nf\" \/>\n<meta property=\"article:modified_time\" content=\"2020-02-25T14:53:48+00:00\" \/>\n<meta property=\"og:image\" content=\"http:\/\/www.yoga-montpellier.org\/wp-content\/uploads\/2016\/10\/trait-fin-rouge.jpg\" \/>\n<meta name=\"twitter:card\" content=\"summary\" \/>\n<meta name=\"twitter:label1\" content=\"Dur\u00e9e de lecture est.\">\n\t<meta name=\"twitter:data1\" content=\"4 minutes\">\n<script type=\"application\/ld+json\" class=\"yoast-schema-graph\">{\"@context\":\"https:\/\/schema.org\",\"@graph\":[{\"@type\":\"WebSite\",\"@id\":\"http:\/\/www.yoga-montpellier.org\/fr_FR\/#website\",\"url\":\"http:\/\/www.yoga-montpellier.org\/fr_FR\/\",\"name\":\"yoga montpellier iyengar\",\"description\":\"\",\"potentialAction\":[{\"@type\":\"SearchAction\",\"target\":\"http:\/\/www.yoga-montpellier.org\/fr_FR\/?s={search_term_string}\",\"query-input\":\"required name=search_term_string\"}],\"inLanguage\":\"fr-FR\"},{\"@type\":\"ImageObject\",\"@id\":\"http:\/\/www.yoga-montpellier.org\/fr_FR\/bibliographie\/#primaryimage\",\"inLanguage\":\"fr-FR\",\"url\":\"http:\/\/www.yoga-montpellier.org\/wp-content\/uploads\/2016\/10\/trait-fin-rouge.jpg\",\"width\":439,\"height\":7},{\"@type\":\"WebPage\",\"@id\":\"http:\/\/www.yoga-montpellier.org\/fr_FR\/bibliographie\/#webpage\",\"url\":\"http:\/\/www.yoga-montpellier.org\/fr_FR\/bibliographie\/\",\"name\":\"Bibliographie - yoga montpellier iyengar\",\"isPartOf\":{\"@id\":\"http:\/\/www.yoga-montpellier.org\/fr_FR\/#website\"},\"primaryImageOfPage\":{\"@id\":\"http:\/\/www.yoga-montpellier.org\/fr_FR\/bibliographie\/#primaryimage\"},\"datePublished\":\"2020-02-25T14:53:38+00:00\",\"dateModified\":\"2020-02-25T14:53:48+00:00\",\"inLanguage\":\"fr-FR\",\"potentialAction\":[{\"@type\":\"ReadAction\",\"target\":[\"http:\/\/www.yoga-montpellier.org\/fr_FR\/bibliographie\/\"]}]}]}<\/script>\n<!-- \/ Yoast SEO plugin. -->","_links":{"self":[{"href":"http:\/\/www.yoga-montpellier.org\/fr_FR\/wp-json\/wp\/v2\/pages\/1984"}],"collection":[{"href":"http:\/\/www.yoga-montpellier.org\/fr_FR\/wp-json\/wp\/v2\/pages"}],"about":[{"href":"http:\/\/www.yoga-montpellier.org\/fr_FR\/wp-json\/wp\/v2\/types\/page"}],"author":[{"embeddable":true,"href":"http:\/\/www.yoga-montpellier.org\/fr_FR\/wp-json\/wp\/v2\/users\/1"}],"replies":[{"embeddable":true,"href":"http:\/\/www.yoga-montpellier.org\/fr_FR\/wp-json\/wp\/v2\/comments?post=1984"}],"version-history":[{"count":1,"href":"http:\/\/www.yoga-montpellier.org\/fr_FR\/wp-json\/wp\/v2\/pages\/1984\/revisions"}],"predecessor-version":[{"id":1986,"href":"http:\/\/www.yoga-montpellier.org\/fr_FR\/wp-json\/wp\/v2\/pages\/1984\/revisions\/1986"}],"wp:attachment":[{"href":"http:\/\/www.yoga-montpellier.org\/fr_FR\/wp-json\/wp\/v2\/media?parent=1984"}],"curies":[{"name":"wp","href":"https:\/\/api.w.org\/{rel}","templated":true}]}}