{"id":1979,"date":"2020-02-24T17:44:21","date_gmt":"2020-02-24T16:44:21","guid":{"rendered":"http:\/\/www.yoga-montpellier.org\/?page_id=1979"},"modified":"2021-10-22T15:25:18","modified_gmt":"2021-10-22T14:25:18","slug":"index-alphabetique-bible-du-yoga-bks-iyengar","status":"publish","type":"page","link":"http:\/\/www.yoga-montpellier.org\/fr_FR\/index-alphabetique-bible-du-yoga-bks-iyengar\/","title":{"rendered":"Index alphab\u00e9tique des postures dans : \"La bible du yoga\", BKS. Iyengar."},"content":{"rendered":"<h1 style=\"text-align: center;\">Index alphab\u00e9tique des postures dans : \u00ab\u00a0La bible du yoga\u00a0\u00bb, BKS. Iyengar.<\/h1>\n<p><strong><br \/>\n<\/strong><strong>COLLECTION \u00ab\u00a0J&rsquo;AI LU\u00a0\u00bb, \u00a0ED. FLAMMARION.<\/strong><\/p>\n<p><a href=\"https:\/\/yogahappyfamilies.com\/fr\/inversions-2\/#adho\">Adho mukha \u015bv\u0101n\u0101sana : page 130<\/a><br \/>\nAdho Mukha Vrksasana : page 310<br \/>\nAkarna Dhanurasana : page 200<br \/>\nAnantasana : page 270<br \/>\nAnuloma Pranayama : page 487<br \/>\n<a href=\"https:\/\/yogahappyfamilies.com\/fr\/etirements-vers-lavant\/#ardhabaddhapadmapaschimottanasana\">Ardha Baddha Padma Pa<\/a><a href=\"https:\/\/yogahappyfamilies.com\/inversions\/#parsvottanasana\">\u015b<\/a><a href=\"https:\/\/yogahappyfamilies.com\/forwards-bends\/#ardhabaddhapadmapaschimottanasana\">chim<\/a><a href=\"https:\/\/yogahappyfamilies.com\/forwards-bends\/#trianghamukhaikapadapaschimottanasana\">\u00f5<\/a><a href=\"https:\/\/yogahappyfamilies.com\/fr\/etirements-vers-lavant\/#ardhabaddhapadmapaschimottanasana\">tt\u0101n\u0101sana: page 178<\/a><br \/>\nArdha Baddha Padmottanasana : page 116<br \/>\n<a href=\"https:\/\/yogahappyfamilies.com\/fr\/postures-debout\/#ardha\">Ardha chandr\u0101sana : 95<\/a><br \/>\nArdha Matsyendrasana I : page 281<br \/>\nArdha Matsyendrasana II : page 292<br \/>\nArdha Matsyendrasana III : page 294<br \/>\nArdha Navasana : page 133<br \/>\nAstavakrasana : page 299<\/p>\n<p><a href=\"https:\/\/yogahappyfamilies.com\/wp-content\/uploads\/2019\/10\/patanjali2.png\"><img loading=\"lazy\" decoding=\"async\" class=\"alignnone size-full wp-image-197\" src=\"https:\/\/yogahappyfamilies.com\/wp-content\/uploads\/2019\/10\/patanjali2.png\" alt=\"\" width=\"62\" height=\"80\" \/><\/a><br \/>\nBaddha Hasta Sirsasana : page 219<br \/>\n<a href=\"https:\/\/yogahappyfamilies.com\/fr\/postures-assises\/#bana\">Baddha Ko\u1e47\u0101sana : page 151<\/a><br \/>\nBaddha Padmasana : page 168<br \/>\nBakasana : page 339<br \/>\nBhairavasana : page 321<br \/>\nBhamari ( et non Bhamari ) Pranayama : page 478<br \/>\n<a href=\"https:\/\/yogahappyfamilies.com\/fr\/torsions\/#bhara1\">Bharadv\u0101j\u0101sana1 : page 274<\/a><br \/>\n<a href=\"https:\/\/yogahappyfamilies.com\/fr\/torsions\/#bhar2\">Bharadv\u0101j\u0101sana II : page 275<\/a><br \/>\nBhastrika Pranayama : page 476<br \/>\nBhekasana (ou Mandukasana) : page 150<br \/>\nBhujangasana l : page 128<br \/>\nBhujangasana ll : page 416<br \/>\nBhujapidasana : page 303<br \/>\nBuddhasana : page 319<\/p>\n<p><a href=\"https:\/\/yogahappyfamilies.com\/wp-content\/uploads\/2019\/10\/patanjali2.png\"><img loading=\"lazy\" decoding=\"async\" class=\"alignnone size-full wp-image-197\" src=\"https:\/\/yogahappyfamilies.com\/wp-content\/uploads\/2019\/10\/patanjali2.png\" alt=\"\" width=\"62\" height=\"80\" \/><\/a><\/p>\n<p>Cakorasana : page 322<br \/>\nCakra Bandhasana : page 401<br \/>\nCakrasana : page 265<br \/>\n<a href=\"https:\/\/yogahappyfamilies.com\/etirements-vers-larriere\/#chaturangadandasana\">Chatura\u1e45ga Da\u1e47\u1e0d\u0101sana : page 125<\/a><\/p>\n<p><a href=\"https:\/\/yogahappyfamilies.com\/wp-content\/uploads\/2019\/10\/patanjali2.png\"><img loading=\"lazy\" decoding=\"async\" class=\"alignnone size-full wp-image-197\" src=\"https:\/\/yogahappyfamilies.com\/wp-content\/uploads\/2019\/10\/patanjali2.png\" alt=\"\" width=\"62\" height=\"80\" \/><\/a><\/p>\n<p><a href=\"https:\/\/yogahappyfamilies.com\/fr\/postures-assises\/#dand\">Da\u1e47\u1e0d\u0101sana : page 132<\/a><br \/>\n<a href=\"https:\/\/yogahappyfamilies.com\/fr\/etirements-vers-larriere\/#dhanurasana\">Dhanur\u0101sana : page 123<\/a><br \/>\nDurvasasana : page 323<br \/>\nDvi Hasta Bhujasana : page 302<br \/>\nDvi Pada Koundinyasana : page 355<br \/>\nDvi Pada Sirsasana : page 331<br \/>\nDvi Pada Vipanta Dandasana : page 395<\/p>\n<p><a href=\"https:\/\/yogahappyfamilies.com\/wp-content\/uploads\/2019\/10\/patanjali2.png\"><img loading=\"lazy\" decoding=\"async\" class=\"alignnone size-full wp-image-197\" src=\"https:\/\/yogahappyfamilies.com\/wp-content\/uploads\/2019\/10\/patanjali2.png\" alt=\"\" width=\"62\" height=\"80\" \/><\/a><\/p>\n<p>Eka Hasta Bhujasana : page 301<br \/>\nEka Pada Bakasana I : page 360<br \/>\nEka Pada Bakasana II : page 362<br \/>\nEka Pada Galavasana : page 353<br \/>\nEka Pada Koundinyasana I : page 357<br \/>\nEka Pada Koundinyasana II : page 359<br \/>\nEka Pada Rajakapotasana l : page 412<br \/>\nEka Pada Rajakapotasana II : page 412<br \/>\nEka Pada Rajakapotasana III : page 414<br \/>\nEka Pada Rajakapotasana lV : page 415<br \/>\nEka Pada Sarvangasana : page 249<br \/>\nEka Pada Setu Bandha Sarvangasana (Eka Pada Uttana Mayurasana) : page 259<br \/>\nEka Pada Sirsasana : page 316<br \/>\nEka Pada Urdhva Dhanurasana : page 389<br \/>\nEka Pada Viparita Dandasana I : page 398<br \/>\nEka Pada Viparita Dandasana II : page 400<\/p>\n<p><a href=\"https:\/\/yogahappyfamilies.com\/wp-content\/uploads\/2019\/10\/patanjali2.png\"><img loading=\"lazy\" decoding=\"async\" class=\"alignnone size-full wp-image-197\" src=\"https:\/\/yogahappyfamilies.com\/wp-content\/uploads\/2019\/10\/patanjali2.png\" alt=\"\" width=\"62\" height=\"80\" \/><\/a><\/p>\n<p>Galavasana : page 350<br \/>\nGanda Bherundasana : page 432<br \/>\nGarbha Pindasana : page 166<br \/>\nGarudasana : page 118<br \/>\nGherandasana l : page 424<br \/>\nGherandasana II : page 426<br \/>\nGomukhasana : page 136<br \/>\nGoraksasana : page 166<\/p>\n<p><a href=\"https:\/\/yogahappyfamilies.com\/wp-content\/uploads\/2019\/10\/patanjali2.png\"><img loading=\"lazy\" decoding=\"async\" class=\"alignnone size-full wp-image-197\" src=\"https:\/\/yogahappyfamilies.com\/wp-content\/uploads\/2019\/10\/patanjali2.png\" alt=\"\" width=\"62\" height=\"80\" \/><\/a><\/p>\n<p><a href=\"https:\/\/yogahappyfamilies.com\/fr\/inversions-2\/#hala\">Hal\u0101sana : 244<\/a><br \/>\nHamsasana : page 307<br \/>\nHanumanasana : page 375<\/p>\n<p><a href=\"https:\/\/yogahappyfamilies.com\/wp-content\/uploads\/2019\/10\/patanjali2.png\"><img loading=\"lazy\" decoding=\"async\" class=\"alignnone size-full wp-image-197\" src=\"https:\/\/yogahappyfamilies.com\/wp-content\/uploads\/2019\/10\/patanjali2.png\" alt=\"\" width=\"62\" height=\"80\" \/><\/a><\/p>\n<p><a href=\"https:\/\/yogahappyfamilies.com\/fr\/etirements-vers-lavant\/#janusirsasana\">J\u0101nu \u015air\u1e63\u0101sana : page 173<\/a><br \/>\n<a href=\"https:\/\/yogahappyfamilies.com\/fr\/torsions\/#jath\">Ja\u1e6dhara Parivartan\u00e3sana : page 263<\/a><\/p>\n<p><a href=\"https:\/\/yogahappyfamilies.com\/wp-content\/uploads\/2019\/10\/patanjali2.png\"><img loading=\"lazy\" decoding=\"async\" class=\"alignnone size-full wp-image-197\" src=\"https:\/\/yogahappyfamilies.com\/wp-content\/uploads\/2019\/10\/patanjali2.png\" alt=\"\" width=\"62\" height=\"80\" \/><\/a><\/p>\n<p>Kala Bhairavasana : page 321<br \/>\nKandasana : page 372<br \/>\nKapalabhati Pranayama : page 477<br \/>\nKapilasana : page 320<br \/>\nKapinjalasana : page 428<br \/>\nKapotasana : page 390<br \/>\nKarnapidasana : page 246<br \/>\nKasyapasana : page 336<br \/>\nKrouncasana : page 183<br \/>\nKukkutasana : page 165<br \/>\nKurmasana : page 312<\/p>\n<p><a href=\"https:\/\/yogahappyfamilies.com\/wp-content\/uploads\/2019\/10\/patanjali2.png\"><img loading=\"lazy\" decoding=\"async\" class=\"alignnone size-full wp-image-197\" src=\"https:\/\/yogahappyfamilies.com\/wp-content\/uploads\/2019\/10\/patanjali2.png\" alt=\"\" width=\"62\" height=\"80\" \/><\/a><\/p>\n<p>Laghuvajrasana : page 393<br \/>\nLolasana : page 137<\/p>\n<p><a href=\"https:\/\/yogahappyfamilies.com\/wp-content\/uploads\/2019\/10\/patanjali2.png\"><img loading=\"lazy\" decoding=\"async\" class=\"alignnone size-full wp-image-197\" src=\"https:\/\/yogahappyfamilies.com\/wp-content\/uploads\/2019\/10\/patanjali2.png\" alt=\"\" width=\"62\" height=\"80\" \/><\/a><\/p>\n<p>Maha Mudra : page 171<br \/>\nMakarasana : page 123<br \/>\n<a href=\"https:\/\/yogahappyfamilies.com\/fr\/etirements-vers-lavant\/#malasana\">M\u0101l\u0101sana I : page 286<\/a><br \/>\nMalasana ll : page 288<br \/>\nMandalasana : page 403<br \/>\nMaricyasana l : page 184<br \/>\nMaricyasana ll : page 188<br \/>\n<a href=\"https:\/\/yogahappyfamilies.com\/fr\/torsions\/#mari\">Mar\u012bcy\u0101sana III : page 277<\/a><br \/>\nMaricyasana lV: page 280<br \/>\nMatsyasana : page 164<br \/>\nMayurasana : page 305<br \/>\nMukta Hasta Sirsasana : page 220<br \/>\nMulabhandasana : page 367<\/p>\n<p><a href=\"https:\/\/yogahappyfamilies.com\/wp-content\/uploads\/2019\/10\/patanjali2.png\"><img loading=\"lazy\" decoding=\"async\" class=\"size-full wp-image-197 alignnone\" src=\"https:\/\/yogahappyfamilies.com\/wp-content\/uploads\/2019\/10\/patanjali2.png\" alt=\"\" width=\"62\" height=\"80\" \/><\/a><\/p>\n<p>Nadi Sodhana Pranayama : page 205<br \/>\nNakrasana : page 126<br \/>\nNatarajasana : page 439<br \/>\nNauli : page 447<br \/>\nNiralamba Sarvangasana I : page 240<br \/>\nNiralamba Sarvangasana Il : page 241<\/p>\n<p><a href=\"https:\/\/yogahappyfamilies.com\/wp-content\/uploads\/2019\/10\/patanjali2.png\"><img loading=\"lazy\" decoding=\"async\" class=\"alignnone size-full wp-image-197\" src=\"https:\/\/yogahappyfamilies.com\/wp-content\/uploads\/2019\/10\/patanjali2.png\" alt=\"\" width=\"62\" height=\"80\" \/><\/a><\/p>\n<p>Padahastasana : page 110<br \/>\nPadangustha Dhanurasana : page 421<br \/>\nPadangusthasana : page 109<br \/>\nPadma Mayurasana : page 306<br \/>\n<a href=\"https:\/\/yogahappyfamilies.com\/fr\/postures-assises\/#padn\">Padm\u0101sana : page 153<\/a><br \/>\nParighasana : page 106<br \/>\nParipurna Matsyendrasana : page 295<br \/>\nParipurna Navasana : page 132<br \/>\nParivrtta Janu Sirsasana : page 177<br \/>\n<a href=\"https:\/\/yogahappyfamilies.com\/fr\/torsions\/#papa\">Pariv\u1e5btta P\u0101r\u015bvako\u1e47\u0101sana : page 88<\/a><br \/>\nParivrtta Paschimottanasana : page 195<br \/>\n<a href=\"https:\/\/yogahappyfamilies.com\/fr\/torsions\/#patri\">Pariv\u1e5btta Triko\u1e47\u0101sana : page 84<\/a><br \/>\nParivrttaikapada Sirsasana : page 224<br \/>\nParsva Bakasana : page 342<br \/>\nParsva Dhanurasana : page 125<br \/>\nParsva Halasana : page 247<br \/>\nParsva Kukkutasana : page 347<br \/>\nParsva Pindasana en Sarvangasana : page 259<br \/>\nParsva Sarvangasana : page 252<br \/>\nParsva Sirsasana : page 222<br \/>\nParsva Urdhva Padmasana en Sarvangasana : page 257<br \/>\nParsva Urdhva Padmasana en Sirsasana: page 229<br \/>\nParsvaika Pada Sarvangasana : page 250<br \/>\nParsvaika Pada Sirsasana : page 226<br \/>\n<a href=\"https:\/\/yogahappyfamilies.com\/fr\/inversions-2\/#parsv\">P\u0101r\u015bv\u014dtt\u0101n\u0101sana : page 100\u00a0<\/a><br \/>\nParvatasana : page 158<br \/>\nParyankasana : page 148<br \/>\n<a href=\"https:\/\/yogahappyfamilies.com\/fr\/etirements-vers-lavant\/#paschimottanasana\">Pa\u015bchim\u00f5tt\u0101n\u0101sana : page 193<\/a><\/p>\n<p>Pasasana : page 289<br \/>\nPinca Mayurasana : page 309<br \/>\nPindasana en Sarvangasana: page 229<br \/>\nPindasana en Sirsasana : page 230<br \/>\n<a href=\"https:\/\/yogahappyfamilies.com\/fr\/etirements-vers-lavant\/#prasaritapadottanasana\">Pras\u0101rita p\u0101dott\u0101n\u0101sana : page 103<\/a><br \/>\nPrasarita Padottanasana II : page 104<br \/>\nPratiloma Pranayama : page 488<br \/>\nPurvottanasana: page 198<\/p>\n<p><a href=\"https:\/\/yogahappyfamilies.com\/wp-content\/uploads\/2019\/10\/patanjali2.png\"><img loading=\"lazy\" decoding=\"async\" class=\"alignnone size-full wp-image-197\" src=\"https:\/\/yogahappyfamilies.com\/wp-content\/uploads\/2019\/10\/patanjali2.png\" alt=\"\" width=\"62\" height=\"80\" \/><\/a><\/p>\n<p>Rajakapotasana : page 418<br \/>\nRucikasana : page 324<\/p>\n<p><a href=\"https:\/\/yogahappyfamilies.com\/wp-content\/uploads\/2019\/10\/patanjali2.png\"><img loading=\"lazy\" decoding=\"async\" class=\"alignnone size-full wp-image-197\" src=\"https:\/\/yogahappyfamilies.com\/wp-content\/uploads\/2019\/10\/patanjali2.png\" alt=\"\" width=\"62\" height=\"80\" \/><\/a><\/p>\n<p>Sahita et Kevala Kumbhala Pranayama : page 491<br \/>\nSalabhasana : page 121<br \/>\n<a href=\"https:\/\/yogahappyfamilies.com\/fr\/inversions-2\/#sarva\">S\u0101lamba Sarv\u0101ng\u0101sana : page 233<\/a><br \/>\nSalamba Sarvangasana II : page 239<br \/>\n<a href=\"https:\/\/yogahappyfamilies.com\/fr\/inversions-2\/#salam\">S\u0101lamba \u015air\u1e63\u0101sana : page 207<\/a><br \/>\nSalamba Sirsasana II : page 192<br \/>\nSalamba Sirsasana III : page 217<br \/>\nSama Vrtti Pranayama : page 481<br \/>\nSamakonasana : page 378<br \/>\nSanmukhi Mudra : page 156<br \/>\nSayanasana : page 310<br \/>\n<a href=\"https:\/\/yogahappyfamilies.com\/fr\/postures-de-recuperation-2\/#sava\">\u015aav\u0101sana\/M\u1e5bt\u0101sana : page 442<\/a><br \/>\nSetu Bandha Sarvangasana (Uttana Mayurasana) : page 253<br \/>\nSetu Bandhasana : page 272<br \/>\n<a href=\"https:\/\/yogahappyfamilies.com\/fr\/postures-assises\/#sidd\">Siddh\u0101sana : page139<\/a><br \/>\nSimhasana I : page 160<br \/>\nSimhasana ll : page 162<br \/>\nSirsa Padasana : page 430<br \/>\nSitakari Pranayama : page 480<br \/>\nSitali Pranayama : page 478<br \/>\nSkandasana : page 318<br \/>\nSupta Bhekasana : page 366<br \/>\nSupta Konasana : page 247<br \/>\nSupta Kurmasana : page 314<br \/>\n<a href=\"https:\/\/yogahappyfamilies.com\/fr\/postures-de-recuperation-2\/#padan\">Supta P\u0101d\u0101<\/a><a href=\"https:\/\/yogahappyfamilies.com\/backbends\/#chaturangadandasana\">\u1e45<\/a><a href=\"https:\/\/yogahappyfamilies.com\/restorative-poses\/#suptapadangusthasana\">gu\u1e63\u1e6dh\u0101sana : page 267<\/a><br \/>\nSupta Trivikramasana : page 379<br \/>\nSupta Vajrasana : page 170<br \/>\n<a href=\"https:\/\/yogahappyfamilies.com\/fr\/postures-de-recuperation-2\/#vira\">Supta V\u012br\u0101sana : page 147<\/a><br \/>\nSurya Bhedana Pranayama : page 469<\/p>\n<p><a href=\"https:\/\/yogahappyfamilies.com\/wp-content\/uploads\/2019\/10\/patanjali2.png\"><img loading=\"lazy\" decoding=\"async\" class=\"alignnone size-full wp-image-197\" src=\"https:\/\/yogahappyfamilies.com\/wp-content\/uploads\/2019\/10\/patanjali2.png\" alt=\"\" width=\"62\" height=\"80\" \/><\/a><\/p>\n<p><a href=\"https:\/\/yogahappyfamilies.com\/fr\/postures-debout\/#tada\">T\u0101\u1e0d\u0101sana\/Samasthiti: page 81<\/a><br \/>\nTittbhasana : page 333<br \/>\nTolasana: page 159<br \/>\n<a href=\"https:\/\/yogahappyfamilies.com\/fr\/etirements-vers-lavant\/#trianghamukhaikapadapaschimottanasana\">Tria\u1e45g\u0101 Mukhaikap\u0101da Pa\u015bchim\u00f5tt\u0101n\u0101sana: page 180<\/a><br \/>\nTriang Mukhottanasana : page 437<\/p>\n<p><a href=\"https:\/\/yogahappyfamilies.com\/wp-content\/uploads\/2019\/10\/patanjali2.png\"><img loading=\"lazy\" decoding=\"async\" class=\"alignnone size-full wp-image-197\" src=\"https:\/\/yogahappyfamilies.com\/wp-content\/uploads\/2019\/10\/patanjali2.png\" alt=\"\" width=\"62\" height=\"80\" \/><\/a><\/p>\n<p>Ubhaya Padangusthasana : page 197<br \/>\nUddiyana Bandha : page 445<br \/>\nUjjayi Pranayama : page 466<br \/>\nUpavistha Konasana : page 189<br \/>\nUrdhva Dandasana : page 209<br \/>\n<a href=\"https:\/\/yogahappyfamilies.com\/fr\/etirements-vers-larriere\/#dhanurasana\">\u016ardhva dhanur\u0101sana : 381<\/a><br \/>\nUrdhva Dhanurasana ll : page 383<br \/>\nUrdhva Kukkutasana : page 344<br \/>\nUrdhva Mukha Paschimottanasana l : page 197<br \/>\nUrdhva Mukha Paschimottanasana lI : page 197<br \/>\n<a href=\"https:\/\/yogahappyfamilies.com\/fr\/etirements-vers-larriere\/#urdhvamukhasvanasana\">\u016ardhva Mukha \u015av\u0101n\u0101sana : page 129<\/a><br \/>\nUrdhva Padmasana en Sarvangasana : page 255<br \/>\nUrdhva Padmasana en Sirsasana : page 228<br \/>\nUrdhva Prasarita Ekapadasana : page 49<br \/>\n<a href=\"https:\/\/yogahappyfamilies.com\/fr\/postures-de-recuperation-2\/#prpa\">\u016ardhva pras\u0101rita p\u0101d\u0101sana : 264<\/a><br \/>\n<a href=\"https:\/\/yogahappyfamilies.com\/fr\/etirements-vers-larriere\/#ustrasana\">U\u1e63tr\u0101sana : page 107<\/a><br \/>\nUtkatasana : page 108<br \/>\nUttana Padasana : page 271<br \/>\nUttana Padma Mayurasana : page 267<br \/>\n<a href=\"https:\/\/yogahappyfamilies.com\/fr\/inversions-2\/#utta\">Uttan\u0101s\u0101na : page 112<\/a><br \/>\nUtthita Hasta Padangusthasana : page 97<br \/>\n<a href=\"https:\/\/yogahappyfamilies.com\/fr\/postures-debout\/#utth\">Utthita p\u0101r\u015bvako\u1e47\u0101sana : page 87<\/a><br \/>\n<a href=\"https:\/\/yogahappyfamilies.com\/fr\/postures-debout\/#trik\">Utthita triko\u1e47\u0101sana : page 84<\/a><\/p>\n<p><a href=\"https:\/\/yogahappyfamilies.com\/wp-content\/uploads\/2019\/10\/patanjali2.png\"><img loading=\"lazy\" decoding=\"async\" class=\"alignnone size-full wp-image-197\" src=\"https:\/\/yogahappyfamilies.com\/wp-content\/uploads\/2019\/10\/patanjali2.png\" alt=\"\" width=\"62\" height=\"80\" \/><\/a><br \/>\nValakhilyasana : page 411<br \/>\nVamadevasana I : page 370<br \/>\nVamadevasana ll : page 371<br \/>\nVasisthasana : page 334<br \/>\nVatayanasana : page 119<br \/>\nViloma Pranayama : page 484<br \/>\nViparita Cakrasana en U. Dh. : page 385<br \/>\nViparita Salabhasana : page 435<br \/>\n<a href=\"https:\/\/yogahappyfamilies.com\/fr\/postures-debout\/#vira1\">V\u00eerabhadr\u00e3sana I : page 91<\/a><br \/>\n<a href=\"https:\/\/yogahappyfamilies.com\/fr\/postures-debout\/#virabhadra2\">V\u00eerabhadr\u00e3sana\u00a0II : page 92<\/a><br \/>\nVirabhadrasana III : page 94<br \/>\nVirancyasana I : page 326<br \/>\nVirancyasana II : page 327<br \/>\n<a href=\"https:\/\/yogahappyfamilies.com\/fr\/postures-assises\/#virasa\">V\u012br\u0101sana : page 149<\/a><br \/>\nVisama Vrtti Pranayama : page 482<br \/>\nVisvamitrasana : page 337<br \/>\nVrschikasana l : page 406<br \/>\nVrschikasana II : page 407<\/p>\n<p><a href=\"https:\/\/yogahappyfamilies.com\/wp-content\/uploads\/2019\/10\/patanjali2.png\"><img loading=\"lazy\" decoding=\"async\" class=\"alignnone size-full wp-image-197\" src=\"https:\/\/yogahappyfamilies.com\/wp-content\/uploads\/2019\/10\/patanjali2.png\" alt=\"\" width=\"62\" height=\"80\" \/><\/a><br \/>\nYoga Mudrasana : page 169<br \/>\nYogadandasana : page 364<br \/>\nYoganidrasana : page 328<\/p>\n","protected":false},"excerpt":{"rendered":"<h1 style=\"text-align: center;\">Index alphab\u00e9tique des postures dans : \u00ab\u00a0La bible du yoga\u00a0\u00bb, BKS. Iyengar.<\/h1>\n<p><strong><br \/>\n<\/strong><strong>COLLECTION \u00ab\u00a0J&rsquo;AI LU\u00a0\u00bb, \u00a0ED. FLAMMARION.<\/strong><\/p>\n<p><a href=\"https:\/\/yogahappyfamilies.com\/fr\/inversions-2\/#adho\"...\n<\/p>\n","protected":false},"author":1,"featured_media":0,"parent":0,"menu_order":0,"comment_status":"closed","ping_status":"closed","template":"","meta":{"footnotes":""},"yoast_head":"<!-- This site is optimized with the Yoast SEO plugin v15.6.1 - https:\/\/yoast.com\/wordpress\/plugins\/seo\/ -->\n<meta name=\"robots\" content=\"index, follow, max-snippet:-1, max-image-preview:large, max-video-preview:-1\" \/>\n<link rel=\"canonical\" href=\"http:\/\/www.yoga-montpellier.org\/fr_FR\/index-alphabetique-bible-du-yoga-bks-iyengar\/\" \/>\n<meta property=\"og:locale\" content=\"fr_FR\" \/>\n<meta property=\"og:type\" content=\"article\" \/>\n<meta property=\"og:title\" content=\"Index alphab\u00e9tique des postures dans : &quot;La bible du yoga&quot;, BKS. Iyengar. - yoga montpellier iyengar\" \/>\n<meta property=\"og:description\" content=\"Index alphab\u00e9tique des postures dans : &quot;La bible du yoga&quot;, BKS. Iyengar.  COLLECTION &quot;J&#039;AI LU&quot;, \u00a0ED. FLAMMARION.\" \/>\n<meta property=\"og:url\" content=\"http:\/\/www.yoga-montpellier.org\/fr_FR\/index-alphabetique-bible-du-yoga-bks-iyengar\/\" \/>\n<meta property=\"og:site_name\" content=\"yoga montpellier iyengar\" \/>\n<meta property=\"article:publisher\" content=\"https:\/\/www.facebook.com\/SHAKTI-STUDIO-DE-YOGA-IYENGAR-118107854966229\/?fref=nf\" \/>\n<meta property=\"article:modified_time\" content=\"2021-10-22T14:25:18+00:00\" \/>\n<meta property=\"og:image\" content=\"https:\/\/yogahappyfamilies.com\/wp-content\/uploads\/2019\/10\/patanjali2.png\" \/>\n<meta name=\"twitter:card\" content=\"summary\" \/>\n<meta name=\"twitter:label1\" content=\"Dur\u00e9e de lecture est.\">\n\t<meta name=\"twitter:data1\" content=\"8 minutes\">\n<script type=\"application\/ld+json\" class=\"yoast-schema-graph\">{\"@context\":\"https:\/\/schema.org\",\"@graph\":[{\"@type\":\"WebSite\",\"@id\":\"http:\/\/www.yoga-montpellier.org\/fr_FR\/#website\",\"url\":\"http:\/\/www.yoga-montpellier.org\/fr_FR\/\",\"name\":\"yoga montpellier iyengar\",\"description\":\"\",\"potentialAction\":[{\"@type\":\"SearchAction\",\"target\":\"http:\/\/www.yoga-montpellier.org\/fr_FR\/?s={search_term_string}\",\"query-input\":\"required name=search_term_string\"}],\"inLanguage\":\"fr-FR\"},{\"@type\":\"ImageObject\",\"@id\":\"http:\/\/www.yoga-montpellier.org\/fr_FR\/index-alphabetique-bible-du-yoga-bks-iyengar\/#primaryimage\",\"inLanguage\":\"fr-FR\",\"url\":\"https:\/\/yogahappyfamilies.com\/wp-content\/uploads\/2019\/10\/patanjali2.png\"},{\"@type\":\"WebPage\",\"@id\":\"http:\/\/www.yoga-montpellier.org\/fr_FR\/index-alphabetique-bible-du-yoga-bks-iyengar\/#webpage\",\"url\":\"http:\/\/www.yoga-montpellier.org\/fr_FR\/index-alphabetique-bible-du-yoga-bks-iyengar\/\",\"name\":\"Index alphab\\u00e9tique des postures dans : \\\"La bible du yoga\\\", BKS. Iyengar. - yoga montpellier iyengar\",\"isPartOf\":{\"@id\":\"http:\/\/www.yoga-montpellier.org\/fr_FR\/#website\"},\"primaryImageOfPage\":{\"@id\":\"http:\/\/www.yoga-montpellier.org\/fr_FR\/index-alphabetique-bible-du-yoga-bks-iyengar\/#primaryimage\"},\"datePublished\":\"2020-02-24T16:44:21+00:00\",\"dateModified\":\"2021-10-22T14:25:18+00:00\",\"inLanguage\":\"fr-FR\",\"potentialAction\":[{\"@type\":\"ReadAction\",\"target\":[\"http:\/\/www.yoga-montpellier.org\/fr_FR\/index-alphabetique-bible-du-yoga-bks-iyengar\/\"]}]}]}<\/script>\n<!-- \/ Yoast SEO plugin. -->","_links":{"self":[{"href":"http:\/\/www.yoga-montpellier.org\/fr_FR\/wp-json\/wp\/v2\/pages\/1979"}],"collection":[{"href":"http:\/\/www.yoga-montpellier.org\/fr_FR\/wp-json\/wp\/v2\/pages"}],"about":[{"href":"http:\/\/www.yoga-montpellier.org\/fr_FR\/wp-json\/wp\/v2\/types\/page"}],"author":[{"embeddable":true,"href":"http:\/\/www.yoga-montpellier.org\/fr_FR\/wp-json\/wp\/v2\/users\/1"}],"replies":[{"embeddable":true,"href":"http:\/\/www.yoga-montpellier.org\/fr_FR\/wp-json\/wp\/v2\/comments?post=1979"}],"version-history":[{"count":3,"href":"http:\/\/www.yoga-montpellier.org\/fr_FR\/wp-json\/wp\/v2\/pages\/1979\/revisions"}],"predecessor-version":[{"id":2235,"href":"http:\/\/www.yoga-montpellier.org\/fr_FR\/wp-json\/wp\/v2\/pages\/1979\/revisions\/2235"}],"wp:attachment":[{"href":"http:\/\/www.yoga-montpellier.org\/fr_FR\/wp-json\/wp\/v2\/media?parent=1979"}],"curies":[{"name":"wp","href":"https:\/\/api.w.org\/{rel}","templated":true}]}}