{"id":19,"date":"2015-07-22T21:04:42","date_gmt":"2015-07-22T20:04:42","guid":{"rendered":"http:\/\/www.studio-yoga-shakti.fr\/?page_id=19"},"modified":"2024-10-13T18:58:58","modified_gmt":"2024-10-13T17:58:58","slug":"horaires","status":"publish","type":"page","link":"http:\/\/www.yoga-montpellier.org\/fr_FR\/horaires\/","title":{"rendered":"Horaires des cours"},"content":{"rendered":"<div style=\"text-align: center;\"><span style=\"font-size: 14pt;\"><b>Horaires 2023 \u2013 2024<\/b><\/span><\/div>\n<div style=\"text-align: center;\"><span style=\"font-size: 14pt;\"><b> \u00e0 partir du lundi 05 septembre 2023<\/b><\/span><\/div>\n<div><\/div>\n<p style=\"text-align: center;\"><strong><span style=\"font-size: 18pt; color: #339966;\"><span style=\"color: #800080; font-size: 14pt;\">LUNDI \/ Monday<\/span><br \/>\n<\/span>12h15\/13h45<\/strong> \/ G\u00e9n\u00e9ral <strong><br \/>\n18h00\/19h15<\/strong>\/ D\u00e9butant<\/p>\n<p style=\"text-align: center;\"><span style=\"font-size: 14pt; color: #800080;\"><strong>MARDI \/ Tuesday<\/strong><\/span><br \/>\n<strong>09h45 &#8211; 11h30 \/ <\/strong>G\u00e9n\u00e9ral<strong><br \/>\n12h25\/13h40 <\/strong>\/ D\u00e9butant<br \/>\n<strong>18h00 &#8211; 19h45<\/strong>\u00a0\/ G\u00e9n\u00e9ral<\/p>\n<p style=\"text-align: center;\"><strong><span style=\"font-size: 14pt; color: #800080;\">MERCREDI \/ wenesday<\/span><br \/>\n<\/strong><strong>12h25\/13h40 <\/strong>\/ D\u00e9butant<\/p>\n<p style=\"text-align: center;\"><span style=\"font-size: 18pt;\"><strong><span style=\"color: #800080; font-size: 14pt;\">JEUDI \/ thursday<\/span><\/strong><\/span><strong><br \/>\n12h25\/13h40 <\/strong>\/ G\u00e9n\u00e9ral<br \/>\n<strong>18h00 &#8211; 19h45<\/strong>\u00a0\/ G\u00e9n\u00e9ral<strong><br \/>\n<\/strong><\/p>\n<p style=\"text-align: center;\"><span style=\"font-size: 18pt; color: #339966;\"><strong><span style=\"color: #800080; font-size: 14pt;\">VENDREDI\/Wenesday<\/span><br \/>\n<\/strong><\/span><strong>09h45\/11h30\u00a0<\/strong>\/ G\u00e9n\u00e9ral<br \/>\n<strong>12h25 &#8211; 13h40 <\/strong>\/ D\u00e9butants &amp; Tous niveaux<br \/>\n<strong>18h15\/20h00\u00a0<\/strong>\/ D\u00e9tente<\/p>\n<p style=\"text-align: center;\"><span style=\"font-size: 18pt; color: #339966;\"><strong><span style=\"color: #800080; font-size: 14pt;\">SAMEDI\/Saturday<\/span><br \/>\n<\/strong><\/span><strong>09h45\/11h30<\/strong> \/ Tous niveaux<\/p>\n<div style=\"text-align: center;\">\n<p><strong>Lien Zoom unique pour acc\u00e8s \u00e0 tous les cours en direct\u00a0<\/strong><br \/>\n<a href=\"https:\/\/us02web.zoom.us\/j\/86025973530?pwd=S2RzVXpxc1RUbHNGRG5OUzRpZ0NKUT09\"><strong>\u00a0https:\/\/us02web.zoom.us\/j\/86025973530?pwd=S2RzVXpxc1RUbHNGRG5OUzRpZ0NKUT09<\/strong><\/a><\/p>\n<p><strong>&#8230; et par QR code&#8230;<\/strong><\/p>\n<p><a href=\"http:\/\/www.yoga-montpellier.org\/wp-content\/uploads\/2023\/09\/qr-code.png\"><img loading=\"lazy\" decoding=\"async\" class=\"alignnone wp-image-2253\" src=\"http:\/\/www.yoga-montpellier.org\/wp-content\/uploads\/2023\/09\/qr-code.png\" alt=\"\" width=\"241\" height=\"241\" srcset=\"http:\/\/www.yoga-montpellier.org\/wp-content\/uploads\/2023\/09\/qr-code.png 1148w, http:\/\/www.yoga-montpellier.org\/wp-content\/uploads\/2023\/09\/qr-code-300x300.png 300w, http:\/\/www.yoga-montpellier.org\/wp-content\/uploads\/2023\/09\/qr-code-1024x1024.png 1024w, http:\/\/www.yoga-montpellier.org\/wp-content\/uploads\/2023\/09\/qr-code-70x70.png 70w, http:\/\/www.yoga-montpellier.org\/wp-content\/uploads\/2023\/09\/qr-code-768x768.png 768w\" sizes=\"(max-width: 241px) 100vw, 241px\" \/><\/a><\/p>\n<p>&nbsp;<\/p>\n<p>&nbsp;<\/p>\n<p>&nbsp;<\/p>\n<\/div>\n<div style=\"text-align: center;\">\n<p>&nbsp;<\/p>\n<\/div>\n","protected":false},"excerpt":{"rendered":"<div style=\"text-align: center;\"><span style=\"font-size: 14pt;\"><b>Horaires 2023 \u2013 2024<\/b><\/span><\/div>\n<div style=\"text-align: center;\"><span style=\"font-size: 14pt;\"><b> \u00e0 partir du lundi 05 septembre 2023<\/b><\/span><\/div>\n<div><\/div>\n<p style=... \n\n","protected":false},"author":1,"featured_media":0,"parent":0,"menu_order":0,"comment_status":"closed","ping_status":"closed","template":"","meta":{"footnotes":""},"yoast_head":"<!-- This site is optimized with the Yoast SEO plugin v15.6.1 - https:\/\/yoast.com\/wordpress\/plugins\/seo\/ -->\n<meta name=\"description\" content=\"\u00c0 tout \u00e2ge, d\u00e9butants, \u00e9l\u00e8ves confirm\u00e9s, femmes enceintes peuvent faire du Yoga tous les jours au studio de Yoga \u00e0 Montpellier. Voici les horaires des cours\" \/>\n<meta name=\"robots\" content=\"index, follow, max-snippet:-1, max-image-preview:large, max-video-preview:-1\" \/>\n<link rel=\"canonical\" href=\"http:\/\/www.yoga-montpellier.org\/fr_FR\/horaires\/\" \/>\n<meta property=\"og:locale\" content=\"fr_FR\" \/>\n<meta property=\"og:type\" content=\"article\" \/>\n<meta property=\"og:title\" content=\"Horaires des cours du centre shakti, Yoga Montpellier.\" \/>\n<meta property=\"og:description\" content=\"\u00c0 tout \u00e2ge, d\u00e9butants, \u00e9l\u00e8ves confirm\u00e9s, femmes enceintes peuvent faire du Yoga tous les jours au studio de Yoga \u00e0 Montpellier. Voici les horaires des cours\" \/>\n<meta property=\"og:url\" content=\"http:\/\/www.yoga-montpellier.org\/fr_FR\/horaires\/\" \/>\n<meta property=\"og:site_name\" content=\"yoga montpellier iyengar\" \/>\n<meta property=\"article:publisher\" content=\"https:\/\/www.facebook.com\/SHAKTI-STUDIO-DE-YOGA-IYENGAR-118107854966229\/?fref=nf\" \/>\n<meta property=\"article:modified_time\" content=\"2024-10-13T17:58:58+00:00\" \/>\n<meta property=\"og:image\" content=\"http:\/\/www.yoga-montpellier.org\/wp-content\/uploads\/2023\/09\/qr-code.png\" \/>\n<meta name=\"twitter:card\" content=\"summary\" \/>\n<meta name=\"twitter:label1\" content=\"Dur\u00e9e de lecture est.\">\n\t<meta name=\"twitter:data1\" content=\"1 minute\">\n<script type=\"application\/ld+json\" class=\"yoast-schema-graph\">{\"@context\":\"https:\/\/schema.org\",\"@graph\":[{\"@type\":\"WebSite\",\"@id\":\"http:\/\/www.yoga-montpellier.org\/fr_FR\/#website\",\"url\":\"http:\/\/www.yoga-montpellier.org\/fr_FR\/\",\"name\":\"yoga montpellier iyengar\",\"description\":\"\",\"potentialAction\":[{\"@type\":\"SearchAction\",\"target\":\"http:\/\/www.yoga-montpellier.org\/fr_FR\/?s={search_term_string}\",\"query-input\":\"required name=search_term_string\"}],\"inLanguage\":\"fr-FR\"},{\"@type\":\"ImageObject\",\"@id\":\"http:\/\/www.yoga-montpellier.org\/fr_FR\/horaires\/#primaryimage\",\"inLanguage\":\"fr-FR\",\"url\":\"http:\/\/www.yoga-montpellier.org\/wp-content\/uploads\/2023\/09\/qr-code.png\",\"width\":1148,\"height\":1148,\"caption\":\"QR code acc\\u00e8s cours par Zoom\"},{\"@type\":\"WebPage\",\"@id\":\"http:\/\/www.yoga-montpellier.org\/fr_FR\/horaires\/#webpage\",\"url\":\"http:\/\/www.yoga-montpellier.org\/fr_FR\/horaires\/\",\"name\":\"Horaires des cours du centre shakti, Yoga Montpellier.\",\"isPartOf\":{\"@id\":\"http:\/\/www.yoga-montpellier.org\/fr_FR\/#website\"},\"primaryImageOfPage\":{\"@id\":\"http:\/\/www.yoga-montpellier.org\/fr_FR\/horaires\/#primaryimage\"},\"datePublished\":\"2015-07-22T20:04:42+00:00\",\"dateModified\":\"2024-10-13T17:58:58+00:00\",\"description\":\"\\u00c0 tout \\u00e2ge, d\\u00e9butants, \\u00e9l\\u00e8ves confirm\\u00e9s, femmes enceintes peuvent faire du Yoga tous les jours au studio de Yoga \\u00e0 Montpellier. Voici les horaires des cours\",\"inLanguage\":\"fr-FR\",\"potentialAction\":[{\"@type\":\"ReadAction\",\"target\":[\"http:\/\/www.yoga-montpellier.org\/fr_FR\/horaires\/\"]}]}]}<\/script>\n<!-- \/ Yoast SEO plugin. -->","_links":{"self":[{"href":"http:\/\/www.yoga-montpellier.org\/fr_FR\/wp-json\/wp\/v2\/pages\/19"}],"collection":[{"href":"http:\/\/www.yoga-montpellier.org\/fr_FR\/wp-json\/wp\/v2\/pages"}],"about":[{"href":"http:\/\/www.yoga-montpellier.org\/fr_FR\/wp-json\/wp\/v2\/types\/page"}],"author":[{"embeddable":true,"href":"http:\/\/www.yoga-montpellier.org\/fr_FR\/wp-json\/wp\/v2\/users\/1"}],"replies":[{"embeddable":true,"href":"http:\/\/www.yoga-montpellier.org\/fr_FR\/wp-json\/wp\/v2\/comments?post=19"}],"version-history":[{"count":115,"href":"http:\/\/www.yoga-montpellier.org\/fr_FR\/wp-json\/wp\/v2\/pages\/19\/revisions"}],"predecessor-version":[{"id":2300,"href":"http:\/\/www.yoga-montpellier.org\/fr_FR\/wp-json\/wp\/v2\/pages\/19\/revisions\/2300"}],"wp:attachment":[{"href":"http:\/\/www.yoga-montpellier.org\/fr_FR\/wp-json\/wp\/v2\/media?parent=19"}],"curies":[{"name":"wp","href":"https:\/\/api.w.org\/{rel}","templated":true}]}}