{"id":1474,"date":"2016-10-21T16:39:57","date_gmt":"2016-10-21T15:39:57","guid":{"rendered":"http:\/\/www.yoga-montpellier.org\/?page_id=1474"},"modified":"2024-10-13T19:07:03","modified_gmt":"2024-10-13T18:07:03","slug":"professeur","status":"publish","type":"page","link":"http:\/\/www.yoga-montpellier.org\/fr_FR\/professeur\/","title":{"rendered":"Professeur"},"content":{"rendered":"<p style=\"text-align: center;\"><strong> \u00a0 \u00a0 \u00a0 \u00a0<\/strong><\/p>\n<p style=\"text-align: center;\"><strong><span style=\"font-size: 18pt;\">Professeur de yoga au studio shakti montpellier<\/span><\/strong><\/p>\n<p><strong>\u00a0<\/strong><\/p>\n<figure id=\"attachment_1489\" aria-describedby=\"caption-attachment-1489\" style=\"width: 600px\" class=\"wp-caption aligncenter\"><a href=\"http:\/\/www.yoga-montpellier.org\/wp-content\/uploads\/2016\/10\/Jean-Marie-Perre-Guruji.jpg\"><img loading=\"lazy\" decoding=\"async\" class=\"wp-image-1489 size-full\" src=\"http:\/\/www.yoga-montpellier.org\/wp-content\/uploads\/2016\/10\/Jean-Marie-Perre-Guruji.jpg\" alt=\"professeur Jean Marie perre-BKS Iyengar\" width=\"600\" height=\"416\" srcset=\"http:\/\/www.yoga-montpellier.org\/wp-content\/uploads\/2016\/10\/Jean-Marie-Perre-Guruji.jpg 600w, http:\/\/www.yoga-montpellier.org\/wp-content\/uploads\/2016\/10\/Jean-Marie-Perre-Guruji-70x49.jpg 70w, http:\/\/www.yoga-montpellier.org\/wp-content\/uploads\/2016\/10\/Jean-Marie-Perre-Guruji-300x208.jpg 300w\" sizes=\"(max-width: 600px) 100vw, 600px\" \/><\/a><figcaption id=\"caption-attachment-1489\" class=\"wp-caption-text\">Jean-Marie Perre avec BKS Iyengar<\/figcaption><\/figure>\n<p>&nbsp;<\/p>\n<p><strong>Bonjour, je m\u2019appelle\u00a0\u00a0Jean-Marie Perre\u00a0<\/strong><\/p>\n<h2 style=\"text-align: justify;\"><span style=\"font-size: 12pt;\"><strong>Se dire professeur de Yoga est bien un anachronisme de notre monde moderne . Disons simplement que Je serais heureux de partager avec vous un d\u00e9but de chemin.<\/strong><\/span><\/h2>\n<p style=\"text-align: justify;\">1955\u00a0\u00a0\u00a0\u00a0&#8211; J\u2019ai vu le jour en 1955 en\u00a0\u00a0Afrique du nord sous le ciel d\u2019Alger la blanche,\u00a0J\u2019en ai gard\u00e9 une curiosit\u00e9 pour la diversit\u00e9 des cultures, des langues et des traditions, et je dois sans doute \u00e0 ma condition de fran\u00e7ais aux pieds noirs une sensibilit\u00e9 \u00e0 l\u2019appel de l\u2019Orient.<\/p>\n<p style=\"text-align: justify;\">Des exp\u00e9riences \u00e9nerg\u00e9tiques ont assez t\u00f4t aiguis\u00e9 ma curiosit\u00e9 pour les traditions du monde entier, me pousser vers les arts martiaux, et finalement vers le Yoga selon B.K.S Iyengar.<\/p>\n<p style=\"text-align: justify;\">Quelques jalons<\/p>\n<p style=\"text-align: justify;\"><strong>&#8211; De 1979 \u00e0 1993<\/strong> : Cr\u00e9ation de la librairie \u201cL\u2019oiseau de feu\u201d, librairie specialis\u00e9e en spiritualit\u00e9s et philosophies.<\/p>\n<p style=\"text-align: justify;\"><strong>&#8211; 1987 :\u00a0<\/strong>D\u00e9couverte du Yoga Iyengar, suivie d\u2019une formation d\u2019enseignant aupr\u00e8s de Faeq Biria.<\/p>\n<p style=\"text-align: justify;\"><strong>&#8211; 1992 :\u00a0<\/strong>Cr\u00e9ation \u00e0 Montpellier, France, de \u201c<a href=\"http:\/\/www.yoga-montpellier.org\/\">Shakti<\/a>\u201d, structure vou\u00e9e \u00e0 la pratique et \u00e0 l\u2019enseignement du Yoga.<\/p>\n<p style=\"text-align: justify;\"><strong>Je me rends depuis le plus r\u00e9guli\u00e8rement possible au RIMYI de Pune, Inde du sud, aupr\u00e8s de la famille Iyengar.<\/strong><\/p>\n<p>&nbsp;<\/p>\n","protected":false},"excerpt":{"rendered":"<p style=\"text-align: center;\"><strong> \u00a0 \u00a0 \u00a0 \u00a0<\/strong><\/p>\n<p style=\"text-align: center;\"><strong><span style=\"font-size: 18pt;\">Professeur de yoga au studio shakti montpellier<\/span><\/strong><\/p>\n<p><strong>\u00a0<\/strong><\/p>\n<p>[caption id=\u00a0\u00bbattachment_148&#8230;<\/p>\n","protected":false},"author":1,"featured_media":0,"parent":0,"menu_order":0,"comment_status":"closed","ping_status":"closed","template":"","meta":{"footnotes":""},"yoast_head":"<!-- This site is optimized with the Yoast SEO plugin v15.6.1 - https:\/\/yoast.com\/wordpress\/plugins\/seo\/ -->\n<meta name=\"description\" content=\"Se dire professeur de Yoga est bien un anachronisme de notre monde moderne . Disons que Je serais heureux de partager avec vous un d\u00e9but de chemin.\" \/>\n<meta name=\"robots\" content=\"index, follow, max-snippet:-1, max-image-preview:large, max-video-preview:-1\" \/>\n<link rel=\"canonical\" href=\"https:\/\/www.yoga-montpellier.org\/professeur\/\" \/>\n<meta property=\"og:locale\" content=\"fr_FR\" \/>\n<meta property=\"og:type\" content=\"article\" \/>\n<meta property=\"og:title\" content=\"Jean Marie Perre: professeur de yoga au studio shakti yoga montpellier\" \/>\n<meta property=\"og:description\" content=\"Se dire professeur de Yoga est bien un anachronisme de notre monde moderne . Disons que Je serais heureux de partager avec vous un d\u00e9but de chemin.\" \/>\n<meta property=\"og:url\" content=\"https:\/\/www.yoga-montpellier.org\/professeur\/\" \/>\n<meta property=\"og:site_name\" content=\"yoga montpellier iyengar\" \/>\n<meta property=\"article:publisher\" content=\"https:\/\/www.facebook.com\/SHAKTI-STUDIO-DE-YOGA-IYENGAR-118107854966229\/?fref=nf\" \/>\n<meta property=\"article:modified_time\" content=\"2024-10-13T18:07:03+00:00\" \/>\n<meta property=\"og:image\" content=\"http:\/\/www.yoga-montpellier.org\/wp-content\/uploads\/2016\/10\/Jean-Marie-Perre-Guruji.jpg\" \/>\n<meta name=\"twitter:card\" content=\"summary\" \/>\n<meta name=\"twitter:label1\" content=\"Dur\u00e9e de lecture est.\">\n\t<meta name=\"twitter:data1\" content=\"2 minutes\">\n<script type=\"application\/ld+json\" class=\"yoast-schema-graph\">{\"@context\":\"https:\/\/schema.org\",\"@graph\":[{\"@type\":\"WebSite\",\"@id\":\"http:\/\/www.yoga-montpellier.org\/fr_FR\/#website\",\"url\":\"http:\/\/www.yoga-montpellier.org\/fr_FR\/\",\"name\":\"yoga montpellier iyengar\",\"description\":\"\",\"potentialAction\":[{\"@type\":\"SearchAction\",\"target\":\"http:\/\/www.yoga-montpellier.org\/fr_FR\/?s={search_term_string}\",\"query-input\":\"required name=search_term_string\"}],\"inLanguage\":\"fr-FR\"},{\"@type\":\"ImageObject\",\"@id\":\"https:\/\/www.yoga-montpellier.org\/professeur\/#primaryimage\",\"inLanguage\":\"fr-FR\",\"url\":\"http:\/\/www.yoga-montpellier.org\/wp-content\/uploads\/2016\/10\/Jean-Marie-Perre-Guruji.jpg\",\"width\":600,\"height\":416,\"caption\":\"professeur Jean Marie perre-BKS Iyengar\"},{\"@type\":\"WebPage\",\"@id\":\"https:\/\/www.yoga-montpellier.org\/professeur\/#webpage\",\"url\":\"https:\/\/www.yoga-montpellier.org\/professeur\/\",\"name\":\"Jean Marie Perre: professeur de yoga au studio shakti yoga montpellier\",\"isPartOf\":{\"@id\":\"http:\/\/www.yoga-montpellier.org\/fr_FR\/#website\"},\"primaryImageOfPage\":{\"@id\":\"https:\/\/www.yoga-montpellier.org\/professeur\/#primaryimage\"},\"datePublished\":\"2016-10-21T15:39:57+00:00\",\"dateModified\":\"2024-10-13T18:07:03+00:00\",\"description\":\"Se dire professeur de Yoga est bien un anachronisme de notre monde moderne . Disons que Je serais heureux de partager avec vous un d\\u00e9but de chemin.\",\"inLanguage\":\"fr-FR\",\"potentialAction\":[{\"@type\":\"ReadAction\",\"target\":[\"https:\/\/www.yoga-montpellier.org\/professeur\/\"]}]}]}<\/script>\n<!-- \/ Yoast SEO plugin. -->","_links":{"self":[{"href":"http:\/\/www.yoga-montpellier.org\/fr_FR\/wp-json\/wp\/v2\/pages\/1474"}],"collection":[{"href":"http:\/\/www.yoga-montpellier.org\/fr_FR\/wp-json\/wp\/v2\/pages"}],"about":[{"href":"http:\/\/www.yoga-montpellier.org\/fr_FR\/wp-json\/wp\/v2\/types\/page"}],"author":[{"embeddable":true,"href":"http:\/\/www.yoga-montpellier.org\/fr_FR\/wp-json\/wp\/v2\/users\/1"}],"replies":[{"embeddable":true,"href":"http:\/\/www.yoga-montpellier.org\/fr_FR\/wp-json\/wp\/v2\/comments?post=1474"}],"version-history":[{"count":11,"href":"http:\/\/www.yoga-montpellier.org\/fr_FR\/wp-json\/wp\/v2\/pages\/1474\/revisions"}],"predecessor-version":[{"id":2305,"href":"http:\/\/www.yoga-montpellier.org\/fr_FR\/wp-json\/wp\/v2\/pages\/1474\/revisions\/2305"}],"wp:attachment":[{"href":"http:\/\/www.yoga-montpellier.org\/fr_FR\/wp-json\/wp\/v2\/media?parent=1474"}],"curies":[{"name":"wp","href":"https:\/\/api.w.org\/{rel}","templated":true}]}}