{"id":14,"date":"2015-07-22T20:36:59","date_gmt":"2015-07-22T19:36:59","guid":{"rendered":"http:\/\/www.studio-yoga-shakti.fr\/?page_id=14"},"modified":"2016-10-11T16:21:05","modified_gmt":"2016-10-11T15:21:05","slug":"contact","status":"publish","type":"page","link":"http:\/\/www.yoga-montpellier.org\/fr_FR\/contact\/","title":{"rendered":"Shakti : Contact"},"content":{"rendered":"<h1><span style=\"font-size: 18pt;\">Contact Yoga Iyengar \u00e0 Montpellier\u00a0<\/span><\/h1>\n<p style=\"text-align: left;\"><a href=\"http:\/\/www.studio-yoga-shakti.fr\/wp-content\/uploads\/2015\/11\/eddie-jeanmarie-contact.jpg\"><img loading=\"lazy\" decoding=\"async\" class=\"alignnone wp-image-564 size-medium\" src=\"http:\/\/www.studio-yoga-shakti.fr\/wp-content\/uploads\/2015\/11\/eddie-jeanmarie-contact-300x207.jpg\" alt=\"contact Yoga Iyengar Shakti \u00e0 Montpellier\" width=\"300\" height=\"207\" srcset=\"http:\/\/www.yoga-montpellier.org\/wp-content\/uploads\/2015\/11\/eddie-jeanmarie-contact-300x207.jpg 300w, http:\/\/www.yoga-montpellier.org\/wp-content\/uploads\/2015\/11\/eddie-jeanmarie-contact-70x48.jpg 70w, http:\/\/www.yoga-montpellier.org\/wp-content\/uploads\/2015\/11\/eddie-jeanmarie-contact.jpg 800w\" sizes=\"(max-width: 300px) 100vw, 300px\" \/><\/a><br \/>\n<span style=\"font-size: 14pt;\">Shakti r\u00e9pondra \u00e0 votre demande.<\/span><\/p>\n<div role=\"form\" class=\"wpcf7\" id=\"wpcf7-f13-o1\" lang=\"fr-FR\" dir=\"ltr\">\n<div class=\"screen-reader-response\"><p role=\"status\" aria-live=\"polite\" aria-atomic=\"true\"><\/p> <ul><\/ul><\/div>\n<form action=\"\/fr_FR\/wp-json\/wp\/v2\/pages\/14#wpcf7-f13-o1\" method=\"post\" class=\"wpcf7-form init\" novalidate=\"novalidate\" data-status=\"init\">\n<div style=\"display: none;\">\n<input type=\"hidden\" name=\"_wpcf7\" value=\"13\" \/>\n<input type=\"hidden\" name=\"_wpcf7_version\" value=\"5.3.2\" \/>\n<input type=\"hidden\" name=\"_wpcf7_locale\" value=\"fr_FR\" \/>\n<input type=\"hidden\" name=\"_wpcf7_unit_tag\" value=\"wpcf7-f13-o1\" \/>\n<input type=\"hidden\" name=\"_wpcf7_container_post\" value=\"0\" \/>\n<input type=\"hidden\" name=\"_wpcf7_posted_data_hash\" value=\"\" \/>\n<\/div>\n<p>Votre nom (n\u00e9cessaire)<br \/>\n    <span class=\"wpcf7-form-control-wrap your-name\"><input type=\"text\" name=\"your-name\" value=\"\" size=\"40\" class=\"wpcf7-form-control wpcf7-text wpcf7-validates-as-required\" aria-required=\"true\" aria-invalid=\"false\" \/><\/span> <\/p>\n<p>Votre email (n\u00e9cessaire)<br \/>\n    <span class=\"wpcf7-form-control-wrap your-email\"><input type=\"email\" name=\"your-email\" value=\"\" size=\"40\" class=\"wpcf7-form-control wpcf7-text wpcf7-email wpcf7-validates-as-required wpcf7-validates-as-email\" aria-required=\"true\" aria-invalid=\"false\" \/><\/span> <\/p>\n<p>Sujet<br \/>\n    <span class=\"wpcf7-form-control-wrap your-subject\"><input type=\"text\" name=\"your-subject\" value=\"\" size=\"40\" class=\"wpcf7-form-control wpcf7-text\" aria-invalid=\"false\" \/><\/span> <\/p>\n<p>Votre message<br \/>\n    <span class=\"wpcf7-form-control-wrap your-message\"><textarea name=\"your-message\" cols=\"40\" rows=\"10\" class=\"wpcf7-form-control wpcf7-textarea\" aria-invalid=\"false\"><\/textarea><\/span> <\/p>\n<p><input type=\"submit\" value=\"Envoyer\" class=\"wpcf7-form-control wpcf7-submit\" \/><\/p>\n<div class=\"wpcf7-response-output\" aria-hidden=\"true\"><\/div><\/form><\/div>\n","protected":false},"excerpt":{"rendered":"<h1><span style=\"font-size: 18pt;\">Contact Yoga Iyengar \u00e0 Montpellier\u00a0<\/span><\/h1>\n<p style=\"text-align: left;\"><a href=\"http:\/\/www.studio-yoga-shakti.fr\/wp-content\/uploads\/2015\/11\/eddie-jeanmarie-contact.jpg\"><img class=\"alignnone wp-image-564 size...\n<\/p>\n","protected":false},"author":1,"featured_media":0,"parent":0,"menu_order":0,"comment_status":"closed","ping_status":"closed","template":"","meta":{"footnotes":""},"yoast_head":"<!-- This site is optimized with the Yoast SEO plugin v15.6.1 - https:\/\/yoast.com\/wordpress\/plugins\/seo\/ -->\n<meta name=\"description\" content=\"Pour contacter le studio de Yoga Iyengar Shakti \u00e0 Montpellier, remplissez le formulaire, nous r\u00e9pondrons \u00e0 toutes vos questions.\" \/>\n<meta name=\"robots\" content=\"index, follow, max-snippet:-1, max-image-preview:large, max-video-preview:-1\" \/>\n<link rel=\"canonical\" href=\"http:\/\/www.yoga-montpellier.org\/fr_FR\/contact\/\" \/>\n<meta property=\"og:locale\" content=\"fr_FR\" \/>\n<meta property=\"og:type\" content=\"article\" \/>\n<meta property=\"og:title\" content=\"Contact yoga Montpellier- Studio Iyengar Shakti - Formulaire\" \/>\n<meta property=\"og:description\" content=\"Pour contacter le studio de Yoga Iyengar Shakti \u00e0 Montpellier, remplissez le formulaire, nous r\u00e9pondrons \u00e0 toutes vos questions.\" \/>\n<meta property=\"og:url\" content=\"http:\/\/www.yoga-montpellier.org\/fr_FR\/contact\/\" \/>\n<meta property=\"og:site_name\" content=\"yoga montpellier iyengar\" \/>\n<meta property=\"article:publisher\" content=\"https:\/\/www.facebook.com\/SHAKTI-STUDIO-DE-YOGA-IYENGAR-118107854966229\/?fref=nf\" \/>\n<meta property=\"article:modified_time\" content=\"2016-10-11T15:21:05+00:00\" \/>\n<meta property=\"og:image\" content=\"http:\/\/www.studio-yoga-shakti.fr\/wp-content\/uploads\/2015\/11\/eddie-jeanmarie-contact-300x207.jpg\" \/>\n<meta name=\"twitter:card\" content=\"summary\" \/>\n<script type=\"application\/ld+json\" class=\"yoast-schema-graph\">{\"@context\":\"https:\/\/schema.org\",\"@graph\":[{\"@type\":\"WebSite\",\"@id\":\"http:\/\/www.yoga-montpellier.org\/fr_FR\/#website\",\"url\":\"http:\/\/www.yoga-montpellier.org\/fr_FR\/\",\"name\":\"yoga montpellier iyengar\",\"description\":\"\",\"potentialAction\":[{\"@type\":\"SearchAction\",\"target\":\"http:\/\/www.yoga-montpellier.org\/fr_FR\/?s={search_term_string}\",\"query-input\":\"required name=search_term_string\"}],\"inLanguage\":\"fr-FR\"},{\"@type\":\"ImageObject\",\"@id\":\"http:\/\/www.yoga-montpellier.org\/fr_FR\/contact\/#primaryimage\",\"inLanguage\":\"fr-FR\",\"url\":\"http:\/\/www.studio-yoga-shakti.fr\/wp-content\/uploads\/2015\/11\/eddie-jeanmarie-contact-300x207.jpg\"},{\"@type\":\"WebPage\",\"@id\":\"http:\/\/www.yoga-montpellier.org\/fr_FR\/contact\/#webpage\",\"url\":\"http:\/\/www.yoga-montpellier.org\/fr_FR\/contact\/\",\"name\":\"Contact yoga Montpellier- Studio Iyengar Shakti - Formulaire\",\"isPartOf\":{\"@id\":\"http:\/\/www.yoga-montpellier.org\/fr_FR\/#website\"},\"primaryImageOfPage\":{\"@id\":\"http:\/\/www.yoga-montpellier.org\/fr_FR\/contact\/#primaryimage\"},\"datePublished\":\"2015-07-22T19:36:59+00:00\",\"dateModified\":\"2016-10-11T15:21:05+00:00\",\"description\":\"Pour contacter le studio de Yoga Iyengar Shakti \\u00e0 Montpellier, remplissez le formulaire, nous r\\u00e9pondrons \\u00e0 toutes vos questions.\",\"inLanguage\":\"fr-FR\",\"potentialAction\":[{\"@type\":\"ReadAction\",\"target\":[\"http:\/\/www.yoga-montpellier.org\/fr_FR\/contact\/\"]}]}]}<\/script>\n<!-- \/ Yoast SEO plugin. -->","_links":{"self":[{"href":"http:\/\/www.yoga-montpellier.org\/fr_FR\/wp-json\/wp\/v2\/pages\/14"}],"collection":[{"href":"http:\/\/www.yoga-montpellier.org\/fr_FR\/wp-json\/wp\/v2\/pages"}],"about":[{"href":"http:\/\/www.yoga-montpellier.org\/fr_FR\/wp-json\/wp\/v2\/types\/page"}],"author":[{"embeddable":true,"href":"http:\/\/www.yoga-montpellier.org\/fr_FR\/wp-json\/wp\/v2\/users\/1"}],"replies":[{"embeddable":true,"href":"http:\/\/www.yoga-montpellier.org\/fr_FR\/wp-json\/wp\/v2\/comments?post=14"}],"version-history":[{"count":9,"href":"http:\/\/www.yoga-montpellier.org\/fr_FR\/wp-json\/wp\/v2\/pages\/14\/revisions"}],"predecessor-version":[{"id":1382,"href":"http:\/\/www.yoga-montpellier.org\/fr_FR\/wp-json\/wp\/v2\/pages\/14\/revisions\/1382"}],"wp:attachment":[{"href":"http:\/\/www.yoga-montpellier.org\/fr_FR\/wp-json\/wp\/v2\/media?parent=14"}],"curies":[{"name":"wp","href":"https:\/\/api.w.org\/{rel}","templated":true}]}}